{"id":558,"date":"2023-05-24T19:28:22","date_gmt":"2023-05-24T17:28:22","guid":{"rendered":"https:\/\/conssanpaolo.esteri.it\/?page_id=558"},"modified":"2025-01-28T09:13:27","modified_gmt":"2025-01-28T12:13:27","slug":"divorcio","status":"publish","type":"page","link":"https:\/\/conssanpaolo.esteri.it\/pt\/servizi-consolari-e-visti\/servizi-per-il-cittadino-italiano\/stato-civile\/divorcio\/","title":{"rendered":"Div\u00f3rcio"},"content":{"rendered":"<p>As\u00a0<strong>senten\u00e7as de div\u00f3rcio<\/strong>\u00a0devem ser apresentadas ao Consulado italiano de atual inscri\u00e7\u00e3o do interessado. Caso seja um processo\u00a0feito\u00a0em outro pa\u00eds, \u00e9 necess\u00e1rio seguir\u00a0as instru\u00e7\u00f5es do site da Representa\u00e7\u00e3o Diplom\u00e1tica\/Consular italiana do pa\u00eds onde a senten\u00e7a foi emitida para preparar corretamente a documenta\u00e7\u00e3o.<\/p>\n<p style=\"text-align: justify;\">As <strong>senten\u00e7as de separa\u00e7\u00e3o<\/strong>, n\u00e3o envolvendo mudan\u00e7as no status civil, <strong>n\u00e3o precisam ser apresentadas<\/strong>; se ap\u00f3s a senten\u00e7a de separa\u00e7\u00e3o ocorreu uma <strong>senten\u00e7a de convers\u00e3o de separa\u00e7\u00e3o em div\u00f3rcio<\/strong>, \u00e9 necess\u00e1rio apresentar somente esta \u00faltima, seguindo as instru\u00e7\u00f5es abaixo.<\/p>\n<p style=\"text-align: justify;\"><strong>As averba\u00e7\u00f5es de div\u00f3rcio <\/strong>nas certid\u00f5es de casamento<strong> n\u00e3o<\/strong><strong> podem ser utilizadas<\/strong> para registrar um div\u00f3rcio na It\u00e1lia: \u00e9 sempre necess\u00e1rio apresentar a documenta\u00e7\u00e3o completa, seguindo as instru\u00e7\u00f5es abaixo.<\/p>\n<p style=\"text-align: justify;\">Para registrar um <strong>div\u00f3rcio<\/strong> <strong>ocorrido\u00a0no Brasil<\/strong> os <strong>italianos residentes nesta circunscri\u00e7\u00e3o consular<\/strong> e <strong>regularmente inscritos no AIRE<\/strong> devem <strong>enviar<\/strong> <strong>pelo Correios com A\/R<\/strong> ao endere\u00e7o <em>A\/C Ufficio Stato Civile, Consolato Generale d\u2019Italia in San Paolo, Avenida Paulista 1963, 01311-300 Sao Paulo (SP)<\/em> a seguinte documenta\u00e7\u00e3o:<\/p>\n<ul>\n<li style=\"text-align: justify;\"><a href=\"https:\/\/conssanpaolo.esteri.it\/pt\/servizi-consolari-e-visti\/servizi-per-il-cittadino-italiano\/stato-civile\/divorcio\/divorcio-tramitado-em-tribunal-de-justica\/\"><strong>div\u00f3rcio tramitado em tribunal de justi\u00e7a\u00a0<\/strong><\/a><\/li>\n<li style=\"text-align: justify;\"><a href=\"https:\/\/conssanpaolo.esteri.it\/pt\/servizi-consolari-e-visti\/servizi-per-il-cittadino-italiano\/stato-civile\/divorcio\/divorcio-em-cartorio-tabelionato-de-notas\/\"><strong>div\u00f3rcio em cart\u00f3rio\/tabelionato de notas<\/strong><\/a><\/li>\n<\/ul>\n","protected":false},"excerpt":{"rendered":"As\u00a0senten\u00e7as de div\u00f3rcio\u00a0devem ser apresentadas ao Consulado italiano de atual inscri\u00e7\u00e3o do interessado. Caso seja um processo\u00a0feito\u00a0em outro pa\u00eds, \u00e9 necess\u00e1rio seguir\u00a0as instru\u00e7\u00f5es do site da Representa\u00e7\u00e3o Diplom\u00e1tica\/Consular italiana do pa\u00eds onde a senten\u00e7a foi emitida para preparar corretamente a documenta\u00e7\u00e3o. As senten\u00e7as de separa\u00e7\u00e3o, n\u00e3o envolvendo mudan\u00e7as no status civil, n\u00e3o precisam ser apresentadas; [&hellip;]","protected":false},"author":5,"featured_media":0,"parent":188,"menu_order":3,"comment_status":"closed","ping_status":"closed","template":"","meta":{"footnotes":""},"class_list":["post-558","page","type-page","status-publish","hentry"],"_links":{"self":[{"href":"https:\/\/conssanpaolo.esteri.it\/pt\/wp-json\/wp\/v2\/pages\/558","targetHints":{"allow":["GET"]}}],"collection":[{"href":"https:\/\/conssanpaolo.esteri.it\/pt\/wp-json\/wp\/v2\/pages"}],"about":[{"href":"https:\/\/conssanpaolo.esteri.it\/pt\/wp-json\/wp\/v2\/types\/page"}],"author":[{"embeddable":true,"href":"https:\/\/conssanpaolo.esteri.it\/pt\/wp-json\/wp\/v2\/users\/5"}],"replies":[{"embeddable":true,"href":"https:\/\/conssanpaolo.esteri.it\/pt\/wp-json\/wp\/v2\/comments?post=558"}],"version-history":[{"count":6,"href":"https:\/\/conssanpaolo.esteri.it\/pt\/wp-json\/wp\/v2\/pages\/558\/revisions"}],"predecessor-version":[{"id":6371,"href":"https:\/\/conssanpaolo.esteri.it\/pt\/wp-json\/wp\/v2\/pages\/558\/revisions\/6371"}],"up":[{"embeddable":true,"href":"https:\/\/conssanpaolo.esteri.it\/pt\/wp-json\/wp\/v2\/pages\/188"}],"wp:attachment":[{"href":"https:\/\/conssanpaolo.esteri.it\/pt\/wp-json\/wp\/v2\/media?parent=558"}],"curies":[{"name":"wp","href":"https:\/\/api.w.org\/{rel}","templated":true}]}}