{"id":5201,"date":"2024-07-11T15:08:23","date_gmt":"2024-07-11T18:08:23","guid":{"rendered":""},"modified":"2024-07-11T15:08:23","modified_gmt":"2024-07-11T18:08:23","slug":"divorcio","status":"publish","type":"page","link":"https:\/\/conssanpaolo.esteri.it\/pt\/amministrazione-trasparente\/avvisi-e-comunicazioni\/6247-2\/documentacao-relativa-aos-requerentes\/divorcio\/","title":{"rendered":"Div\u00f3rcio"},"content":{"rendered":"<p style=\"text-align: justify;\">Caso os requerentes sejam divorciados, a documenta\u00e7\u00e3o de div\u00f3rcio dever\u00e1 ser entregue no dia agendado conforme as instru\u00e7\u00f5es a seguir.<\/p>\n<p style=\"text-align: justify;\">Lembramos que as <strong>senten\u00e7as de separa\u00e7\u00e3o<\/strong>, n\u00e3o envolvendo mudan\u00e7as no status civil,\u00a0<strong>n\u00e3o precisam ser apresentadas<\/strong>; se ap\u00f3s a senten\u00e7a de separa\u00e7\u00e3o ocorreu uma\u00a0<strong>senten\u00e7a de convers\u00e3o de separa\u00e7\u00e3o em div\u00f3rcio<\/strong>, \u00e9 necess\u00e1rio apresentar somente esta \u00faltima, seguindo as instru\u00e7\u00f5es abaixo.<\/p>\n<p style=\"text-align: justify;\"><strong>As averba\u00e7\u00f5es de div\u00f3rcio\u00a0<\/strong>nas certid\u00f5es de casamento<strong>\u00a0n\u00e3o<\/strong><strong>\u00a0podem ser utilizadas<\/strong>\u00a0para registrar um div\u00f3rcio na It\u00e1lia: \u00e9 sempre necess\u00e1rio apresentar a documenta\u00e7\u00e3o completa, seguindo as instru\u00e7\u00f5es abaixo.<\/p>\n<p style=\"text-align: justify;\">\n<p style=\"text-align: justify;\"><strong><span style=\"color: #ff0000;\">Div\u00f3rcio tramitado em tribunal de justi\u00e7a<\/span><\/strong><\/p>\n<p style=\"text-align: justify;\">Dever\u00e3o ser apresentadas as seguintes partes do processo de div\u00f3rcio:<\/p>\n<p style=\"text-align: justify;\">\n<p style=\"text-align: justify; padding-left: 40px;\">a)\u00a0<strong>Peti\u00e7\u00e3o inicial<\/strong>,<\/p>\n<p style=\"text-align: justify; padding-left: 40px;\">b)\u00a0<strong>Ata de Instru\u00e7\u00e3o<\/strong>\u00a0<strong>e Julgamento<\/strong>,<\/p>\n<p style=\"text-align: justify; padding-left: 40px;\">c)\u00a0<strong>Senten\u00e7a<\/strong>,<\/p>\n<p style=\"text-align: justify; padding-left: 40px;\">d)\u00a0<strong>tr\u00e2nsito em julgado<\/strong>\u00a0(trata-se geralmente de um carimbo nas \u00faltimas p\u00e1ginas do processo);<\/p>\n<p style=\"text-align: justify; padding-left: 40px;\">ATEN\u00c7\u00c3O: todas as\u00a0<strong>c\u00f3pias<\/strong>\u00a0devem conter, em cada p\u00e1gina, a men\u00e7\u00e3o \u201c<em>c\u00f3pia extra\u00edda do Tribunal de Justi\u00e7a de\u2026<\/em>\u201d ou o carimbo original de autentica\u00e7\u00e3o do pr\u00f3prio Tribunal; \u00e9 poss\u00edvel colocar uma s\u00f3 Apostila com os dizeres\u00a0<em>\u201cautos do processo\u201d <\/em>na c\u00f3pia do processo e uma s\u00f3 Apostila na \u00faltima p\u00e1gina da tradu\u00e7\u00e3o juramentada.<\/p>\n<p><b>Referidas pe\u00e7as dever\u00e3o ter<\/b>\u00a0<strong>tradu\u00e7\u00e3o juramentada para o italiano,<\/strong>\u00a0tamb\u00e9m com<strong>\u00a0<\/strong><strong>Apostila<\/strong>;<\/p>\n<p>al\u00e9m dos seguintes documentos:<\/p>\n<p style=\"text-align: justify;\">\u2013\u00a0<strong>Certid\u00e3o de <em>Objeto e p\u00e9<\/em><\/strong>\u00a0com\u00a0<strong>Apostila<\/strong>\u00a0e\u00a0<strong>tradu\u00e7\u00e3o juramentada para o italiano<\/strong>\u00a0tamb\u00e9m com<strong>\u00a0<\/strong><strong>Apostila;<\/strong><\/p>\n<p style=\"text-align: justify;\">\u2013 formul\u00e1rio\u00a0<a href=\"https:\/\/conssanpaolo.esteri.it\/wp-content\/uploads\/2023\/09\/8-Dich.-Sost.-Atto-Notorio-Divorzio-giudiziale.pdf\"><strong><em>Dichiarazione sostitutiva di Atto Notorio \u2013 Divorzio giudiziale<\/em><\/strong><\/a> preenchido e assinado pelo cidad\u00e3o italiano;<\/p>\n<p style=\"text-align: justify;\">\n<p style=\"text-align: justify;\"><strong><span style=\"color: #ff0000;\">Div\u00f3rcio em cart\u00f3rio\/tabelionato de notas<\/span><\/strong><\/p>\n<p style=\"text-align: justify;\">\u2013\u00a0<strong>segunda via original<\/strong>\u00a0da\u00a0<strong><em>Escritura de Div\u00f3rcio Direto Consensual<\/em><\/strong>\u00a0com\u00a0<strong>Apostila<\/strong>\u00a0e\u00a0<strong>tradu\u00e7\u00e3o juramentada para o italiano<\/strong>, tamb\u00e9m com\u00a0<strong>Apostila<\/strong>;<\/p>\n<p style=\"text-align: justify;\">\u2013 formul\u00e1rio<a href=\"https:\/\/conssanpaolo.esteri.it\/wp-content\/uploads\/2023\/09\/10-Dich.-Sost.-Atto-Notorio-Divorzio-notarile.pdf\"><strong>\u00a0<em>Dichiarazione sostitutiva di atto notorio \u2013 Divorzio notarile<\/em><\/strong><\/a>\u00a0preenchido e assinado pelo cidad\u00e3o italiano<\/p>\n","protected":false},"excerpt":{"rendered":"Caso os requerentes sejam divorciados, a documenta\u00e7\u00e3o de div\u00f3rcio dever\u00e1 ser entregue no dia agendado conforme as instru\u00e7\u00f5es a seguir. Lembramos que as senten\u00e7as de separa\u00e7\u00e3o, n\u00e3o envolvendo mudan\u00e7as no status civil,\u00a0n\u00e3o precisam ser apresentadas; se ap\u00f3s a senten\u00e7a de separa\u00e7\u00e3o ocorreu uma\u00a0senten\u00e7a de convers\u00e3o de separa\u00e7\u00e3o em div\u00f3rcio, \u00e9 necess\u00e1rio apresentar somente esta \u00faltima, [&hellip;]","protected":false},"author":6,"featured_media":0,"parent":555,"menu_order":0,"comment_status":"closed","ping_status":"closed","template":"","meta":{"footnotes":""},"class_list":["post-5201","page","type-page","status-publish","hentry"],"_links":{"self":[{"href":"https:\/\/conssanpaolo.esteri.it\/pt\/wp-json\/wp\/v2\/pages\/5201","targetHints":{"allow":["GET"]}}],"collection":[{"href":"https:\/\/conssanpaolo.esteri.it\/pt\/wp-json\/wp\/v2\/pages"}],"about":[{"href":"https:\/\/conssanpaolo.esteri.it\/pt\/wp-json\/wp\/v2\/types\/page"}],"author":[{"embeddable":true,"href":"https:\/\/conssanpaolo.esteri.it\/pt\/wp-json\/wp\/v2\/users\/6"}],"replies":[{"embeddable":true,"href":"https:\/\/conssanpaolo.esteri.it\/pt\/wp-json\/wp\/v2\/comments?post=5201"}],"version-history":[{"count":0,"href":"https:\/\/conssanpaolo.esteri.it\/pt\/wp-json\/wp\/v2\/pages\/5201\/revisions"}],"up":[{"embeddable":true,"href":"https:\/\/conssanpaolo.esteri.it\/pt\/wp-json\/wp\/v2\/pages\/555"}],"wp:attachment":[{"href":"https:\/\/conssanpaolo.esteri.it\/pt\/wp-json\/wp\/v2\/media?parent=5201"}],"curies":[{"name":"wp","href":"https:\/\/api.w.org\/{rel}","templated":true}]}}