{"id":5085,"date":"2024-07-02T12:27:02","date_gmt":"2024-07-02T15:27:02","guid":{"rendered":"https:\/\/conssanpaolo.esteri.it\/servizi-consolari-e-visti\/servizi-per-il-cittadino-italiano\/altri-servizi\/albo-consolare\/naturalizzazione-per-matrimonio\/"},"modified":"2025-10-08T11:51:23","modified_gmt":"2025-10-08T14:51:23","slug":"naturalizzazione-per-matrimonio","status":"publish","type":"page","link":"https:\/\/conssanpaolo.esteri.it\/pt\/servizi-consolari-e-visti\/servizi-per-il-cittadino-italiano\/altri-servizi\/albo-consolare\/naturalizzazione-per-matrimonio\/","title":{"rendered":"Naturaliza\u00e7\u00e3o por casamento"},"content":{"rendered":"<p>&nbsp;<\/p>\n<p>A seguir a lista das pessoas ausentes na data de convoca\u00e7\u00e3o para a cerim\u00f4nia de juramento (\u00faltima etapa para conclus\u00e3o do processo de naturaliza\u00e7\u00e3o por casamento):<\/p>\n<p><strong><em>Juramentos do dia\u00a0<\/em><\/strong><strong>16\/04\/2025<\/strong><\/p>\n<p>WARREN SANTORO Sheila Hellen<\/p>\n<p>&nbsp;<\/p>\n<p><strong><em>Juramentos do dia\u00a0<\/em><\/strong><strong>04\/08\/2025<\/strong><\/p>\n<p>DIAS DOMINGUES Fernando<\/p>\n<p>COUTINHO DO NASCIMENTO MENNITI Cleide<\/p>\n<p>DE AZEVEDO RIBEIRO TOSCHI Marise<\/p>\n<p>&nbsp;<\/p>\n<p><strong><em>Juramentos do dia\u00a0<\/em><\/strong><strong>12\/08\/2025<\/strong><\/p>\n<p>CALIFE FORTES Renata<\/p>\n<p><strong><em>\u00a0<\/em><\/strong><\/p>\n<p><strong><em>Juramentos do dia\u00a0<\/em><\/strong><strong>19\/08\/2025<\/strong><\/p>\n<p>DE CARVALHO SABONGE Gislene Valeria<\/p>\n<p>DIAS FERREIRA Daiane<\/p>\n<p>&nbsp;<\/p>\n<p><strong><em>Juramentos do dia\u00a0<\/em><\/strong><strong>26\/08\/2025<\/strong><\/p>\n<p>DALCIN DUARTE Rosangela Maria<\/p>\n<p>&nbsp;<\/p>\n<p><strong><em>Juramentos do dia\u00a0<\/em><\/strong><strong>01\/09\/2025<\/strong><\/p>\n<p>KUBRIC Suzana<\/p>\n<p>MARQUES NOVAIS CICCOTOSTO Arminda<\/p>\n<p>&nbsp;<\/p>\n<p><strong><em>Juramentos do dia\u00a0<\/em><\/strong><strong>29\/09\/2025<\/strong><\/p>\n<p>FRANCISCO REINALDO Alexandre<\/p>\n<p>&nbsp;<\/p>\n<p>Para maiores informa\u00e7\u00f5es, visite a p\u00e1gina relativa ao <a href=\"https:\/\/conssanpaolo.esteri.it\/pt\/servizi-consolari-e-visti\/servizi-per-il-cittadino-straniero\/cittadinanza\/riconoscimento-della-cittadinanza-italiana-per-matrimonio\/cittadinanza-italiana-per-matrimonio-avvenuto-dopo-il-27-aprile-1983\/procedimento\/\"><strong>PROCEDIMENTO<\/strong><\/a> publicada neste mesmo website.<\/p>\n<p>&nbsp;<\/p>\n<p>&nbsp;<\/p>\n","protected":false},"excerpt":{"rendered":"&nbsp; A seguir a lista das pessoas ausentes na data de convoca\u00e7\u00e3o para a cerim\u00f4nia de juramento (\u00faltima etapa para conclus\u00e3o do processo de naturaliza\u00e7\u00e3o por casamento): Juramentos do dia\u00a016\/04\/2025 WARREN SANTORO Sheila Hellen &nbsp; Juramentos do dia\u00a004\/08\/2025 DIAS DOMINGUES Fernando COUTINHO DO NASCIMENTO MENNITI Cleide DE AZEVEDO RIBEIRO TOSCHI Marise &nbsp; Juramentos do dia\u00a012\/08\/2025 [&hellip;]","protected":false},"author":5,"featured_media":0,"parent":248,"menu_order":0,"comment_status":"closed","ping_status":"closed","template":"","meta":{"footnotes":""},"class_list":["post-5085","page","type-page","status-publish","hentry"],"_links":{"self":[{"href":"https:\/\/conssanpaolo.esteri.it\/pt\/wp-json\/wp\/v2\/pages\/5085","targetHints":{"allow":["GET"]}}],"collection":[{"href":"https:\/\/conssanpaolo.esteri.it\/pt\/wp-json\/wp\/v2\/pages"}],"about":[{"href":"https:\/\/conssanpaolo.esteri.it\/pt\/wp-json\/wp\/v2\/types\/page"}],"author":[{"embeddable":true,"href":"https:\/\/conssanpaolo.esteri.it\/pt\/wp-json\/wp\/v2\/users\/5"}],"replies":[{"embeddable":true,"href":"https:\/\/conssanpaolo.esteri.it\/pt\/wp-json\/wp\/v2\/comments?post=5085"}],"version-history":[{"count":6,"href":"https:\/\/conssanpaolo.esteri.it\/pt\/wp-json\/wp\/v2\/pages\/5085\/revisions"}],"predecessor-version":[{"id":9051,"href":"https:\/\/conssanpaolo.esteri.it\/pt\/wp-json\/wp\/v2\/pages\/5085\/revisions\/9051"}],"up":[{"embeddable":true,"href":"https:\/\/conssanpaolo.esteri.it\/pt\/wp-json\/wp\/v2\/pages\/248"}],"wp:attachment":[{"href":"https:\/\/conssanpaolo.esteri.it\/pt\/wp-json\/wp\/v2\/media?parent=5085"}],"curies":[{"name":"wp","href":"https:\/\/api.w.org\/{rel}","templated":true}]}}