{"id":4979,"date":"2024-06-20T13:40:16","date_gmt":"2024-06-20T16:40:16","guid":{"rendered":"https:\/\/conssanpaolo.esteri.it\/?page_id=4979"},"modified":"2024-06-20T13:40:16","modified_gmt":"2024-06-20T16:40:16","slug":"filhos-nao-residentes-com-o-genitor-italiano","status":"publish","type":"page","link":"https:\/\/conssanpaolo.esteri.it\/pt\/servizi-consolari-e-visti\/servizi-per-il-cittadino-italiano\/stato-civile\/nascita\/filhos-nao-residentes-com-o-genitor-italiano\/","title":{"rendered":"filhos n\u00e3o residentes com o genitor italiano"},"content":{"rendered":"<p>Caso o <strong>filho menor<\/strong>\u00a0resida no Brasil somente com o\u00a0<strong>genitor estrangeiro<\/strong> (ou seja, com aquele que n\u00e3o tem a cidadania italiana) \u00e9 necess\u00e1rio enviar, al\u00e9m da documenta\u00e7\u00e3o para o registro (<a href=\"https:\/\/conssanpaolo.esteri.it\/it\/servizi-consolari-e-visti\/servizi-per-il-cittadino-italiano\/stato-civile\/nascita\/\">clique aqui<\/a> para ler na \u00edntegra) tamb\u00e9m o formul\u00e1rio<a href=\"https:\/\/conssanpaolo.esteri.it\/wp-content\/uploads\/2023\/09\/3-Dich.-Sost.-Genitore-straniero.pdf\"><strong><em>\u00a0Dichiarazione del genitore straniero<\/em><\/strong><\/a>, atrav\u00e9s do qual o genitor estrangeiro declara que o filho reside no Brasil com ele.<\/p>\n<p>O formul\u00e1rio deve ser <strong>assinado por ambos os genitores<\/strong>\u00a0e acompanhado de\u00a0<strong>c\u00f3pia simples de um documento de identidade dentro do prazo de validade de ambos os genitores<\/strong>\u00a0(passaporte italiano, brasileiro, RG ou CNH) e de um\u00a0<strong>comprovante de resid\u00eancia id\u00f4neo<\/strong>\u00a0em nome do\u00a0<strong>genitor estrangeiro com quem o filho reside.\u00a0<\/strong><a href=\"https:\/\/conssanpaolo.esteri.it\/pt\/servizi-consolari-e-visti\/servizi-per-il-cittadino-italiano\/prove-di-residenza-accettate\/\"><strong>CLIQUE AQUI<\/strong><\/a>\u00a0para verificar quais comprovantes ser\u00e3o aceitos.<\/p>\n","protected":false},"excerpt":{"rendered":"Caso o filho menor\u00a0resida no Brasil somente com o\u00a0genitor estrangeiro (ou seja, com aquele que n\u00e3o tem a cidadania italiana) \u00e9 necess\u00e1rio enviar, al\u00e9m da documenta\u00e7\u00e3o para o registro (clique aqui para ler na \u00edntegra) tamb\u00e9m o formul\u00e1rio\u00a0Dichiarazione del genitore straniero, atrav\u00e9s do qual o genitor estrangeiro declara que o filho reside no Brasil com [&hellip;]","protected":false},"author":6,"featured_media":0,"parent":689,"menu_order":0,"comment_status":"closed","ping_status":"closed","template":"","meta":{"footnotes":""},"class_list":["post-4979","page","type-page","status-publish","hentry"],"_links":{"self":[{"href":"https:\/\/conssanpaolo.esteri.it\/pt\/wp-json\/wp\/v2\/pages\/4979","targetHints":{"allow":["GET"]}}],"collection":[{"href":"https:\/\/conssanpaolo.esteri.it\/pt\/wp-json\/wp\/v2\/pages"}],"about":[{"href":"https:\/\/conssanpaolo.esteri.it\/pt\/wp-json\/wp\/v2\/types\/page"}],"author":[{"embeddable":true,"href":"https:\/\/conssanpaolo.esteri.it\/pt\/wp-json\/wp\/v2\/users\/6"}],"replies":[{"embeddable":true,"href":"https:\/\/conssanpaolo.esteri.it\/pt\/wp-json\/wp\/v2\/comments?post=4979"}],"version-history":[{"count":2,"href":"https:\/\/conssanpaolo.esteri.it\/pt\/wp-json\/wp\/v2\/pages\/4979\/revisions"}],"predecessor-version":[{"id":4989,"href":"https:\/\/conssanpaolo.esteri.it\/pt\/wp-json\/wp\/v2\/pages\/4979\/revisions\/4989"}],"up":[{"embeddable":true,"href":"https:\/\/conssanpaolo.esteri.it\/pt\/wp-json\/wp\/v2\/pages\/689"}],"wp:attachment":[{"href":"https:\/\/conssanpaolo.esteri.it\/pt\/wp-json\/wp\/v2\/media?parent=4979"}],"curies":[{"name":"wp","href":"https:\/\/api.w.org\/{rel}","templated":true}]}}