{"id":494,"date":"2023-05-18T21:17:21","date_gmt":"2023-05-19T00:17:21","guid":{"rendered":"https:\/\/conssanpaolo.esteri.it\/pt\/amministrazione-trasparente\/avvisi-e-comunicazioni\/6247-2\/domande-frequenti\/"},"modified":"2025-06-24T13:53:54","modified_gmt":"2025-06-24T16:53:54","slug":"domande-frequenti","status":"publish","type":"page","link":"https:\/\/conssanpaolo.esteri.it\/pt\/servizi-consolari-e-visti\/servizi-per-il-cittadino-straniero\/cittadinanza\/domande-frequenti\/","title":{"rendered":"Perguntas Frequentes &#8211; P\u00c1GINA EM FASE DE ATUALIZA\u00c7\u00c3O"},"content":{"rendered":"<p><span style=\"text-decoration: underline;\"><strong>Perguntas Frequentes<\/strong><\/span><\/p>\n<ul>\n<li><strong>Sobre o Requerimento<\/strong><\/li>\n<li><strong>Sobre o Reconhecimento da Cidadania\u00a0<\/strong><\/li>\n<li><strong>Sobre os Documentos<\/strong><\/li>\n<\/ul>\n<p>Veja nosso FAQ atualizado com as perguntas mais feitas no Instagram <a href=\"https:\/\/www.instagram.com\/s\/aGlnaGxpZ2h0OjE3OTYwNjE3MTAwNDM5NjY4?igshid=MzRlODBiNWFlZA==\"><strong><span style=\"text-decoration: underline;\">clicando aqui.<\/span><\/strong><\/a><\/p>\n","protected":false},"excerpt":{"rendered":"Perguntas Frequentes Sobre o Requerimento Sobre o Reconhecimento da Cidadania\u00a0 Sobre os Documentos Veja nosso FAQ atualizado com as perguntas mais feitas no Instagram clicando aqui.","protected":false},"author":5,"featured_media":0,"parent":197,"menu_order":6,"comment_status":"closed","ping_status":"closed","template":"","meta":{"footnotes":""},"class_list":["post-494","page","type-page","status-publish","hentry"],"_links":{"self":[{"href":"https:\/\/conssanpaolo.esteri.it\/pt\/wp-json\/wp\/v2\/pages\/494","targetHints":{"allow":["GET"]}}],"collection":[{"href":"https:\/\/conssanpaolo.esteri.it\/pt\/wp-json\/wp\/v2\/pages"}],"about":[{"href":"https:\/\/conssanpaolo.esteri.it\/pt\/wp-json\/wp\/v2\/types\/page"}],"author":[{"embeddable":true,"href":"https:\/\/conssanpaolo.esteri.it\/pt\/wp-json\/wp\/v2\/users\/5"}],"replies":[{"embeddable":true,"href":"https:\/\/conssanpaolo.esteri.it\/pt\/wp-json\/wp\/v2\/comments?post=494"}],"version-history":[{"count":4,"href":"https:\/\/conssanpaolo.esteri.it\/pt\/wp-json\/wp\/v2\/pages\/494\/revisions"}],"predecessor-version":[{"id":7568,"href":"https:\/\/conssanpaolo.esteri.it\/pt\/wp-json\/wp\/v2\/pages\/494\/revisions\/7568"}],"up":[{"embeddable":true,"href":"https:\/\/conssanpaolo.esteri.it\/pt\/wp-json\/wp\/v2\/pages\/197"}],"wp:attachment":[{"href":"https:\/\/conssanpaolo.esteri.it\/pt\/wp-json\/wp\/v2\/media?parent=494"}],"curies":[{"name":"wp","href":"https:\/\/api.w.org\/{rel}","templated":true}]}}