{"id":4849,"date":"2024-06-06T16:37:38","date_gmt":"2024-06-06T19:37:38","guid":{"rendered":"https:\/\/conssanpaolo.esteri.it\/servizi-consolari-e-visti\/servizi-per-il-cittadino-italiano\/anagrafe-degli-italiani-residenti-allestero-aire\/fast-it\/modalita-per-la-richiesta-del-codice-fiscale-tramite-fast-it\/"},"modified":"2024-06-06T16:52:53","modified_gmt":"2024-06-06T19:52:53","slug":"modalita-per-la-richiesta-del-codice-fiscale-tramite-fast-it","status":"publish","type":"page","link":"https:\/\/conssanpaolo.esteri.it\/pt\/servizi-consolari-e-visti\/servizi-per-il-cittadino-italiano\/anagrafe-degli-italiani-residenti-allestero-aire\/fast-it\/modalita-per-la-richiesta-del-codice-fiscale-tramite-fast-it\/","title":{"rendered":"Solicita\u00e7\u00e3o do Codice Fiscale atrav\u00e9s do portal FAST IT"},"content":{"rendered":"<p>O Codice Fiscale, para os cidad\u00e3os italianos corretamente inscritos no AIRE e com account no portal FAST IT devidamente associada ao nosso banco de dados (para mais informa\u00e7\u00f5es sobre o processo de associa\u00e7\u00e3o <strong><a href=\"https:\/\/conssanpaolo.esteri.it\/pt\/servizi-consolari-e-visti\/servizi-per-il-cittadino-italiano\/anagrafe-degli-italiani-residenti-allestero-aire\/associazione\/\">clique aqui<\/a><\/strong>), dever\u00e1 ser solicitado atrav\u00e9s do portal <a href=\"https:\/\/serviziconsolari.esteri.it\/\">FAST IT.<\/a><\/p>\n<p>Neste sentido, ap\u00f3s o login no portal, na se\u00e7\u00e3o &#8216;Anagrafe Consolare E Aire&#8217; dever\u00e1 ser selecionada a op\u00e7\u00e3o &#8216;atribui\u00e7\u00e3o do Codice Fiscale.<\/p>\n","protected":false},"excerpt":{"rendered":"O Codice Fiscale, para os cidad\u00e3os italianos corretamente inscritos no AIRE e com account no portal FAST IT devidamente associada ao nosso banco de dados (para mais informa\u00e7\u00f5es sobre o processo de associa\u00e7\u00e3o clique aqui), dever\u00e1 ser solicitado atrav\u00e9s do portal FAST IT. Neste sentido, ap\u00f3s o login no portal, na se\u00e7\u00e3o &#8216;Anagrafe Consolare E [&hellip;]","protected":false},"author":6,"featured_media":0,"parent":860,"menu_order":0,"comment_status":"closed","ping_status":"closed","template":"","meta":{"footnotes":""},"class_list":["post-4849","page","type-page","status-publish","hentry"],"_links":{"self":[{"href":"https:\/\/conssanpaolo.esteri.it\/pt\/wp-json\/wp\/v2\/pages\/4849","targetHints":{"allow":["GET"]}}],"collection":[{"href":"https:\/\/conssanpaolo.esteri.it\/pt\/wp-json\/wp\/v2\/pages"}],"about":[{"href":"https:\/\/conssanpaolo.esteri.it\/pt\/wp-json\/wp\/v2\/types\/page"}],"author":[{"embeddable":true,"href":"https:\/\/conssanpaolo.esteri.it\/pt\/wp-json\/wp\/v2\/users\/6"}],"replies":[{"embeddable":true,"href":"https:\/\/conssanpaolo.esteri.it\/pt\/wp-json\/wp\/v2\/comments?post=4849"}],"version-history":[{"count":2,"href":"https:\/\/conssanpaolo.esteri.it\/pt\/wp-json\/wp\/v2\/pages\/4849\/revisions"}],"predecessor-version":[{"id":4863,"href":"https:\/\/conssanpaolo.esteri.it\/pt\/wp-json\/wp\/v2\/pages\/4849\/revisions\/4863"}],"up":[{"embeddable":true,"href":"https:\/\/conssanpaolo.esteri.it\/pt\/wp-json\/wp\/v2\/pages\/860"}],"wp:attachment":[{"href":"https:\/\/conssanpaolo.esteri.it\/pt\/wp-json\/wp\/v2\/media?parent=4849"}],"curies":[{"name":"wp","href":"https:\/\/api.w.org\/{rel}","templated":true}]}}