{"id":416,"date":"2023-05-04T19:18:14","date_gmt":"2023-05-04T22:18:14","guid":{"rendered":"https:\/\/conssanpaolo.esteri.it\/servizi-consolari-e-visti\/servizi-per-il-cittadino-italiano\/anagrafe-degli-italiani-residenti-allestero-aire\/aggiornamento-indirizzo\/"},"modified":"2024-12-09T14:41:07","modified_gmt":"2024-12-09T17:41:07","slug":"aggiornamento-indirizzo","status":"publish","type":"page","link":"https:\/\/conssanpaolo.esteri.it\/pt\/servizi-consolari-e-visti\/servizi-per-il-cittadino-italiano\/anagrafe-degli-italiani-residenti-allestero-aire\/aggiornamento-indirizzo\/","title":{"rendered":"Informe a mudan\u00e7a de sua resid\u00eancia"},"content":{"rendered":"<p><strong>Esta se\u00e7\u00e3o diz respeito a voc\u00ea se j\u00e1 tiver uma pasta aberta neste Consulado Geral.<\/strong><\/p>\n<p>Os cidad\u00e3os italianos MAIORES DE IDADE que se mudarem para um novo endere\u00e7o, dever\u00e3o comunicar a mudan\u00e7a de endere\u00e7o.<\/p>\n<p>Cada cidad\u00e3o italiano <strong>MAIOR DE IDADE<\/strong> (18 anos) ter\u00e1 que apresentar seu pr\u00f3prio pedido <strong>INDIVIDUAL<\/strong> (mesmo no caso de c\u00f4njuges\/filhos maiores residentes com os pais).<\/p>\n<p>&nbsp;<\/p>\n<p><strong>COMO FAZER:\u00a0<\/strong><\/p>\n<p>O primeiro passo para informar a varia\u00e7\u00e3o do pr\u00f3prio endere\u00e7o \u00e9 criar uma <em>account<\/em> no portar institucional <strong><a href=\"https:\/\/serviziconsolarionline.esteri.it\/\">FAST IT.<\/a>\u00a0<\/strong>Caso ainda n\u00e3o tenha criado <a href=\"https:\/\/conssanpaolo.esteri.it\/pt\/servizi-consolari-e-visti\/servizi-per-il-cittadino-italiano\/anagrafe-degli-italiani-residenti-allestero-aire\/como-criar-sua-conta-no-portal-fast-it\/\">clique aqui.<\/a><\/p>\n<p>Caso tenha d\u00favidas, antes de enviar seu pedido ou de nos enviar um e-mail pedimos gentilmente que sejam lidas as instru\u00e7\u00f5es dispostas na se\u00e7\u00e3o &#8220;D\u00favidas e Erros Frequentes&#8221;, <a href=\"https:\/\/conssanpaolo.esteri.it\/pt\/servizi-consolari-e-visti\/servizi-per-il-cittadino-italiano\/anagrafe-degli-italiani-residenti-allestero-aire\/dubbi-ed-errori-frequenti\/\">clicando aqui<\/a>.<\/p>\n<p><a href=\"https:\/\/conssanpaolo.esteri.it\/pt\/servizi-consolari-e-visti\/servizi-per-il-cittadino-italiano\/anagrafe-degli-italiani-residenti-allestero-aire\/istruzioni-per-corretto-inserimento-dati-fast-it\/\"><strong>CLIQUE AQUI PARA LER AS instru\u00e7\u00f5es ANTES DE CRIAR SUA CONTA NO PORTAL FAST IT<\/strong><\/a><\/p>\n<p>&nbsp;<\/p>\n<p><strong>A seguir a documenta\u00e7\u00e3o que dever\u00e1 ser anexada no portal:<\/strong><\/p>\n<ul>\n<li><strong>ANEXO A:<\/strong><\/li>\n<\/ul>\n<p>Formul\u00e1rio &#8220;<a href=\"https:\/\/conssanpaolo.esteri.it\/wp-content\/uploads\/2023\/07\/ANAG.-DICH.-SOST.-DEFINITIVA.pdf\"><strong>Dichiarazione sostitutiva \/ Modulo d&#8217;iscrizione all&#8217;AIRE&#8221;\u00a0<\/strong>(<\/a>idealmente anexado juntamente com o formul\u00e1rio criado automaticamente dentro do portal FAST IT) devidamente <strong>preenchido EM TODOS OS CAMPOS,<\/strong> assinado e datado com a data da apresenta\u00e7\u00e3o do pedido; CASO A SOLICITA\u00c7\u00c3O ENVOLVA MENORES \u00c9 IMPRESCIND\u00cdVEL A ASSINATURA DE AMBOS OS GENITORES NA DECLARA\u00c7\u00c3O.<\/p>\n<ul>\n<li><strong>ANEXO B:<\/strong><\/li>\n<\/ul>\n<p>Documento de identidade <strong>v\u00e1lido<\/strong> (no caso do RG brasileiro menos de dez anos), no qual conste a assinatura do requerente igual \u00e0<strong>\u00a0assinatura feita no formul\u00e1rio (dichiarazione) do anexo A<\/strong>. CASO A SOLICITA\u00c7\u00c3O ENVOLVA MENORES \u00c9 IMPRESCIND\u00cdVEL ANEXAR O DOCUMENTO DE IDENTIDADE DO\/S OUTRO\/S GENITOR\/ES DO MENOR.<\/p>\n<ul>\n<li><strong>ANEXO C:<\/strong><\/li>\n<\/ul>\n<p>Comprovante de resid\u00eancia nominal e recente (validade m\u00e1xima tr\u00eas meses) em nome de cada requerente maior de idade onde conste nome e endere\u00e7o completo do interessado, al\u00e9m da data de emiss\u00e3o. <a href=\"https:\/\/conssanpaolo.esteri.it\/pt\/servizi-consolari-e-visti\/servizi-per-il-cittadino-italiano\/prove-di-residenza-accettate\/\"><strong>CLIQUE AQUI<\/strong><\/a> para verificar quais comprovantes ser\u00e3o aceitos.<\/p>\n<p>&nbsp;<\/p>\n<p><strong>OBS: a falta de qualquer um destes documentos impossibilitar\u00e1 a atualiza\u00e7\u00e3o do endere\u00e7o\/cadastro.<\/strong><\/p>\n<p>Observe que o <strong>prazo m\u00e1ximo legal<\/strong> para o processamento das solicita\u00e7\u00f5es de atualiza\u00e7\u00e3o da AIRE \u00e9 de <strong>180 dias a partir da data de apresenta\u00e7\u00e3o do requerimento\u00a0completo\u00a0de todos os documentos necess\u00e1rios<\/strong>, mas que este Consulado Geral est\u00e1 comprometido com a r\u00e1pida elabora\u00e7\u00e3o dos processos.<\/p>\n<p>&nbsp;<\/p>\n<p>&nbsp;<\/p>\n","protected":false},"excerpt":{"rendered":"Esta se\u00e7\u00e3o diz respeito a voc\u00ea se j\u00e1 tiver uma pasta aberta neste Consulado Geral. Os cidad\u00e3os italianos MAIORES DE IDADE que se mudarem para um novo endere\u00e7o, dever\u00e3o comunicar a mudan\u00e7a de endere\u00e7o. Cada cidad\u00e3o italiano MAIOR DE IDADE (18 anos) ter\u00e1 que apresentar seu pr\u00f3prio pedido INDIVIDUAL (mesmo no caso de c\u00f4njuges\/filhos maiores [&hellip;]","protected":false},"author":6,"featured_media":0,"parent":187,"menu_order":4,"comment_status":"closed","ping_status":"closed","template":"","meta":{"footnotes":""},"class_list":["post-416","page","type-page","status-publish","hentry"],"_links":{"self":[{"href":"https:\/\/conssanpaolo.esteri.it\/pt\/wp-json\/wp\/v2\/pages\/416","targetHints":{"allow":["GET"]}}],"collection":[{"href":"https:\/\/conssanpaolo.esteri.it\/pt\/wp-json\/wp\/v2\/pages"}],"about":[{"href":"https:\/\/conssanpaolo.esteri.it\/pt\/wp-json\/wp\/v2\/types\/page"}],"author":[{"embeddable":true,"href":"https:\/\/conssanpaolo.esteri.it\/pt\/wp-json\/wp\/v2\/users\/6"}],"replies":[{"embeddable":true,"href":"https:\/\/conssanpaolo.esteri.it\/pt\/wp-json\/wp\/v2\/comments?post=416"}],"version-history":[{"count":7,"href":"https:\/\/conssanpaolo.esteri.it\/pt\/wp-json\/wp\/v2\/pages\/416\/revisions"}],"predecessor-version":[{"id":6094,"href":"https:\/\/conssanpaolo.esteri.it\/pt\/wp-json\/wp\/v2\/pages\/416\/revisions\/6094"}],"up":[{"embeddable":true,"href":"https:\/\/conssanpaolo.esteri.it\/pt\/wp-json\/wp\/v2\/pages\/187"}],"wp:attachment":[{"href":"https:\/\/conssanpaolo.esteri.it\/pt\/wp-json\/wp\/v2\/media?parent=416"}],"curies":[{"name":"wp","href":"https:\/\/api.w.org\/{rel}","templated":true}]}}