{"id":392,"date":"2023-05-04T14:16:43","date_gmt":"2023-05-04T17:16:43","guid":{"rendered":"https:\/\/conssanpaolo.esteri.it\/servizi-consolari-e-visti\/servizi-per-il-cittadino-italiano\/anagrafe-degli-italiani-residenti-allestero-aire\/istruzioni-per-corretto-inserimento-dati-fast-it\/"},"modified":"2023-11-06T16:32:11","modified_gmt":"2023-11-06T19:32:11","slug":"istruzioni-per-corretto-inserimento-dati-fast-it","status":"publish","type":"page","link":"https:\/\/conssanpaolo.esteri.it\/pt\/servizi-consolari-e-visti\/servizi-per-il-cittadino-italiano\/anagrafe-degli-italiani-residenti-allestero-aire\/istruzioni-per-corretto-inserimento-dati-fast-it\/","title":{"rendered":"Instru\u00e7\u00f5es para o preenchimento correto dos dados no portal FAST IT"},"content":{"rendered":"<p>As seguintes informa\u00e7\u00f5es s\u00e3o essenciais para um correto preenchimento de sua solicita\u00e7\u00e3o, feita atrav\u00e9s do <a href=\"https:\/\/serviziconsolari.esteri.it\/\">FAST IT<\/a>.<\/p>\n<p>Lembramos que qualquer pedido apresentado que n\u00e3o esteja conforme as seguintes instru\u00e7\u00f5es ser\u00e1, ap\u00f3s analise, NEGADO e o solicitante dever\u00e1 apresentar novo pedido que ser\u00e1 analisado dentro do tempo previsto em lei, independentemente do pedido anterior.<\/p>\n<p>O cadastro FAST IT deve ser feito, desde o in\u00edcio, com os dados da documenta\u00e7\u00e3o italiana. Qualquer diferen\u00e7a (como por ex. a inser\u00e7\u00e3o do nome de casada) far\u00e1 com que o sistema n\u00e3o reconhe\u00e7a seu usu\u00e1rio e comportar\u00e1 em erro.<\/p>\n<p>Em nenhum campo deve ser inserido nenhum acento, nenhuma cedilha, nenhum ponto nem virgula. Nem no campo relativo ao endere\u00e7o.<\/p>\n<p>As abrevia\u00e7\u00f5es de endere\u00e7o devem ser as que seguem:<\/p>\n<ul>\n<li>Al para alameda<\/li>\n<li>Tv para travessa<\/li>\n<li>Av para avenida<\/li>\n<li>Pq para parque<\/li>\n<li>Ap para apartamento<\/li>\n<\/ul>\n<p>O CEP deve ser inserido no seguinte formato xxxxx-xxx<\/p>\n<p>O telefone deve ser inserido no seguinte formato: 9XXXX-XXXX<\/p>\n<p>Os formul\u00e1rios devem ser sempre ASSINADOS pelo solicitante e a assinatura deve sempre ser conforme a assinatura feita no documento de identidade apresentado.<\/p>\n<p>Em caso de filhos menores AMBOS os genitores devem assinar o formul\u00e1rio.<\/p>\n<p>Campos n\u00e3o obrigat\u00f3rios para primeiras inscri\u00e7\u00f5es, como nome dos pais, profiss\u00e3o e grau de instru\u00e7\u00e3o, DEVEM ser preenchidos.<\/p>\n<p>\u00c9 poss\u00edvel escanear em um mesmo arquivo mais documentos que possam tornar sua solicita\u00e7\u00e3o de inscri\u00e7\u00e3o completa.<\/p>\n<p>N\u00e3o devem ser declarados filhos maiores nas pr\u00f3prias solicita\u00e7\u00f5es, pois cada maior deve apresentar pedido individual.<\/p>\n<p>N\u00e3o s\u00e3o aceitas declara\u00e7\u00f5es, mesmo em cart\u00f3rio, como comprova\u00e7\u00e3o de resid\u00eancia.<\/p>\n","protected":false},"excerpt":{"rendered":"As seguintes informa\u00e7\u00f5es s\u00e3o essenciais para um correto preenchimento de sua solicita\u00e7\u00e3o, feita atrav\u00e9s do FAST IT. Lembramos que qualquer pedido apresentado que n\u00e3o esteja conforme as seguintes instru\u00e7\u00f5es ser\u00e1, ap\u00f3s analise, NEGADO e o solicitante dever\u00e1 apresentar novo pedido que ser\u00e1 analisado dentro do tempo previsto em lei, independentemente do pedido anterior. O cadastro [&hellip;]","protected":false},"author":6,"featured_media":0,"parent":187,"menu_order":0,"comment_status":"closed","ping_status":"closed","template":"","meta":{"footnotes":""},"class_list":["post-392","page","type-page","status-publish","hentry"],"_links":{"self":[{"href":"https:\/\/conssanpaolo.esteri.it\/pt\/wp-json\/wp\/v2\/pages\/392","targetHints":{"allow":["GET"]}}],"collection":[{"href":"https:\/\/conssanpaolo.esteri.it\/pt\/wp-json\/wp\/v2\/pages"}],"about":[{"href":"https:\/\/conssanpaolo.esteri.it\/pt\/wp-json\/wp\/v2\/types\/page"}],"author":[{"embeddable":true,"href":"https:\/\/conssanpaolo.esteri.it\/pt\/wp-json\/wp\/v2\/users\/6"}],"replies":[{"embeddable":true,"href":"https:\/\/conssanpaolo.esteri.it\/pt\/wp-json\/wp\/v2\/comments?post=392"}],"version-history":[{"count":2,"href":"https:\/\/conssanpaolo.esteri.it\/pt\/wp-json\/wp\/v2\/pages\/392\/revisions"}],"predecessor-version":[{"id":3198,"href":"https:\/\/conssanpaolo.esteri.it\/pt\/wp-json\/wp\/v2\/pages\/392\/revisions\/3198"}],"up":[{"embeddable":true,"href":"https:\/\/conssanpaolo.esteri.it\/pt\/wp-json\/wp\/v2\/pages\/187"}],"wp:attachment":[{"href":"https:\/\/conssanpaolo.esteri.it\/pt\/wp-json\/wp\/v2\/media?parent=392"}],"curies":[{"name":"wp","href":"https:\/\/api.w.org\/{rel}","templated":true}]}}