{"id":381,"date":"2023-05-03T21:07:14","date_gmt":"2023-05-03T19:07:14","guid":{"rendered":"https:\/\/conssanpaolo.esteri.it\/?page_id=381"},"modified":"2024-06-07T10:15:30","modified_gmt":"2024-06-07T13:15:30","slug":"como-criar-sua-conta-no-portal-fast-it","status":"publish","type":"page","link":"https:\/\/conssanpaolo.esteri.it\/pt\/servizi-consolari-e-visti\/servizi-per-il-cittadino-italiano\/anagrafe-degli-italiani-residenti-allestero-aire\/como-criar-sua-conta-no-portal-fast-it\/","title":{"rendered":"Por que \u00e9 fundamental usar o portal FAST IT e como criar sua conta"},"content":{"rendered":"<p>O Portal FAST IT \u00e9 a ferramenta institucional e interativa que o cidad\u00e3o italiano no exterior pode utilizar gratuitamente para visualizar a qualquer momento a pr\u00f3pria situa\u00e7\u00e3o cadastral, podendo solicitar a eventual atualiza\u00e7\u00e3o do endere\u00e7o de resid\u00eancia.<\/p>\n<p>Para criar uma <em>account<\/em> no portal institucional FAST IT siga os passos a seguir:<\/p>\n<ol>\n<li>No link\u00a0<a href=\"https:\/\/serviziconsolari.esteri.it\/ScoFE\/index.sco\">https:\/\/serviziconsolari.esteri.it\/ScoFE\/index.sco<\/a>\u00a0clique na op\u00e7\u00e3o REGISTRE-SE.\u00a0<strong>Aten\u00e7\u00e3o: \u00e9 imprescind\u00edvel que o registro seja feito com os dados como constam no registro italiano (nem sempre correspondente aos dados da documenta\u00e7\u00e3o brasileira, como por ex. na quest\u00e3o do sobrenome do marido, etc.).<\/strong><\/li>\n<\/ol>\n<p>2. Crie seu account e sua senha pessoal para acessar FAST IT; a senha dever\u00e1 possuir um m\u00ednimo de 8 e m\u00e1ximo de 16 caracteres, com pelo menos uma letra mai\u00fascula, um n\u00famero e um caractere especial.<\/p>\n<p>3.\u00a0Voc\u00ea receber\u00e1 uma mensagem no seu e-mail pedindo a ativa\u00e7\u00e3o da conta (clicar no link de &#8220;ATIVA\u00c7\u00c3O DE USU\u00c1RIO&#8221;. Se a conta n\u00e3o for ativada dentro de 72 horas (recomendamos controlar sua caixa de &#8220;spam&#8221;), dever\u00e1 pedir um novo c\u00f3digo de ativa\u00e7\u00e3o (clicar no link &#8220;ENVIO NOVO C\u00d3DIGO DE ATIVA\u00c7\u00c3O&#8221;).<\/p>\n<p>Ap\u00f3s o login, na se\u00e7\u00e3o ANAGRAFE\/AIRE ser\u00e1 poss\u00edvel:<\/p>\n<ul>\n<li>Solicitar a inscri\u00e7\u00e3o no banco de dados desta Sede pela primeira vez (caso voc\u00ea provenha da It\u00e1lia ou de outra circunscri\u00e7\u00e3o e nunca tenha se inscrito anteriormente. Neste caso\u00a0<strong><a href=\"https:\/\/conssanpaolo.esteri.it\/pt\/servizi-consolari-e-visti\/servizi-per-il-cittadino-italiano\/anagrafe-degli-italiani-residenti-allestero-aire\/prima-iscrizione-ai-r-e-pressoquesto-consolato\/\">clique aqui.<\/a><\/strong><\/li>\n<li>Solicitar a atualiza\u00e7\u00e3o do seu endere\u00e7o cadastrado, se seu nominativo j\u00e1 existe em nosso banco de dados. Caso seja seu caso, ap\u00f3s registro\u00a0<strong><a href=\"https:\/\/conssanpaolo.esteri.it\/pt\/servizi-consolari-e-visti\/servizi-per-il-cittadino-italiano\/anagrafe-degli-italiani-residenti-allestero-aire\/aggiornamento-indirizzo\/\">clique aqui.<\/a><\/strong><\/li>\n<li>Associar a sua conta no portal FAST IT ao nosso banco de dados &#8211; caso seu nominativo j\u00e1 exista em nosso sistema &#8211; para visualizar como consta seu cadastro. Para tanto, ap\u00f3s registro\u00a0<strong><a href=\"https:\/\/conssanpaolo.esteri.it\/pt\/servizi-consolari-e-visti\/servizi-per-il-cittadino-italiano\/anagrafe-degli-italiani-residenti-allestero-aire\/associazione\/\">clique aqui.<\/a><\/strong><\/li>\n<\/ul>\n<p>Para outras d\u00favidas\u00a0<strong><a href=\"https:\/\/conssanpaolo.esteri.it\/consolato_sanpaolo\/pt\/i_servizi\/per_i_cittadini\/anagrafe\/dubbi-ed-errori-frequenti.html\">clique aqui.<\/a><\/strong><\/p>\n<p>4. Solicitar a atribui\u00e7\u00e3o do Codice Fiscale &#8211; desde que o usu\u00e1rio j\u00e1 seja inscrito no AIRE e j\u00e1 tenha associado sua conta. Para tanto visualizar as instru\u00e7\u00f5es <a href=\"https:\/\/conssanpaolo.esteri.it\/it\/servizi-consolari-e-visti\/servizi-per-il-cittadino-italiano\/anagrafe-degli-italiani-residenti-allestero-aire\/fast-it\/modalita-per-la-richiesta-del-codice-fiscale-tramite-fast-it\/\">aqui<\/a>.<\/p>\n","protected":false},"excerpt":{"rendered":"O Portal FAST IT \u00e9 a ferramenta institucional e interativa que o cidad\u00e3o italiano no exterior pode utilizar gratuitamente para visualizar a qualquer momento a pr\u00f3pria situa\u00e7\u00e3o cadastral, podendo solicitar a eventual atualiza\u00e7\u00e3o do endere\u00e7o de resid\u00eancia. Para criar uma account no portal institucional FAST IT siga os passos a seguir: No link\u00a0https:\/\/serviziconsolari.esteri.it\/ScoFE\/index.sco\u00a0clique na op\u00e7\u00e3o [&hellip;]","protected":false},"author":6,"featured_media":0,"parent":187,"menu_order":0,"comment_status":"closed","ping_status":"closed","template":"","meta":{"footnotes":""},"class_list":["post-381","page","type-page","status-publish","hentry"],"_links":{"self":[{"href":"https:\/\/conssanpaolo.esteri.it\/pt\/wp-json\/wp\/v2\/pages\/381","targetHints":{"allow":["GET"]}}],"collection":[{"href":"https:\/\/conssanpaolo.esteri.it\/pt\/wp-json\/wp\/v2\/pages"}],"about":[{"href":"https:\/\/conssanpaolo.esteri.it\/pt\/wp-json\/wp\/v2\/types\/page"}],"author":[{"embeddable":true,"href":"https:\/\/conssanpaolo.esteri.it\/pt\/wp-json\/wp\/v2\/users\/6"}],"replies":[{"embeddable":true,"href":"https:\/\/conssanpaolo.esteri.it\/pt\/wp-json\/wp\/v2\/comments?post=381"}],"version-history":[{"count":6,"href":"https:\/\/conssanpaolo.esteri.it\/pt\/wp-json\/wp\/v2\/pages\/381\/revisions"}],"predecessor-version":[{"id":4867,"href":"https:\/\/conssanpaolo.esteri.it\/pt\/wp-json\/wp\/v2\/pages\/381\/revisions\/4867"}],"up":[{"embeddable":true,"href":"https:\/\/conssanpaolo.esteri.it\/pt\/wp-json\/wp\/v2\/pages\/187"}],"wp:attachment":[{"href":"https:\/\/conssanpaolo.esteri.it\/pt\/wp-json\/wp\/v2\/media?parent=381"}],"curies":[{"name":"wp","href":"https:\/\/api.w.org\/{rel}","templated":true}]}}