{"id":376,"date":"2023-05-03T20:43:23","date_gmt":"2023-05-03T23:43:23","guid":{"rendered":"https:\/\/conssanpaolo.esteri.it\/servizi-consolari-e-visti\/servizi-per-il-cittadino-italiano\/anagrafe-degli-italiani-residenti-allestero-aire\/associazione\/"},"modified":"2023-12-05T12:06:22","modified_gmt":"2023-12-05T15:06:22","slug":"associazione","status":"publish","type":"page","link":"https:\/\/conssanpaolo.esteri.it\/pt\/servizi-consolari-e-visti\/servizi-per-il-cittadino-italiano\/anagrafe-degli-italiani-residenti-allestero-aire\/associazione\/","title":{"rendered":"Associa\u00e7\u00e3o (Associazione)"},"content":{"rendered":"<p>Caso voc\u00ea seja um cidad\u00e3o italiano j\u00e1 inscrito neste Consulado dever\u00e1 usar o aplicativo <strong><a href=\"https:\/\/serviziconsolari.esteri.it\/ScoFE\/index.sco\">FAST IT<\/a>\u00a0<\/strong>para visualizar a tela de seu cadastro em nosso Consulado podendo assim garantir que seu cadastro esteja corretamente atualizado.<\/p>\n<p>Para a visualiza\u00e7\u00e3o, ser\u00e1 necess\u00e1rio criar uma account no aplicativo\u00a0<a href=\"https:\/\/serviziconsolari.esteri.it\/ScoFE\/index.sco\"><strong>FAST IT<\/strong>\u00a0<\/a>e sucessivamente solicitar a\u00a0<em>\u201cvincula\u00e7\u00e3o\u201d\u00a0<\/em>desta conta ao nosso banco de dados (<em>schedario consolare<\/em>).<\/p>\n<p>Tal procedimento \u00e9 chamado de \u201cASSOCIAZIONE\u201d e todos os italianos inscritos dever\u00e3o faz\u00ea-lo. Isto permitir\u00e1, no futuro, que uma atualiza\u00e7\u00e3o de endere\u00e7o seja solicitada e processada de maneira simples e r\u00e1pida.<\/p>\n<p>Para instru\u00e7\u00f5es acerca da <em>ASSOCIAZIONE \/VISUALIZZAZIONE DELLA PROPRIA SCHEDA ANAGRAFICA<\/em> siga quanto abaixo disposto:<\/p>\n<p>Cada membro do n\u00facleo familiar dever\u00e1 realizar as opera\u00e7\u00f5es descritas abaixo.<\/p>\n<p><span style=\"text-decoration: underline;\"><strong>Lembramos que \u00e9 essencial que os dados preenchidos para a cria\u00e7\u00e3o de sua conta (nome\/sobrenome\/etc) sejam EXATAMENTE iguais aos dados presentes no nosso banco de dados.<\/strong><\/span> Em caso contr\u00e1rio, o sistema n\u00e3o conseguir\u00e1 associar sua account FAST IT ao nosso banco de dados (pois n\u00e3o haver\u00e1 direta converg\u00eancia de dados). Isto significa que n\u00e3o devem, por ex., ser inseridos sobrenomes de casada, etc.<\/p>\n<ol>\n<li>Registre-se no portal institucional <strong><a href=\"https:\/\/serviziconsolari.esteri.it\/\">FAST IT<\/a><\/strong>\u2013 para informa\u00e7\u00f5es sobre a cria\u00e7\u00e3o de uma account\u00a0<strong><a href=\"https:\/\/conssanpaolo.esteri.it\/it\/servizi-consolari-e-visti\/servizi-per-il-cittadino-italiano\/anagrafe-degli-italiani-residenti-allestero-aire\/como-criar-sua-conta-no-portal-fast-it\/\">c<\/a><a href=\"https:\/\/conssanpaolo.esteri.it\/consolato_sanpaolo\/pt\/i_servizi\/per_i_cittadini\/anagrafe\/come-fare-il-registro-sul-portale.html\">lique aqui.\u00a0<\/a><\/strong><\/li>\n<li>Ap\u00f3s efetuar login na pr\u00f3pria conta, na aba ANAGRAFE CONSOLARE E AIRE, clicar na op\u00e7\u00e3o: &#8220;Visualizzare la propria scheda anagrafica&#8221;. Ser\u00e1 necess\u00e1rio anexar um documento de identidade valido. Caso o interessado n\u00e3o possua um documento de identidade italiano v\u00e1lido, ser\u00e1 poss\u00edvel anexar o passaporte brasileiro valido ou a carteira de identidade \u2013 RG \u2013 com menos de 10 anos.<\/li>\n<\/ol>\n<p><strong>Observa\u00e7\u00e3o<\/strong>: o procedimento de vincula\u00e7\u00e3o (<em>associazione<\/em>) deve ser conclu\u00eddo manualmente por este Consulado Geral e por tal motivo pode levar alguns dias.<\/p>\n<p>Ap\u00f3s a conclus\u00e3o do procedimento de associa\u00e7\u00e3o ser\u00e1 poss\u00edvel visualizar o pr\u00f3prio cadastro consular assim como consta para esta Sede.<\/p>\n<p><strong>ATEN\u00c7\u00c3O<\/strong>: caso conste o\u00a0<em>status<\/em> \u00a0\u201cNon iscritto&#8221; no campo \u201cISCRIZIONE AIRE\u201d \u2013 mas o endere\u00e7o e os outros dados constem atualizados \u2013 o interessado N\u00c3O dever\u00e1 solicitar nenhuma atualiza\u00e7\u00e3o. Tal informa\u00e7\u00e3o pode n\u00e3o refletir plenamente a situa\u00e7\u00e3o real acerca da inscri\u00e7\u00e3o. O status \u00e9 atualizado quando o Comune, que recebeu nossa solicita\u00e7\u00e3o de inscri\u00e7\u00e3o, nos comunica a efetiva conclus\u00e3o da inscri\u00e7\u00e3o.<\/p>\n","protected":false},"excerpt":{"rendered":"Caso voc\u00ea seja um cidad\u00e3o italiano j\u00e1 inscrito neste Consulado dever\u00e1 usar o aplicativo FAST IT\u00a0para visualizar a tela de seu cadastro em nosso Consulado podendo assim garantir que seu cadastro esteja corretamente atualizado. Para a visualiza\u00e7\u00e3o, ser\u00e1 necess\u00e1rio criar uma account no aplicativo\u00a0FAST IT\u00a0e sucessivamente solicitar a\u00a0\u201cvincula\u00e7\u00e3o\u201d\u00a0desta conta ao nosso banco de dados (schedario [&hellip;]","protected":false},"author":6,"featured_media":0,"parent":187,"menu_order":0,"comment_status":"closed","ping_status":"closed","template":"","meta":{"footnotes":""},"class_list":["post-376","page","type-page","status-publish","hentry"],"_links":{"self":[{"href":"https:\/\/conssanpaolo.esteri.it\/pt\/wp-json\/wp\/v2\/pages\/376","targetHints":{"allow":["GET"]}}],"collection":[{"href":"https:\/\/conssanpaolo.esteri.it\/pt\/wp-json\/wp\/v2\/pages"}],"about":[{"href":"https:\/\/conssanpaolo.esteri.it\/pt\/wp-json\/wp\/v2\/types\/page"}],"author":[{"embeddable":true,"href":"https:\/\/conssanpaolo.esteri.it\/pt\/wp-json\/wp\/v2\/users\/6"}],"replies":[{"embeddable":true,"href":"https:\/\/conssanpaolo.esteri.it\/pt\/wp-json\/wp\/v2\/comments?post=376"}],"version-history":[{"count":1,"href":"https:\/\/conssanpaolo.esteri.it\/pt\/wp-json\/wp\/v2\/pages\/376\/revisions"}],"predecessor-version":[{"id":3367,"href":"https:\/\/conssanpaolo.esteri.it\/pt\/wp-json\/wp\/v2\/pages\/376\/revisions\/3367"}],"up":[{"embeddable":true,"href":"https:\/\/conssanpaolo.esteri.it\/pt\/wp-json\/wp\/v2\/pages\/187"}],"wp:attachment":[{"href":"https:\/\/conssanpaolo.esteri.it\/pt\/wp-json\/wp\/v2\/media?parent=376"}],"curies":[{"name":"wp","href":"https:\/\/api.w.org\/{rel}","templated":true}]}}