{"id":318,"date":"2023-05-03T16:45:10","date_gmt":"2023-05-03T19:45:10","guid":{"rendered":"https:\/\/conssanpaolo.esteri.it\/?page_id=318"},"modified":"2025-06-25T11:32:46","modified_gmt":"2025-06-25T14:32:46","slug":"1o-passo-como-apresentar-meu-pedido-de-reconhecimento-da-cidadania-italiana","status":"publish","type":"page","link":"https:\/\/conssanpaolo.esteri.it\/pt\/servizi-consolari-e-visti\/servizi-per-il-cittadino-straniero\/cittadinanza\/1o-passo-como-apresentar-meu-pedido-de-reconhecimento-da-cidadania-italiana\/","title":{"rendered":"1\u00ba PASSO &#8211; Como apresentar meu pedido de reconhecimento da cidadania italiana"},"content":{"rendered":"<p>Os requisitos para apresentar junto a este Consulado Geral o pedido de reconhecimento da cidadania italiana:<\/p>\n<ul>\n<li>ser residente em nossa circunscri\u00e7\u00e3o, ou seja, nos estados de S\u00e3o Paulo, Mato Grosso, Mato Grosso do Sul, Acre e Rond\u00f4nia;<\/li>\n<li>ser maior de 18 anos.<\/li>\n<\/ul>\n<p>Os interessados devem seguir os passos dispostos a seguir, clicando nos links e lendo com aten\u00e7\u00e3o todas as instru\u00e7\u00f5es. O pedido deve ser feito INDIVIDUALMENTE por cada maior de idade interessado.<\/p>\n<p><span style=\"color: #ff0000;\"><strong>A falta de uma leitura atenta das informa\u00e7\u00f5es aqui publicadas acarreta atrasos e prejudica o andamento da fila de espera.<\/strong><\/span><\/p>\n<p>Refor\u00e7amos que este Consulado Geral, agindo sempre conforme normativa vigente e dentro das capacidades de sua estrutura, est\u00e1 focado em agilizar ao m\u00e1ximo o seguimento e conclus\u00e3o dos processos de reconhecimento da cidadania italiana.<\/p>\n<ul>\n<li><a href=\"https:\/\/conssanpaolo.esteri.it\/pt\/servizi-consolari-e-visti\/servizi-per-il-cittadino-straniero\/cittadinanza\/riconoscimento-della-cittadinanza-per-discendenza-jure-sanguinis\/1o-passo-como-apresentar-meu-pedido-de-reconhecimento-da-cidadania-italiana\/domande-di-cittadinanza-jure-sanguinis-iscrizioni-in-lista-2023-nuova-procedura-su-portale-prenotmi\/\"><strong>ENVIO DO REQUERIMENTO<\/strong><\/a><\/li>\n<li><a href=\"https:\/\/conssanpaolo.esteri.it\/pt\/servizi-consolari-e-visti\/servizi-per-il-cittadino-straniero\/cittadinanza\/riconoscimento-della-cittadinanza-per-discendenza-jure-sanguinis\/1o-passo-como-apresentar-meu-pedido-de-reconhecimento-da-cidadania-italiana\/consultazione-delle-liste-riguardanti-le-richieste-pervenute-2\/\"><strong>CONSULTE AS LISTAS DE REQUERIMENTOS ENVIADOS<\/strong><\/a><\/li>\n<li><a href=\"https:\/\/conssanpaolo.esteri.it\/pt\/servizi-consolari-e-visti\/servizi-per-il-cittadino-straniero\/cittadinanza\/riconoscimento-della-cittadinanza-per-discendenza-jure-sanguinis\/1o-passo-como-apresentar-meu-pedido-de-reconhecimento-da-cidadania-italiana\/domande-frequenti\/\"><strong>PERGUNTAS FREQUENTES<\/strong><\/a><\/li>\n<\/ul>\n","protected":false},"excerpt":{"rendered":"Os requisitos para apresentar junto a este Consulado Geral o pedido de reconhecimento da cidadania italiana: ser residente em nossa circunscri\u00e7\u00e3o, ou seja, nos estados de S\u00e3o Paulo, Mato Grosso, Mato Grosso do Sul, Acre e Rond\u00f4nia; ser maior de 18 anos. Os interessados devem seguir os passos dispostos a seguir, clicando nos links e [&hellip;]","protected":false},"author":5,"featured_media":0,"parent":197,"menu_order":0,"comment_status":"closed","ping_status":"closed","template":"","meta":{"footnotes":""},"class_list":["post-318","page","type-page","status-publish","hentry"],"_links":{"self":[{"href":"https:\/\/conssanpaolo.esteri.it\/pt\/wp-json\/wp\/v2\/pages\/318","targetHints":{"allow":["GET"]}}],"collection":[{"href":"https:\/\/conssanpaolo.esteri.it\/pt\/wp-json\/wp\/v2\/pages"}],"about":[{"href":"https:\/\/conssanpaolo.esteri.it\/pt\/wp-json\/wp\/v2\/types\/page"}],"author":[{"embeddable":true,"href":"https:\/\/conssanpaolo.esteri.it\/pt\/wp-json\/wp\/v2\/users\/5"}],"replies":[{"embeddable":true,"href":"https:\/\/conssanpaolo.esteri.it\/pt\/wp-json\/wp\/v2\/comments?post=318"}],"version-history":[{"count":6,"href":"https:\/\/conssanpaolo.esteri.it\/pt\/wp-json\/wp\/v2\/pages\/318\/revisions"}],"predecessor-version":[{"id":5038,"href":"https:\/\/conssanpaolo.esteri.it\/pt\/wp-json\/wp\/v2\/pages\/318\/revisions\/5038"}],"up":[{"embeddable":true,"href":"https:\/\/conssanpaolo.esteri.it\/pt\/wp-json\/wp\/v2\/pages\/197"}],"wp:attachment":[{"href":"https:\/\/conssanpaolo.esteri.it\/pt\/wp-json\/wp\/v2\/media?parent=318"}],"curies":[{"name":"wp","href":"https:\/\/api.w.org\/{rel}","templated":true}]}}