{"id":31,"date":"2022-12-05T15:37:14","date_gmt":"2022-12-05T18:37:14","guid":{"rendered":"https:\/\/conssanpaolo.esteri.it\/italia-e-brasile\/"},"modified":"2023-12-08T11:33:57","modified_gmt":"2023-12-08T14:33:57","slug":"italia-e-brasile","status":"publish","type":"page","link":"https:\/\/conssanpaolo.esteri.it\/pt\/italia-e-brasile\/","title":{"rendered":"It\u00e1lia e Brasil"},"content":{"rendered":"<p>Para visualizar os contatos dos diferentes setores do Consulado, visitar a se\u00e7\u00e3o\u00a0<strong><a href=\"https:\/\/conssanpaolo.esteri.it\/it\/chi-siamo\/contatti\/\">OS DEPARTAMENTOS<\/a>.<\/strong><\/p>\n<p>Para visualizar os contatos dos escrit\u00f3rios da Rede Consular Honor\u00e1ria na circunscri\u00e7\u00e3o de S\u00e3o Paulo, visitar a se\u00e7\u00e3o\u00a0<a href=\"https:\/\/conssanpaolo.esteri.it\/it\/chi-siamo\/la-rete-consolare\/\"><strong>REDE CONSULAR<\/strong><\/a>.<\/p>\n<p>Para informa\u00e7\u00f5es gerais e operativas sobre seguran\u00e7a no Brasil, convidamos\u00a0 a consultar\u00a0 a se\u00e7\u00e3o \u201c<a href=\"http:\/\/www.viaggiaresicuri.it\/\"><strong>VIAGGIARE SICURI<\/strong><\/a>\u201d. Se tiverem uma viagem programada para o Brasil, n\u00e3o se esque\u00e7am de fazer o registro no site \u201c<a href=\"https:\/\/www.dovesiamonelmondo.it\/\"><strong>DOVE SIAMO NEL MONDO<\/strong><\/a>&#8221; para ser localizado em caso de emerg\u00eancia.<\/p>\n<p>Para os servi\u00e7os consulares, visitar a se\u00e7\u00e3o\u00a0<a href=\"https:\/\/conssanpaolo.esteri.it\/it\/servizi-consolari-e-visti\/\"><strong>PASSAPORTES E SERVI\u00c7OS<\/strong><\/a>.<\/p>\n<p>Para as not\u00edcias e os comunicados publicados pelo Consulado, visitar a se\u00e7\u00e3o NOT\u00cdCIAS E COMUNICADOS DE IMPRENSA presente na p\u00e1gina inicial deste mesmo site.<\/p>\n<p>Para informa\u00e7\u00f5es sobre oportunidades de estudo na It\u00e1lia e no Brasil, visitar a se\u00e7\u00e3o\u00a0<a href=\"https:\/\/conssanpaolo.esteri.it\/it\/italia-e-brasile\/diplomazia-culturale\/\"><strong>ESTUDOS<\/strong><\/a>.<\/p>\n<p>Para consultar o livro consular, visitar a se\u00e7\u00e3o\u00a0<a href=\"https:\/\/conssanpaolo.esteri.it\/it\/servizi-consolari-e-visti\/servizi-per-il-cittadino-italiano\/altri-servizi\/albo-consolare\/\"><strong>EDITAIS DE PUBLICA\u00c7\u00c3O<\/strong><\/a>.<\/p>\n","protected":false},"excerpt":{"rendered":"Para visualizar os contatos dos diferentes setores do Consulado, visitar a se\u00e7\u00e3o\u00a0OS DEPARTAMENTOS. Para visualizar os contatos dos escrit\u00f3rios da Rede Consular Honor\u00e1ria na circunscri\u00e7\u00e3o de S\u00e3o Paulo, visitar a se\u00e7\u00e3o\u00a0REDE CONSULAR. Para informa\u00e7\u00f5es gerais e operativas sobre seguran\u00e7a no Brasil, convidamos\u00a0 a consultar\u00a0 a se\u00e7\u00e3o \u201cVIAGGIARE SICURI\u201d. Se tiverem uma viagem programada para o [&hellip;]","protected":false},"author":2,"featured_media":0,"parent":0,"menu_order":0,"comment_status":"closed","ping_status":"closed","template":"","meta":{"footnotes":""},"class_list":["post-31","page","type-page","status-publish","hentry"],"_links":{"self":[{"href":"https:\/\/conssanpaolo.esteri.it\/pt\/wp-json\/wp\/v2\/pages\/31","targetHints":{"allow":["GET"]}}],"collection":[{"href":"https:\/\/conssanpaolo.esteri.it\/pt\/wp-json\/wp\/v2\/pages"}],"about":[{"href":"https:\/\/conssanpaolo.esteri.it\/pt\/wp-json\/wp\/v2\/types\/page"}],"author":[{"embeddable":true,"href":"https:\/\/conssanpaolo.esteri.it\/pt\/wp-json\/wp\/v2\/users\/2"}],"replies":[{"embeddable":true,"href":"https:\/\/conssanpaolo.esteri.it\/pt\/wp-json\/wp\/v2\/comments?post=31"}],"version-history":[{"count":1,"href":"https:\/\/conssanpaolo.esteri.it\/pt\/wp-json\/wp\/v2\/pages\/31\/revisions"}],"predecessor-version":[{"id":3399,"href":"https:\/\/conssanpaolo.esteri.it\/pt\/wp-json\/wp\/v2\/pages\/31\/revisions\/3399"}],"wp:attachment":[{"href":"https:\/\/conssanpaolo.esteri.it\/pt\/wp-json\/wp\/v2\/media?parent=31"}],"curies":[{"name":"wp","href":"https:\/\/api.w.org\/{rel}","templated":true}]}}