{"id":30,"date":"2022-12-05T15:37:38","date_gmt":"2022-12-05T18:37:38","guid":{"rendered":"https:\/\/conssanpaolo.esteri.it\/chi-siamo\/"},"modified":"2026-01-02T13:17:21","modified_gmt":"2026-01-02T16:17:21","slug":"chi-siamo","status":"publish","type":"page","link":"https:\/\/conssanpaolo.esteri.it\/pt\/chi-siamo\/","title":{"rendered":"Quem somos"},"content":{"rendered":"<p>O Consulado Geral da It\u00e1lia em S\u00e3o Paulo \u00e9 competente pelos Estados de S\u00e3o Paulo, Mato Grosso, Mato Grosso do Sul, Rond\u00f4nia e Acre.<\/p>\n<p><strong>ENDERE\u00c7O:<\/strong>\u00a0Av. Paulista, 1963 &#8211; CEP 01311-300 &#8211; S\u00e3o Paulo (SP)<\/p>\n<p><strong>Os setores consulares podem ser contatados atrav\u00e9s dos emails dispon\u00edveis na se\u00e7\u00e3o <a href=\"https:\/\/conssanpaolo.esteri.it\/pt\/chi-siamo\/contatti\/\">CONTATOS<\/a><\/strong>.<\/p>\n<p>ANTES DE ENVIAR E-MAILS COM D\u00daVIDAS PEDIMOS GENTILMENTE LER COM ATEN\u00c7\u00c3O AS INSTRU\u00c7\u00d5ES DISPOSTAS NESTE SITE. Este Consulado Geral dar\u00e1 prioridade \u00e0s perguntas cujas respostas n\u00e3o se encontrem j\u00e1 publicadas no site.<\/p>\n<hr \/>\n<div class=\"container\">\n<div id=\"main\" role=\"main\">\n<div class=\"row\">\n<article id=\"articolo_centro\" class=\"col-md-15 col-sm-15 padding_articolo item-page\" role=\"main\" aria-label=\"articolo\">\n<h4 style=\"text-align: center;\">Modalidades de acesso ao Consulado Geral<\/h4>\n<\/article>\n<\/div>\n<\/div>\n<\/div>\n<p style=\"text-align: justify;\"><strong>O Consulado-Geral recebe apenas com hora marcada e o uso da m\u00e1scara ser\u00e1 aconselhado em caso de aglomera\u00e7\u00e3o nas depend\u00eancias do Consulado.<\/strong><\/p>\n<p style=\"text-align: justify;\">Visite as diferentes se\u00e7\u00f5es do nosso site para saber como agendar hor\u00e1rios para cada setor.<\/p>\n<p style=\"text-align: justify;\"><strong>HOR\u00c1RIO DE ATENDIMENTO AO P\u00daBLICO<\/strong>: de segunda a sexta das 9h \u00e0s 13h30.<br \/>\n<strong>ATEN\u00c7\u00c3O<\/strong>: alguns setores podem receber o p\u00fablico em hor\u00e1rios diferentes, por\u00e9m sempre com agendamento pr\u00e9vio.<\/p>\n<p style=\"text-align: justify;\">Dias em que o Consulado permanecer\u00e1 fechado ao p\u00fablico: veja os <a href=\"https:\/\/conssanpaolo.esteri.it\/wp-content\/uploads\/2026\/01\/Festivita-2026.pdf\"><strong>FERIADOS observados em 2026<\/strong><\/a>.<\/p>\n<p style=\"text-align: justify;\">Por motivos de seguran\u00e7a, a fim de preservar os usu\u00e1rios do Consulado Geral da It\u00e1lia em San Paolo em primeiro lugar, bem como todos os funcion\u00e1rios em servi\u00e7o, informamos que <strong>o ingresso ser\u00e1 autorizado apenas aos usu\u00e1rios que necessitem pessoalmente da presta\u00e7\u00e3o do servi\u00e7o consular.<\/strong><\/p>\n<div class=\"container\">\n<div id=\"main\" role=\"main\">\n<div class=\"row\">\n<article id=\"articolo_centro\" class=\"col-md-15 col-sm-15 padding_articolo item-page\" role=\"main\" aria-label=\"articolo\">\n<div class=\"container\">\n<div id=\"main\" role=\"main\">\n<div class=\"row\">\n<article id=\"articolo_centro\" class=\"col-md-15 col-sm-15 padding_articolo item-page\" role=\"main\" aria-label=\"articolo\">O acesso \u00e0 \u00e1rea do Consulado Geral \u00e8 controlado pela Autoridade Policial italiana \u201cArma dei Carabinieri\u201d, auxiliada por empresa de seguran\u00e7a privada local, seja para verificar o tipo de servi\u00e7o requerido, como para monitorar que o n\u00famero de pessoas que ingressam no Consulado durante o hor\u00e1rio de atendimento n\u00e3o supere o m\u00e1ximo permitido. Parentes, amigos ou outros acompanhantes n\u00e3o ser\u00e3o admitidos no pr\u00e9dio. Exce\u00e7\u00f5es ser\u00e3o consentidas apenas no caso de pais de menores ou de acompanhante de pessoa portadora de defici\u00eancia. N\u00e3o \u00e9 permitido fotografar, fazer v\u00eddeos ou grava\u00e7\u00f5es.<\/article>\n<article class=\"col-md-15 col-sm-15 padding_articolo item-page\" role=\"main\" aria-label=\"articolo\">\n<p style=\"text-align: justify;\">Reiterando que as medidas acima mencionadas tem o intento de assegurar um melhor atendimento e maior seguran\u00e7a aos usu\u00e1rios, pedimos desculpas por eventuais transtornos e agradecemos sua colabora\u00e7\u00e3o.<\/p>\n<p style=\"text-align: justify;\">Em considera\u00e7\u00e3o ao elevado n\u00famero de pessoas na sala de espera e ao n\u00edvel de aten\u00e7\u00e3o exigido para a an\u00e1lise de todos os procedimentos consulares, solicitamos manter um comportamento adequado evitando elevar a voz e mantendo o ambiente silencioso e tranquilo.<\/p>\n<\/article>\n<\/div>\n<\/div>\n<\/div>\n<\/article>\n<\/div>\n<\/div>\n<\/div>\n","protected":false},"excerpt":{"rendered":"O Consulado Geral da It\u00e1lia em S\u00e3o Paulo \u00e9 competente pelos Estados de S\u00e3o Paulo, Mato Grosso, Mato Grosso do Sul, Rond\u00f4nia e Acre. ENDERE\u00c7O:\u00a0Av. Paulista, 1963 &#8211; CEP 01311-300 &#8211; S\u00e3o Paulo (SP) Os setores consulares podem ser contatados atrav\u00e9s dos emails dispon\u00edveis na se\u00e7\u00e3o CONTATOS. ANTES DE ENVIAR E-MAILS COM D\u00daVIDAS PEDIMOS GENTILMENTE [&hellip;]","protected":false},"author":2,"featured_media":0,"parent":0,"menu_order":0,"comment_status":"closed","ping_status":"closed","template":"","meta":{"footnotes":""},"class_list":["post-30","page","type-page","status-publish","hentry"],"_links":{"self":[{"href":"https:\/\/conssanpaolo.esteri.it\/pt\/wp-json\/wp\/v2\/pages\/30","targetHints":{"allow":["GET"]}}],"collection":[{"href":"https:\/\/conssanpaolo.esteri.it\/pt\/wp-json\/wp\/v2\/pages"}],"about":[{"href":"https:\/\/conssanpaolo.esteri.it\/pt\/wp-json\/wp\/v2\/types\/page"}],"author":[{"embeddable":true,"href":"https:\/\/conssanpaolo.esteri.it\/pt\/wp-json\/wp\/v2\/users\/2"}],"replies":[{"embeddable":true,"href":"https:\/\/conssanpaolo.esteri.it\/pt\/wp-json\/wp\/v2\/comments?post=30"}],"version-history":[{"count":6,"href":"https:\/\/conssanpaolo.esteri.it\/pt\/wp-json\/wp\/v2\/pages\/30\/revisions"}],"predecessor-version":[{"id":9611,"href":"https:\/\/conssanpaolo.esteri.it\/pt\/wp-json\/wp\/v2\/pages\/30\/revisions\/9611"}],"wp:attachment":[{"href":"https:\/\/conssanpaolo.esteri.it\/pt\/wp-json\/wp\/v2\/media?parent=30"}],"curies":[{"name":"wp","href":"https:\/\/api.w.org\/{rel}","templated":true}]}}