{"id":2991,"date":"2023-10-06T19:59:48","date_gmt":"2023-10-06T22:59:48","guid":{"rendered":"https:\/\/conssanpaolo.esteri.it\/servizi-consolari-e-visti\/servizi-per-il-cittadino-italiano\/prove-di-residenza-accettate\/"},"modified":"2025-10-14T09:30:32","modified_gmt":"2025-10-14T12:30:32","slug":"prove-di-residenza-accettate","status":"publish","type":"page","link":"https:\/\/conssanpaolo.esteri.it\/pt\/servizi-consolari-e-visti\/servizi-per-il-cittadino-italiano\/prove-di-residenza-accettate\/","title":{"rendered":"Comprovantes de resid\u00eancia aceitos"},"content":{"rendered":"<p>Para a solicita\u00e7\u00e3o de servi\u00e7os consulares \u00e9 imprescind\u00edvel apresentar um dos seguintes comprovantes de resid\u00eancia em nossa circunscri\u00e7\u00e3o consular:<\/p>\n<ul>\n<li>Prestadores de servi\u00e7os (eletricidade, g\u00e1s, \u00e1gua, telefone fixo, Internet, TV a cabo)<\/li>\n<li>Taxas universit\u00e1rias<\/li>\n<li>Recibo de Pagamento aposentadoria<\/li>\n<li><span style=\"text-decoration: underline;\"><strong><a href=\"https:\/\/conssanpaolo.esteri.it\/wp-content\/uploads\/2023\/10\/2-DICH-DEL-DATORE-DI-LAVORO-POR.pdf\">Declara\u00e7\u00e3o do empregador<\/a><\/strong><\/span> (em papel timbrado e com firma reconhecida em cart\u00f3rio <span style=\"text-decoration: underline;\">por autenticidade<\/span>)<\/li>\n<li>Declara\u00e7\u00e3o de imposto de renda (nos 90 dias sucessivos a data de protocolo)<\/li>\n<li><span style=\"text-decoration: underline;\"><strong><a href=\"https:\/\/conssanpaolo.esteri.it\/wp-content\/uploads\/2023\/10\/1-DICH-AMMINISTR.-DI-CONDOMINIO-POR.pdf\">Declara\u00e7\u00e3o do s\u00edndico do pr\u00e9dio<\/a> <\/strong><\/span>(em papel timbrado e com firma reconhecida em cart\u00f3rio <span style=\"text-decoration: underline;\">por autenticidade<\/span>)<\/li>\n<\/ul>\n<p><strong>Todos os comprovantes listados acima s\u00e3o alternativos e n\u00e3o cumulativos; dever\u00e3o, ainda, ser recentes<\/strong>\u00a0(<span style=\"text-decoration: underline;\"><strong>emitidos h\u00e1 no m\u00e1ximo 90 dias<\/strong><\/span>).<\/p>\n<p>Poder\u00e1 ser apresentado um comprovante em nome do c\u00f4njuge (se acompanhado de provas da persist\u00eancia do v\u00ednculo conjugal &#8211; por exemplo, certid\u00e3o de casamento recente) ou do pai\/m\u00e3e, no caso de filhos <strong>(at\u00e9 30 anos).<\/strong> Neste \u00faltimo caso, o comprovante deve ser acompanhado de uma <span style=\"text-decoration: underline;\"><strong><a href=\"https:\/\/conssanpaolo.esteri.it\/wp-content\/uploads\/2024\/01\/pt-DICH-DEL-GENITORE-CONVIVENTE-ITA1.pdf\">declara\u00e7\u00e3o assinada (clique aqui)<\/a><\/strong><\/span> conforme orienta\u00e7\u00f5es dispostas no pr\u00f3prio formul\u00e1rio.<\/p>\n<p><span style=\"text-decoration: underline;\"><strong>N\u00c3O est\u00e3o previstas exce\u00e7\u00f5es. Ao solicitar servi\u00e7os, um dos documentos listados acima ser\u00e1 exigido.<\/strong><\/span><\/p>\n","protected":false},"excerpt":{"rendered":"Para a solicita\u00e7\u00e3o de servi\u00e7os consulares \u00e9 imprescind\u00edvel apresentar um dos seguintes comprovantes de resid\u00eancia em nossa circunscri\u00e7\u00e3o consular: Prestadores de servi\u00e7os (eletricidade, g\u00e1s, \u00e1gua, telefone fixo, Internet, TV a cabo) Taxas universit\u00e1rias Recibo de Pagamento aposentadoria Declara\u00e7\u00e3o do empregador (em papel timbrado e com firma reconhecida em cart\u00f3rio por autenticidade) Declara\u00e7\u00e3o de imposto de [&hellip;]","protected":false},"author":6,"featured_media":0,"parent":100,"menu_order":0,"comment_status":"closed","ping_status":"closed","template":"","meta":{"footnotes":""},"class_list":["post-2991","page","type-page","status-publish","hentry"],"_links":{"self":[{"href":"https:\/\/conssanpaolo.esteri.it\/pt\/wp-json\/wp\/v2\/pages\/2991","targetHints":{"allow":["GET"]}}],"collection":[{"href":"https:\/\/conssanpaolo.esteri.it\/pt\/wp-json\/wp\/v2\/pages"}],"about":[{"href":"https:\/\/conssanpaolo.esteri.it\/pt\/wp-json\/wp\/v2\/types\/page"}],"author":[{"embeddable":true,"href":"https:\/\/conssanpaolo.esteri.it\/pt\/wp-json\/wp\/v2\/users\/6"}],"replies":[{"embeddable":true,"href":"https:\/\/conssanpaolo.esteri.it\/pt\/wp-json\/wp\/v2\/comments?post=2991"}],"version-history":[{"count":6,"href":"https:\/\/conssanpaolo.esteri.it\/pt\/wp-json\/wp\/v2\/pages\/2991\/revisions"}],"predecessor-version":[{"id":9102,"href":"https:\/\/conssanpaolo.esteri.it\/pt\/wp-json\/wp\/v2\/pages\/2991\/revisions\/9102"}],"up":[{"embeddable":true,"href":"https:\/\/conssanpaolo.esteri.it\/pt\/wp-json\/wp\/v2\/pages\/100"}],"wp:attachment":[{"href":"https:\/\/conssanpaolo.esteri.it\/pt\/wp-json\/wp\/v2\/media?parent=2991"}],"curies":[{"name":"wp","href":"https:\/\/api.w.org\/{rel}","templated":true}]}}