{"id":2956,"date":"2023-09-25T22:20:16","date_gmt":"2023-09-26T01:20:16","guid":{"rendered":"https:\/\/conssanpaolo.esteri.it\/servizi-consolari-e-visti\/servizi-per-il-cittadino-italiano\/anagrafe-degli-italiani-residenti-allestero-aire\/prima-iscrizione-ai-r-e-pressoquesto-consolato\/"},"modified":"2025-02-17T10:10:43","modified_gmt":"2025-02-17T13:10:43","slug":"prima-iscrizione-ai-r-e-pressoquesto-consolato","status":"publish","type":"page","link":"https:\/\/conssanpaolo.esteri.it\/pt\/servizi-consolari-e-visti\/servizi-per-il-cittadino-italiano\/anagrafe-degli-italiani-residenti-allestero-aire\/prima-iscrizione-ai-r-e-pressoquesto-consolato\/","title":{"rendered":"Primeira inscri\u00e7\u00e3o no AIRE neste Consulado"},"content":{"rendered":"<header class=\"entry-header\"><\/header>\n<div class=\"entry-content\" style=\"text-align: center;\">\n<p style=\"text-align: justify;\">Esta se\u00e7\u00e3o diz respeito aos cidad\u00e3os italianos que se inscrever\u00e3o pela primeira vez neste Consulado. Caso voc\u00ea tenha obtido sua cidadania italiana recentemente diretamente em um comune italiano<a href=\"https:\/\/conssanpaolo.esteri.it\/pt\/servizi-consolari-e-visti\/servizi-per-il-cittadino-italiano\/anagrafe-degli-italiani-residenti-allestero-aire\/prima-iscrizione-a-i-r-e-presso-questo-consolato\/\"><span style=\"text-decoration: underline;\"><strong> CLIQUE AQUI.<\/strong><\/span><\/a> Caso tenha obtido a cidadania por senten\u00e7a <a href=\"https:\/\/conssanpaolo.esteri.it\/pt\/servizi-consolari-e-visti\/servizi-per-il-cittadino-italiano\/anagrafe-degli-italiani-residenti-allestero-aire\/iscrizione-aire-a-seguito-di-cittadinanza-riconosciuta-tramite-sentenza\/\">CLIQUE AQUI.<\/a><\/p>\n<p style=\"text-align: justify;\">Cada cidad\u00e3o italiano\u00a0<strong>MAIOR DE IDADE<\/strong>\u00a0(18 anos) ter\u00e1 que apresentar seu pr\u00f3prio pedido\u00a0<strong>INDIVIDUAL<\/strong> (mesmo no caso de c\u00f4njuges\/filhos maiores residentes com os pais).<\/p>\n<ul style=\"text-align: justify;\">\n<li style=\"text-align: justify;\">Pedimos que N\u00c3O SEJAM DECLARADOS (E ASSIM N\u00c3O SEJAM INSERIDOS) na solicita\u00e7\u00e3o dos pais o nome de filhos MAIORES DE IDADE, ainda que morem com os pais.<\/li>\n<li style=\"text-align: justify;\"><strong>No caso de filhos MENORES DE IDADE\u00a0<\/strong>\u00e9 necess\u00e1rio indicar o nome completo dos pais e \u00e9 tamb\u00e9m imprescind\u00edvel a <strong>assinatura de ambos os genitores na declara\u00e7\u00e3o a ser anexada.<\/strong><\/li>\n<\/ul>\n<p style=\"text-align: justify;\">Para outras d\u00favidas pedimos que seja lida com aten\u00e7\u00e3o a se\u00e7\u00e3o cima citada, na qual s\u00e3o reportados erros frequentes que, quando evitados, tornam o procedimento mais c\u00e9lere.<\/p>\n<p style=\"text-align: center;\"><a href=\"https:\/\/conssanpaolo.esteri.it\/pt\/servizi-consolari-e-visti\/servizi-per-il-cittadino-italiano\/anagrafe-degli-italiani-residenti-allestero-aire\/istruzioni-per-corretto-inserimento-dati-fast-it\/\"><span style=\"color: #374f8b;\"><strong>CLIQUE AQUI E LEIA AS INSTRU\u00c7\u00d5ES ANTES DE INICIAR SEU CADASTRO NO PORTAL FAST IT<\/strong><\/span><\/a><\/p>\n<hr \/>\n<p style=\"text-align: justify; padding-left: 40px;\"><strong>ANEXO A:<\/strong><\/p>\n<ul>\n<li style=\"list-style-type: none;\">\n<ul style=\"text-align: justify;\">\n<li>Formul\u00e1rio &#8220;<a href=\"https:\/\/conssanpaolo.esteri.it\/wp-content\/uploads\/2023\/07\/ANAG.-DICH.-SOST.-DEFINITIVA.pdf\"><strong>Dichiarazione sostitutiva \/ Modulo d&#8217;iscrizione all&#8217;AIRE<\/strong><\/a>&#8221; devidamente\u00a0<strong>preenchido EM TODOS OS CAMPOS<\/strong>\u00a0e assinado (caso o login N\u00c3O tenha sido feito com SPID ou CIE); n\u00e3o ser\u00e3o aceitas assinaturas digitais n\u00e3o reconhecidas na It\u00e1lia.<\/li>\n<\/ul>\n<\/li>\n<\/ul>\n<p style=\"padding-left: 80px; text-align: justify;\"><strong>ATEN\u00c7\u00c3O<\/strong>: o formul\u00e1rio N\u00c3O deve conter acentos. Caso o formul\u00e1rio, gerado automaticamente, reporte acentos significa que tal campo foi precedentemente preenchido pelo solicitante com acento. Neste caso \u00e9 necess\u00e1rio voltar at\u00e9 o passo do preenchimento e corrigir. NENHUM CAMPO DO FORMUL\u00c1RIO DEVE REPORTAR ACENTOS\/CEDILHA\/ETC.<\/p>\n<p style=\"text-align: justify; padding-left: 40px;\"><strong>ANEXO B:<\/strong><\/p>\n<ul>\n<li style=\"list-style-type: none;\">\n<ul style=\"text-align: justify;\">\n<li>Um dos seguintes documentos onde conste a assinatura atual do requerente: passaporte italiano, carteira de identidade italiana e RG ou CNH v\u00e1lido. N\u00e3o ser\u00e1 aceito nenhum documento de identidade de classe, como OAB\/CREA\/etc. uma vez que n\u00e3o s\u00e3o reconhecidos na It\u00e1lia.<\/li>\n<\/ul>\n<\/li>\n<\/ul>\n<p style=\"text-align: justify; padding-left: 40px;\"><strong>ANEXO C:<\/strong><\/p>\n<ul>\n<li style=\"list-style-type: none;\">\n<ul>\n<li style=\"text-align: left;\">Comprovante de resid\u00eancia nominal e recente (validade m\u00e1xima tr\u00eas meses) em nome de cada requerente maior de idade onde conste nome e endere\u00e7o completo do interessado, al\u00e9m da data de emiss\u00e3o. <a href=\"https:\/\/conssanpaolo.esteri.it\/pt\/servizi-consolari-e-visti\/servizi-per-il-cittadino-italiano\/prove-di-residenza-accettate\/\"><strong>CLIQUE AQUI<\/strong><\/a>\u00a0para verificar quais comprovantes ser\u00e3o aceitos.<\/li>\n<\/ul>\n<\/li>\n<\/ul>\n<p><strong>IMPORTANTE<\/strong><\/p>\n<p style=\"text-align: justify;\">Observe que\u00a0<strong>o prazo m\u00e1ximo legal para o processamento das solicita\u00e7\u00f5es de inscri\u00e7\u00e3o\/atualiza\u00e7\u00e3o da AIRE \u00e9 de 180<\/strong>\u00a0dias a\u00a0<strong>partir da data de apresenta\u00e7\u00e3o do requerimento\u00a0completo\u00a0de\u00a0todos\u00a0os\u00a0documentos necess\u00e1rios<\/strong>, mas que este Consulado Geral est\u00e1 comprometido com a r\u00e1pida elabora\u00e7\u00e3o dos processos.<\/p>\n<p style=\"text-align: justify;\">Para saber mais, visualize o V\u00cdDEO a seguir que poder\u00e1 ajud\u00e1-lo a concluir sua solicita\u00e7\u00e3o de forma correta.<\/p>\n<p><iframe loading=\"lazy\" src=\"https:\/\/www.youtube.com\/embed\/PTOdvaL4nHQ\" width=\"560\" height=\"315\" frameborder=\"0\" allowfullscreen=\"allowfullscreen\" data-mce-fragment=\"1\"><\/iframe><\/p>\n<\/div>\n","protected":false},"excerpt":{"rendered":"Esta se\u00e7\u00e3o diz respeito aos cidad\u00e3os italianos que se inscrever\u00e3o pela primeira vez neste Consulado. Caso voc\u00ea tenha obtido sua cidadania italiana recentemente diretamente em um comune italiano CLIQUE AQUI. Caso tenha obtido a cidadania por senten\u00e7a CLIQUE AQUI. Cada cidad\u00e3o italiano\u00a0MAIOR DE IDADE\u00a0(18 anos) ter\u00e1 que apresentar seu pr\u00f3prio pedido\u00a0INDIVIDUAL (mesmo no caso de [&hellip;]","protected":false},"author":6,"featured_media":0,"parent":187,"menu_order":1,"comment_status":"closed","ping_status":"closed","template":"","meta":{"footnotes":""},"class_list":["post-2956","page","type-page","status-publish","hentry"],"_links":{"self":[{"href":"https:\/\/conssanpaolo.esteri.it\/pt\/wp-json\/wp\/v2\/pages\/2956","targetHints":{"allow":["GET"]}}],"collection":[{"href":"https:\/\/conssanpaolo.esteri.it\/pt\/wp-json\/wp\/v2\/pages"}],"about":[{"href":"https:\/\/conssanpaolo.esteri.it\/pt\/wp-json\/wp\/v2\/types\/page"}],"author":[{"embeddable":true,"href":"https:\/\/conssanpaolo.esteri.it\/pt\/wp-json\/wp\/v2\/users\/6"}],"replies":[{"embeddable":true,"href":"https:\/\/conssanpaolo.esteri.it\/pt\/wp-json\/wp\/v2\/comments?post=2956"}],"version-history":[{"count":6,"href":"https:\/\/conssanpaolo.esteri.it\/pt\/wp-json\/wp\/v2\/pages\/2956\/revisions"}],"predecessor-version":[{"id":6655,"href":"https:\/\/conssanpaolo.esteri.it\/pt\/wp-json\/wp\/v2\/pages\/2956\/revisions\/6655"}],"up":[{"embeddable":true,"href":"https:\/\/conssanpaolo.esteri.it\/pt\/wp-json\/wp\/v2\/pages\/187"}],"wp:attachment":[{"href":"https:\/\/conssanpaolo.esteri.it\/pt\/wp-json\/wp\/v2\/media?parent=2956"}],"curies":[{"name":"wp","href":"https:\/\/api.w.org\/{rel}","templated":true}]}}