{"id":29,"date":"2022-12-05T15:38:00","date_gmt":"2022-12-05T18:38:00","guid":{"rendered":"https:\/\/conssanpaolo.esteri.it\/servizi-consolari-e-visti\/"},"modified":"2025-07-28T15:20:14","modified_gmt":"2025-07-28T18:20:14","slug":"servizi-consolari-e-visti","status":"publish","type":"page","link":"https:\/\/conssanpaolo.esteri.it\/pt\/servizi-consolari-e-visti\/","title":{"rendered":"Servi\u00e7os Consulares e Vistos"},"content":{"rendered":"<p style=\"text-align: justify;\">Os servi\u00e7os consulares s\u00e3o oferecidos de acordo com os princ\u00edpios de igualdade, imparcialidade, efici\u00eancia e transpar\u00eancia.<\/p>\n<ul style=\"text-align: justify;\">\n<li>Para entrar em contato com os setores deste Consulado, visite a p\u00e1gina\u00a0<a href=\"https:\/\/conssanpaolo.esteri.it\/it\/chi-siamo\/contatti\/\"><strong>CONTATOS<\/strong><\/a>.<\/li>\n<li>Para informa\u00e7\u00f5es sobre dias e hor\u00e1rios de atendimento ao p\u00fablico e a lista de feriados observados pelo Consulado, visitar a p\u00e1gina\u00a0<a href=\"https:\/\/conssanpaolo.esteri.it\/it\/chi-siamo\/\"><strong>QUEM SOMOS<\/strong><\/a>.<\/li>\n<\/ul>\n<hr \/>\n<ul>\n<li data-order=\"0\"><a class=\"list-item\" title=\"Servizi per il cittadino italiano\" href=\"https:\/\/conssanpaolo.esteri.it\/it\/servizi-consolari-e-visti\/servizi-per-il-cittadino-italiano\/\" data-focus-mouse=\"false\">Servi\u00e7os para o cidad\u00e3o italiano<\/a><\/li>\n<li><a class=\"list-item\" title=\"Servizi per il cittadino straniero\" href=\"https:\/\/conssanpaolo.esteri.it\/it\/servizi-consolari-e-visti\/servizi-per-il-cittadino-straniero\/\" data-focus-mouse=\"false\">Servi\u00e7os para o cidad\u00e3o estrangeiro<\/a><\/li>\n<\/ul>\n<hr \/>\n<p style=\"text-align: justify;\"><strong>PROTE\u00c7\u00c3O DOS DADOS PESSOAIS<\/strong><\/p>\n<p style=\"text-align: justify;\">A seguir os textos informativos destinados aos usu\u00e1rios\u00a0<strong>sobre o tratamento dos dados pessoais<\/strong>\u00a0divididos por tipologia de servi\u00e7o:<br \/>\n<em>(clicar no item desejado evidenciado em negrito)<\/em><\/p>\n<ul style=\"text-align: justify;\">\n<li>Informativo sobre o tratamento dos dados pessoais para pedidos de reconhecimento da\u00a0<a href=\"https:\/\/conssanpaolo.esteri.it\/wp-content\/uploads\/2023\/05\/Informativa_TDP_per_CITTADINANZA__all.2__Rev._feb._2023-CGSP.pdf\"><strong>CIDADANIA\u00a0<\/strong><\/a><\/li>\n<li>Informativo sobre o tratamento dos dados pessoais para os demais\u00a0<a href=\"https:\/\/conssanpaolo.esteri.it\/wp-content\/uploads\/2023\/05\/Informativa_TDP_per_SERVIZI-CONSOLARI_ex_visti_e_cittadinanza__all.3__Rev._feb.2023-CGSP.pdf\"><strong>SERVI\u00c7OS CONSULARES<\/strong><\/a><\/li>\n<\/ul>\n<p>Para acessar \u00e0 normativa completa <a href=\"https:\/\/conssanpaolo.esteri.it\/wp-content\/uploads\/2018\/05\/RGPD-UE-2016-679-con-rettifiche-2018.pdf\">clique aqui<\/a>.<\/p>\n<p>&nbsp;<\/p>\n<p style=\"text-align: justify;\"><span style=\"text-decoration: underline;\"><strong><a href=\"https:\/\/conssanpaolo.esteri.it\/pt\/servizi-consolari-e-visti\/servizi-per-il-cittadino-italiano\/altri-servizi\/tariffe-consolari\/\">TARIFAS CONSULARES<\/a><\/strong><\/span><\/p>\n<p><span style=\"text-decoration: underline;\"><strong><a href=\"https:\/\/conssanpaolo.esteri.it\/it\/servizi-consolari-e-visti\/servizi-per-il-cittadino-italiano\/altri-servizi\/albo-consolare\/\">ALBO CONSOLARE<\/a><\/strong><\/span><\/p>\n<p>&nbsp;<\/p>\n<p>&nbsp;<\/p>\n","protected":false},"excerpt":{"rendered":"Os servi\u00e7os consulares s\u00e3o oferecidos de acordo com os princ\u00edpios de igualdade, imparcialidade, efici\u00eancia e transpar\u00eancia. Para entrar em contato com os setores deste Consulado, visite a p\u00e1gina\u00a0CONTATOS. Para informa\u00e7\u00f5es sobre dias e hor\u00e1rios de atendimento ao p\u00fablico e a lista de feriados observados pelo Consulado, visitar a p\u00e1gina\u00a0QUEM SOMOS. Servi\u00e7os para o cidad\u00e3o italiano [&hellip;]","protected":false},"author":2,"featured_media":0,"parent":0,"menu_order":0,"comment_status":"closed","ping_status":"closed","template":"","meta":{"footnotes":""},"class_list":["post-29","page","type-page","status-publish","hentry"],"_links":{"self":[{"href":"https:\/\/conssanpaolo.esteri.it\/pt\/wp-json\/wp\/v2\/pages\/29","targetHints":{"allow":["GET"]}}],"collection":[{"href":"https:\/\/conssanpaolo.esteri.it\/pt\/wp-json\/wp\/v2\/pages"}],"about":[{"href":"https:\/\/conssanpaolo.esteri.it\/pt\/wp-json\/wp\/v2\/types\/page"}],"author":[{"embeddable":true,"href":"https:\/\/conssanpaolo.esteri.it\/pt\/wp-json\/wp\/v2\/users\/2"}],"replies":[{"embeddable":true,"href":"https:\/\/conssanpaolo.esteri.it\/pt\/wp-json\/wp\/v2\/comments?post=29"}],"version-history":[{"count":4,"href":"https:\/\/conssanpaolo.esteri.it\/pt\/wp-json\/wp\/v2\/pages\/29\/revisions"}],"predecessor-version":[{"id":8603,"href":"https:\/\/conssanpaolo.esteri.it\/pt\/wp-json\/wp\/v2\/pages\/29\/revisions\/8603"}],"wp:attachment":[{"href":"https:\/\/conssanpaolo.esteri.it\/pt\/wp-json\/wp\/v2\/media?parent=29"}],"curies":[{"name":"wp","href":"https:\/\/api.w.org\/{rel}","templated":true}]}}