{"id":273,"date":"2023-05-02T16:40:24","date_gmt":"2023-05-02T14:40:24","guid":{"rendered":"https:\/\/conssanpaolo.esteri.it\/servizi-consolari-e-visti\/servizi-per-il-cittadino-italiano\/passaporti-e-carte-didentita\/carta-didentita\/"},"modified":"2023-05-02T16:58:37","modified_gmt":"2023-05-02T14:58:37","slug":"carta-didentita","status":"publish","type":"page","link":"https:\/\/conssanpaolo.esteri.it\/pt\/servizi-consolari-e-visti\/servizi-per-il-cittadino-italiano\/passaporti\/carta-didentita\/","title":{"rendered":"Carta d&#8217;Identit\u00e0 &#8211; Carteira de identidade"},"content":{"rendered":"<p style=\"text-align: justify;\">Informamos que este Consulado n\u00e3o est\u00e1 habilitado para a emiss\u00e3o do documento &#8220;Carta d&#8217;Identit\u00e0&#8221; (Carteira de Identidade).<\/p>\n<p style=\"text-align: justify;\">Atualmente a carteira de identidade \u00e9 emitida exclusivamente pelos servi\u00e7os consulares na Uni\u00e3o Europeia e na Gr\u00e3-Bretanha, Su\u00ed\u00e7a, Noruega, Principado de M\u00f4naco, S\u00e3o Marino e Cidade do Vaticano.<\/p>\n<p style=\"text-align: justify;\">Por este motivo o servi\u00e7o poder\u00e1 ser solicitado diretamente junto \u00e0 Comune italiana de inscri\u00e7\u00e3o AIRE.<\/p>\n<p style=\"text-align: justify;\">Mais informa\u00e7\u00f5es na p\u00e1gina <a title=\"Clicca per accedere alla pagina\" href=\"https:\/\/www.esteri.it\/it\/servizi-consolari-e-visti\/italiani-all-estero\/Documenti_di_Viaggio\/Carta_identita\/\"><strong>CARTA D&#8217;IDENTIT\u00c0<\/strong><\/a> publicada no website oficial do Minist\u00e9rio do Exterior e da Coopera\u00e7\u00e3o Internacional Italiano.<\/p>\n","protected":false},"excerpt":{"rendered":"Informamos que este Consulado n\u00e3o est\u00e1 habilitado para a emiss\u00e3o do documento &#8220;Carta d&#8217;Identit\u00e0&#8221; (Carteira de Identidade). Atualmente a carteira de identidade \u00e9 emitida exclusivamente pelos servi\u00e7os consulares na Uni\u00e3o Europeia e na Gr\u00e3-Bretanha, Su\u00ed\u00e7a, Noruega, Principado de M\u00f4naco, S\u00e3o Marino e Cidade do Vaticano. Por este motivo o servi\u00e7o poder\u00e1 ser solicitado diretamente junto [&hellip;]","protected":false},"author":6,"featured_media":0,"parent":185,"menu_order":0,"comment_status":"closed","ping_status":"closed","template":"","meta":{"footnotes":""},"class_list":["post-273","page","type-page","status-publish","hentry"],"_links":{"self":[{"href":"https:\/\/conssanpaolo.esteri.it\/pt\/wp-json\/wp\/v2\/pages\/273","targetHints":{"allow":["GET"]}}],"collection":[{"href":"https:\/\/conssanpaolo.esteri.it\/pt\/wp-json\/wp\/v2\/pages"}],"about":[{"href":"https:\/\/conssanpaolo.esteri.it\/pt\/wp-json\/wp\/v2\/types\/page"}],"author":[{"embeddable":true,"href":"https:\/\/conssanpaolo.esteri.it\/pt\/wp-json\/wp\/v2\/users\/6"}],"replies":[{"embeddable":true,"href":"https:\/\/conssanpaolo.esteri.it\/pt\/wp-json\/wp\/v2\/comments?post=273"}],"version-history":[{"count":0,"href":"https:\/\/conssanpaolo.esteri.it\/pt\/wp-json\/wp\/v2\/pages\/273\/revisions"}],"up":[{"embeddable":true,"href":"https:\/\/conssanpaolo.esteri.it\/pt\/wp-json\/wp\/v2\/pages\/185"}],"wp:attachment":[{"href":"https:\/\/conssanpaolo.esteri.it\/pt\/wp-json\/wp\/v2\/media?parent=273"}],"curies":[{"name":"wp","href":"https:\/\/api.w.org\/{rel}","templated":true}]}}