{"id":2618,"date":"2023-08-15T14:55:13","date_gmt":"2023-08-15T17:55:13","guid":{"rendered":"https:\/\/conssanpaolo.esteri.it\/servizi-consolari-e-visti\/servizi-per-il-cittadino-italiano\/rilascio-certificati-consolari\/"},"modified":"2024-08-16T15:11:39","modified_gmt":"2024-08-16T18:11:39","slug":"rilascio-certificati-consolari","status":"publish","type":"page","link":"https:\/\/conssanpaolo.esteri.it\/pt\/servizi-consolari-e-visti\/servizi-per-il-cittadino-italiano\/rilascio-certificati-consolari\/","title":{"rendered":"Atestados de Registro Civil"},"content":{"rendered":"<p style=\"text-align: justify;\">Este Setor <strong>n\u00e3o emite as certid\u00f5es <\/strong>(em italiano<strong> <em>\u201cestratti<\/em><\/strong><em>\u201d<\/em>) <strong>de estado civil<\/strong> (nascimento, casamento, div\u00f3rcio, morte, etc.): <strong>o interessado pode solicitar<\/strong> essas certid\u00f5es <strong>\u00a0diretamente ao Munc\u00edpio italiano <\/strong>enviando um e-mail <strong>aos endere\u00e7os dispon\u00edveis nos sites dos diversos Municipios<\/strong>.<\/p>\n<p style=\"text-align: justify;\">Este Setor s\u00f3 pode emitir <strong>atestados<\/strong> referentes ao <strong>estado civil<\/strong> e de <strong>fam\u00edlia<\/strong> (es. composi\u00e7\u00e3o de n\u00facleo familiar) dos <strong>cidad\u00e3os italianos residentes nesta circunscri\u00e7\u00e3o consular<\/strong> e <strong>regularmente inscritos no AIRE<\/strong> com base nos <strong>dados presentes neste cadastro consular<\/strong>: o interessado poder\u00e1 solicitar a emiss\u00e3o dos atestados enviando um pedido para <strong><a href=\"mailto:statocivile.sanpaolo@esteri.it\">statocivile.sanpaolo@esteri.it<\/a><\/strong>; este Setor comunicar\u00e1 por email as instru\u00e7\u00f5es para o eventual pagamento da taxa de emiss\u00e3o.<\/p>\n","protected":false},"excerpt":{"rendered":"Este Setor n\u00e3o emite as certid\u00f5es (em italiano \u201cestratti\u201d) de estado civil (nascimento, casamento, div\u00f3rcio, morte, etc.): o interessado pode solicitar essas certid\u00f5es \u00a0diretamente ao Munc\u00edpio italiano enviando um e-mail aos endere\u00e7os dispon\u00edveis nos sites dos diversos Municipios. Este Setor s\u00f3 pode emitir atestados referentes ao estado civil e de fam\u00edlia (es. composi\u00e7\u00e3o de n\u00facleo [&hellip;]","protected":false},"author":6,"featured_media":0,"parent":100,"menu_order":10,"comment_status":"closed","ping_status":"closed","template":"","meta":{"footnotes":""},"class_list":["post-2618","page","type-page","status-publish","hentry"],"_links":{"self":[{"href":"https:\/\/conssanpaolo.esteri.it\/pt\/wp-json\/wp\/v2\/pages\/2618","targetHints":{"allow":["GET"]}}],"collection":[{"href":"https:\/\/conssanpaolo.esteri.it\/pt\/wp-json\/wp\/v2\/pages"}],"about":[{"href":"https:\/\/conssanpaolo.esteri.it\/pt\/wp-json\/wp\/v2\/types\/page"}],"author":[{"embeddable":true,"href":"https:\/\/conssanpaolo.esteri.it\/pt\/wp-json\/wp\/v2\/users\/6"}],"replies":[{"embeddable":true,"href":"https:\/\/conssanpaolo.esteri.it\/pt\/wp-json\/wp\/v2\/comments?post=2618"}],"version-history":[{"count":3,"href":"https:\/\/conssanpaolo.esteri.it\/pt\/wp-json\/wp\/v2\/pages\/2618\/revisions"}],"predecessor-version":[{"id":5513,"href":"https:\/\/conssanpaolo.esteri.it\/pt\/wp-json\/wp\/v2\/pages\/2618\/revisions\/5513"}],"up":[{"embeddable":true,"href":"https:\/\/conssanpaolo.esteri.it\/pt\/wp-json\/wp\/v2\/pages\/100"}],"wp:attachment":[{"href":"https:\/\/conssanpaolo.esteri.it\/pt\/wp-json\/wp\/v2\/media?parent=2618"}],"curies":[{"name":"wp","href":"https:\/\/api.w.org\/{rel}","templated":true}]}}