{"id":2614,"date":"2023-09-28T17:34:24","date_gmt":"2023-09-28T15:34:24","guid":{"rendered":"https:\/\/conssanpaolo.esteri.it\/?page_id=2614"},"modified":"2024-07-03T10:42:39","modified_gmt":"2024-07-03T13:42:39","slug":"erros-frequentes","status":"publish","type":"page","link":"https:\/\/conssanpaolo.esteri.it\/pt\/servizi-consolari-e-visti\/servizi-per-il-cittadino-italiano\/stato-civile\/erros-frequentes\/","title":{"rendered":"Erros frequentes"},"content":{"rendered":"<ul>\n<li>N\u00e3o ler atentamente o nosso site ANTES de enviar a documenta\u00e7\u00e3o acarreta maior tempo de espera, despesas desnecess\u00e1rias com devolu\u00e7\u00f5es e atrasa a obten\u00e7\u00e3o de servi\u00e7os desejados por parte do cidad\u00e3o .<\/li>\n<li><u><\/u><strong style=\"text-align: justify;\">enviar certid\u00f5es sem ter recebido a confirma\u00e7\u00e3o de inscri\u00e7\u00e3o AIRE<\/strong><span style=\"text-align: justify;\">: n\u00e3o ser\u00e3o analisadas e ser\u00e3o devolvidas<\/span><\/li>\n<li style=\"text-align: justify;\"><strong>enviar fotoc\u00f3pias de certid\u00f5es<\/strong>, mesmo que tenham sido autenticadas e apostiladas, ao inv\u00e9s dos originais: n\u00e3o ser\u00e3o analisadas nem devolvidas<\/li>\n<li style=\"text-align: justify;\"><strong>enviar documentos eletr\u00f4nicos\/digitais<\/strong> (incluso o<em> documento materializado de arquivo eletr\u00f4nico<\/em>) ou <strong>apostilas digitais<\/strong>: n\u00e3o s\u00e3o aceitos e n\u00e3o ser\u00e3o analisados<\/li>\n<li style=\"text-align: justify;\"><strong>enviar averba\u00e7\u00f5es <\/strong>de <strong>div\u00f3rcio<\/strong>, <strong>casamento<\/strong> ou <strong>\u00f3bito<\/strong> contidas em outras certid\u00f5es: a an\u00e1lise n\u00e3o poder\u00e1 ser conclu\u00edda e ser\u00e1 necess\u00e1rio integrar a documenta\u00e7\u00e3o, o que atrasa o processo (o prazo de 180 dias recome\u00e7ar\u00e1 a contar a partir da recep\u00e7\u00e3o da documenta\u00e7\u00e3o complementar solicitada); para atualizar o Registro Civil \u00e8 sempre necess\u00e1rio <u>enviar a devida documenta\u00e7\u00e3o para cada tipo de altera\u00e7\u00e3o<\/u><\/li>\n<li style=\"text-align: justify;\"><strong>enviar certid\u00f5es sem apostila<\/strong>: n\u00e3o ser\u00e3o analisadas e ser\u00e3o devolvidas<\/li>\n<li style=\"text-align: justify;\"><strong>enviar certid\u00f5es em <em>breve relato<\/em><\/strong>: n\u00e3o ser\u00e3o analisadas; todas as certid\u00f5es t\u00eam que ser enviadas em <em><strong>inteiro teor<\/strong><\/em><\/li>\n<li style=\"text-align: justify;\"><strong>enviar certid\u00f5es sem a tradu\u00e7\u00e3o juramentada para o italiano<\/strong>: n\u00e3o ser\u00e3o analisadas e ser\u00e3o devolvidas para que sejam traduzidas para o italiano com tradu\u00e7\u00e3o juramentada e apostilada<\/li>\n<li style=\"text-align: justify;\"><strong>enviar certid\u00f5es n\u00e3o conforme as instru\u00e7\u00f5es detalhadas no site <\/strong>(ex. em breve relato ao inv\u00e9s de inteiro teor ou certid\u00f5es emitidas h\u00e1 mais de 6 meses, etc): n\u00e3o ser\u00e3o analisadas nem devolvidas<\/li>\n<li style=\"text-align: justify;\"><strong>enviar certid\u00f5es sem todos os documentos necess\u00e1rias\u00a0para cada altera\u00e7\u00e3o de Registro Civil <\/strong>(formul\u00e1rio <em>Dichiarazione sostitutiva<\/em>, c\u00f3pias simples do documento de identidade, comprovante de resid\u00eancia, etc.): a an\u00e1lise n\u00e3o poder\u00e1 ser conclu\u00edda e ser\u00e1 necess\u00e1rio integrar a documenta\u00e7\u00e3o, o que atrasa o processo (o prazo de 180 dias recome\u00e7ar\u00e1 a contar a partir da recep\u00e7\u00e3o da documenta\u00e7\u00e3o complementar solicitada)<\/li>\n<li style=\"text-align: justify;\"><strong>n\u00e3o indicar e-mail\/telefone no formul\u00e1rio <em>Dichiarazione sostitutiva<\/em><\/strong>: ir\u00e1 dificultar as comunica\u00e7\u00f5es entre o Consulado e o interessado e n\u00e3o ser\u00e1 poss\u00edvel enviar eventuais pedidos de integra\u00e7\u00e3o documental<\/li>\n<li style=\"text-align: justify;\"><strong>enviar o formul\u00e1rio <em>Dichiarazione sostituva<\/em><\/strong> <strong>assinado por um menor de anos 18<\/strong>: caso o pedido de atualiza\u00e7\u00e3o refira-se a um cidad\u00e3o menor de idade, \u00e9 o genitor cidad\u00e3o italiano que deve preencher o formul\u00e1rio e ambos os genitores devem assin\u00e1-lo, pedindo a atualiza\u00e7\u00e3o dos dados do menor; deveremos, portanto, solicitar um novo formul\u00e1rio preenchido e assinado corretamente, o que atrasa<span style=\"text-decoration: line-through;\">r<\/span> o processo (o prazo de 180 dias recome\u00e7ar\u00e1 a contar a partir da recep\u00e7\u00e3o da documenta\u00e7\u00e3o complementar solicitada)<\/li>\n<li style=\"text-align: justify;\">enviar uma <strong>certid\u00e3o de nascimento<\/strong> de filho nascido de <strong>pais n\u00e3o casados<\/strong> e declarado <strong>somente por um genitor sem a necess\u00e1ria<\/strong> <strong><em>Escritura p\u00fablica de reconhecimento de maternidade\/paternidade<\/em><\/strong> feita em um <strong>Cart\u00f3rio de Registro Civil<\/strong>: a an\u00e1lise n\u00e3o poder\u00e1 ser conclu\u00edda e ser\u00e1 necess\u00e1rio integrar a documenta\u00e7\u00e3o, o que atrasa o processo (o prazo de 180 dias recome\u00e7ar\u00e1 a contar a partir da recep\u00e7\u00e3o da documenta\u00e7\u00e3o complementar solicitada)<\/li>\n<li style=\"text-align: justify;\"><strong>enviar somente a senten\u00e7a de div\u00f3rcio ao inv\u00e9s de todas as partes principais do processo como indicado em nosso site<\/strong>: a an\u00e1lise n\u00e3o poder\u00e1 ser conclu\u00edda e ser\u00e1 necess\u00e1rio integrar a documenta\u00e7\u00e3o, o que atrasa o processo (o prazo de 180 dias recome\u00e7ar\u00e1 a contar a partir da recep\u00e7\u00e3o da documenta\u00e7\u00e3o complementar solicitada)<\/li>\n<\/ul>\n","protected":false},"excerpt":{"rendered":"N\u00e3o ler atentamente o nosso site ANTES de enviar a documenta\u00e7\u00e3o acarreta maior tempo de espera, despesas desnecess\u00e1rias com devolu\u00e7\u00f5es e atrasa a obten\u00e7\u00e3o de servi\u00e7os desejados por parte do cidad\u00e3o . enviar certid\u00f5es sem ter recebido a confirma\u00e7\u00e3o de inscri\u00e7\u00e3o AIRE: n\u00e3o ser\u00e3o analisadas e ser\u00e3o devolvidas enviar fotoc\u00f3pias de certid\u00f5es, mesmo que tenham [&hellip;]","protected":false},"author":6,"featured_media":0,"parent":188,"menu_order":0,"comment_status":"closed","ping_status":"closed","template":"","meta":{"footnotes":""},"class_list":["post-2614","page","type-page","status-publish","hentry"],"_links":{"self":[{"href":"https:\/\/conssanpaolo.esteri.it\/pt\/wp-json\/wp\/v2\/pages\/2614","targetHints":{"allow":["GET"]}}],"collection":[{"href":"https:\/\/conssanpaolo.esteri.it\/pt\/wp-json\/wp\/v2\/pages"}],"about":[{"href":"https:\/\/conssanpaolo.esteri.it\/pt\/wp-json\/wp\/v2\/types\/page"}],"author":[{"embeddable":true,"href":"https:\/\/conssanpaolo.esteri.it\/pt\/wp-json\/wp\/v2\/users\/6"}],"replies":[{"embeddable":true,"href":"https:\/\/conssanpaolo.esteri.it\/pt\/wp-json\/wp\/v2\/comments?post=2614"}],"version-history":[{"count":5,"href":"https:\/\/conssanpaolo.esteri.it\/pt\/wp-json\/wp\/v2\/pages\/2614\/revisions"}],"predecessor-version":[{"id":5122,"href":"https:\/\/conssanpaolo.esteri.it\/pt\/wp-json\/wp\/v2\/pages\/2614\/revisions\/5122"}],"up":[{"embeddable":true,"href":"https:\/\/conssanpaolo.esteri.it\/pt\/wp-json\/wp\/v2\/pages\/188"}],"wp:attachment":[{"href":"https:\/\/conssanpaolo.esteri.it\/pt\/wp-json\/wp\/v2\/media?parent=2614"}],"curies":[{"name":"wp","href":"https:\/\/api.w.org\/{rel}","templated":true}]}}