{"id":2606,"date":"2023-09-28T17:30:01","date_gmt":"2023-09-28T15:30:01","guid":{"rendered":"https:\/\/conssanpaolo.esteri.it\/?page_id=2606"},"modified":"2024-07-03T10:10:40","modified_gmt":"2024-07-03T13:10:40","slug":"tramitacao-e-duracao-do-processo-de-atualizacao","status":"publish","type":"page","link":"https:\/\/conssanpaolo.esteri.it\/pt\/servizi-consolari-e-visti\/servizi-per-il-cittadino-italiano\/stato-civile\/tramitacao-e-duracao-do-processo-de-atualizacao\/","title":{"rendered":"Tramita\u00e7\u00e3o e dura\u00e7\u00e3o do processo de atualiza\u00e7\u00e3o"},"content":{"rendered":"<p style=\"text-align: justify;\">O <strong>interessado <\/strong>residente nesta circunscri\u00e7\u00e3o<strong>,<\/strong> <strong><u>ap\u00f3s ter completado o processo de <a href=\"https:\/\/conssanpaolo.esteri.it\/pt\/servizi-consolari-e-visti\/servizi-per-il-cittadino-italiano\/anagrafe-degli-italiani-residenti-allestero-aire\/\">cadastro AIRE<\/a><\/u>\u00a0<\/strong>(as certid\u00f5es de quem n\u00e3o completou o cadastro ser\u00e3o devolvidas), <strong>deve enviar<\/strong> <strong><u>pelo Correios com A\/R<\/u><\/strong> toda a documenta\u00e7\u00e3o necess\u00e1ria para atualiza\u00e7\u00e3o do Registro CIvil conforme nossas instru\u00e7\u00f5es para <em>A\/C Ufficio Stato Civile, Consolato Generale d\u2019Italia in San Paolo, Avenida Paulista 1963, 01311-300 Sao Paulo (SP)<\/em>.<\/p>\n<p style=\"text-align: justify;\"><strong><u>Neste Consulado n\u00e3o \u00e9 poss\u00edvel atualizar o Registro Civil pelo portal FAST-IT<\/u><\/strong>: a aba deste servi\u00e7o n\u00e3o est\u00e1 ativa, pois \u00e9 habilitada somente nos pa\u00edses que t\u00eam um acordo internacional sobre o reconhecimento das certid\u00f5es emitidas em formato digital.<\/p>\n<p style=\"text-align: justify;\">O <strong>Consulado analisa<\/strong> os documentos recebidos seguindo a ordem cronol\u00f3gica de chegada e, se corretos, os <strong>transmite<\/strong> via PEC (e-mail certificado) ao <strong>Munic\u00edpio italiano <\/strong>de inscri\u00e7\u00e3o AIRE em at\u00e9 <strong>180 dias. <\/strong>Caso seja solicitada <strong>documenta\u00e7\u00e3o complementar<\/strong> \u00e0quela recebida, o prazo de 180 dias recome\u00e7a<span style=\"text-decoration: line-through;\">ra<\/span> a contar a partir da sua recep\u00e7\u00e3o.<\/p>\n<p><u>Este prazo de 180 diz respeito somente aos procedimentos internos do Consulado, n\u00e3o incluindo os procedimento feito em outras autoridades italianas para onde \u00e9 enviada a documenta\u00e7\u00e3o.<\/u><\/p>\n<p style=\"text-align: justify;\">Atualizados os dados no cadastro consular, <strong>o Consulado envia uma e-mail de confirma\u00e7\u00e3o ao interessado<\/strong>: caso os dados indicados nessa comunica\u00e7\u00e3o estejam completos e corretos e n\u00e3o sejam necess\u00e1rias ulteriores atualiza\u00e7\u00f5es, <strong>poder\u00e1 ser solicitada a emiss\u00e3o do passaporte<\/strong> seguindo <a href=\"https:\/\/conssanpaolo.esteri.it\/pt\/servizi-consolari-e-visti\/servizi-per-il-cittadino-italiano\/passaporti\/\">as instru\u00e7\u00f5es do Setor Passaporte no site deste Consulado.<\/a><\/p>\n<p style=\"text-align: justify;\">Ap\u00f3s o recebimento da PEC, o <strong>Munic\u00edpio italiano ira realizar as transcri\u00e7\u00f5es<\/strong> no Registro Civil italiano, <strong>com tempos que variam <\/strong>de Munic\u00edpio para Munic\u00edpio e <strong>n\u00e3o dependem deste Consulado<\/strong>. Caso o interessado queira<strong> solicitar tais transcri\u00e7\u00f5es, dever\u00e1 faz\u00ea-lo<\/strong>\u00a0<strong>diretamente ao Munic\u00edpio italiano <\/strong>respons\u00e1vel (os contatos constam publicados nos respectivos sites)<strong>.<\/strong><\/p>\n<p style=\"text-align: justify;\">Caso o Munic\u00edpio sinalize ao interessado algum <strong>problema, por exemplo, com o recebimento da PEC<\/strong>, ser\u00e1 suficiente encaminhar uma mensagem para statocivile.sanpaolo@esteri.it anexando a troca de e-mails com o Munic\u00edpio e solicitar um reenvio da PEC.<\/p>\n<p style=\"text-align: justify;\">Solicitamos <strong>n\u00e3o pedir informa\u00e7\u00f5es<\/strong> sobre a <strong>recep\u00e7\u00e3o da documenta\u00e7\u00e3o enviada<\/strong> e\/ou o <strong>andamento do processo de transcri\u00e7\u00e3o<\/strong> <strong>antes de 180 dias<\/strong> da data do recebimento (prazo m\u00e1ximo legal para analisar e transmitir os documentos).<\/p>\n","protected":false},"excerpt":{"rendered":"O interessado residente nesta circunscri\u00e7\u00e3o, ap\u00f3s ter completado o processo de cadastro AIRE\u00a0(as certid\u00f5es de quem n\u00e3o completou o cadastro ser\u00e3o devolvidas), deve enviar pelo Correios com A\/R toda a documenta\u00e7\u00e3o necess\u00e1ria para atualiza\u00e7\u00e3o do Registro CIvil conforme nossas instru\u00e7\u00f5es para A\/C Ufficio Stato Civile, Consolato Generale d\u2019Italia in San Paolo, Avenida Paulista 1963, 01311-300 [&hellip;]","protected":false},"author":6,"featured_media":0,"parent":188,"menu_order":0,"comment_status":"closed","ping_status":"closed","template":"","meta":{"footnotes":""},"class_list":["post-2606","page","type-page","status-publish","hentry"],"_links":{"self":[{"href":"https:\/\/conssanpaolo.esteri.it\/pt\/wp-json\/wp\/v2\/pages\/2606","targetHints":{"allow":["GET"]}}],"collection":[{"href":"https:\/\/conssanpaolo.esteri.it\/pt\/wp-json\/wp\/v2\/pages"}],"about":[{"href":"https:\/\/conssanpaolo.esteri.it\/pt\/wp-json\/wp\/v2\/types\/page"}],"author":[{"embeddable":true,"href":"https:\/\/conssanpaolo.esteri.it\/pt\/wp-json\/wp\/v2\/users\/6"}],"replies":[{"embeddable":true,"href":"https:\/\/conssanpaolo.esteri.it\/pt\/wp-json\/wp\/v2\/comments?post=2606"}],"version-history":[{"count":6,"href":"https:\/\/conssanpaolo.esteri.it\/pt\/wp-json\/wp\/v2\/pages\/2606\/revisions"}],"predecessor-version":[{"id":5117,"href":"https:\/\/conssanpaolo.esteri.it\/pt\/wp-json\/wp\/v2\/pages\/2606\/revisions\/5117"}],"up":[{"embeddable":true,"href":"https:\/\/conssanpaolo.esteri.it\/pt\/wp-json\/wp\/v2\/pages\/188"}],"wp:attachment":[{"href":"https:\/\/conssanpaolo.esteri.it\/pt\/wp-json\/wp\/v2\/media?parent=2606"}],"curies":[{"name":"wp","href":"https:\/\/api.w.org\/{rel}","templated":true}]}}