{"id":2586,"date":"2023-09-28T16:39:52","date_gmt":"2023-09-28T19:39:52","guid":{"rendered":"https:\/\/conssanpaolo.esteri.it\/servizi-consolari-e-visti\/servizi-per-il-cittadino-italiano\/stato-civile\/mudanca-de-nome-sobrenome-ou-genero\/recuperacao-de-sobrenome-brasileiro-2\/"},"modified":"2024-08-16T14:26:58","modified_gmt":"2024-08-16T17:26:58","slug":"recuperacao-de-sobrenome-brasileiro-2","status":"publish","type":"page","link":"https:\/\/conssanpaolo.esteri.it\/pt\/servizi-consolari-e-visti\/servizi-per-il-cittadino-italiano\/stato-civile\/mudanca-de-nome-sobrenome-ou-genero\/recuperacao-de-sobrenome-brasileiro-2\/","title":{"rendered":"Recupera\u00e7\u00e3o de sobrenome brasileiro"},"content":{"rendered":"<p style=\"text-align: justify;\">Caso a transcri\u00e7\u00e3o do nome efetuada na Italia contenha <strong>somente o sobrenome paterno<\/strong>, de acordo com a pr\u00e1tica at\u00e9 2008, o interessado poder\u00e1 <strong>recuperar o sobrenome brasileiro completo<\/strong> como consta na certid\u00e3o de nascimento brasileira utilizada para transcri\u00e7\u00e3o no Registro Civil italiano enviando <strong>diretamente ao Munic\u00edpio italiano que transcreveu o nascimento:<\/strong><\/p>\n<p style=\"text-align: justify;\">&#8211; formul\u00e1rio de<a href=\"https:\/\/conssanpaolo.esteri.it\/wp-content\/uploads\/2023\/09\/11-Richiesta-ripristino-cognome.pdf\"><strong> <em>Richiesta di ripristino cognome brasiliano<\/em><\/strong><\/a> devidamente preenchido e assinado pelo interessado, indicando o sobrenome de nascimento no Brasil e o proprio endere\u00e7o de resid\u00eancia no Brasil, acompanhado de <strong>c\u00f3pia simples <\/strong>do pr\u00f3prio <strong>passaporte ou RG\/CIN v\u00e1lido<\/strong>; caso o pedido seja feito para um <strong>filho menor<\/strong>, o genitor deve preencher e assinar o formulario <a href=\"https:\/\/conssanpaolo.esteri.it\/wp-content\/uploads\/2023\/09\/12-Richiesta-ripristino-cognome-figlio-minore.pdf\"><strong><em>Richiesta di ripristino cognome\u00a0 per il figlio minore<\/em><\/strong><\/a><\/p>\n<p style=\"text-align: justify;\">&#8211; <strong>c\u00f3pia simples<\/strong> da <strong>certid\u00e3o de nascimento brasileira<\/strong> (sem apostile\/tradu\u00e7\u00e3o)<\/p>\n<p style=\"text-align: justify;\">O procedimento \u00e9 <strong>isento de taxa<\/strong> e n\u00e3o \u00e9 necess\u00e1ria a interven\u00e7\u00e3o deste Consulado<\/p>\n","protected":false},"excerpt":{"rendered":"Caso a transcri\u00e7\u00e3o do nome efetuada na Italia contenha somente o sobrenome paterno, de acordo com a pr\u00e1tica at\u00e9 2008, o interessado poder\u00e1 recuperar o sobrenome brasileiro completo como consta na certid\u00e3o de nascimento brasileira utilizada para transcri\u00e7\u00e3o no Registro Civil italiano enviando diretamente ao Munic\u00edpio italiano que transcreveu o nascimento: &#8211; formul\u00e1rio de Richiesta [&hellip;]","protected":false},"author":6,"featured_media":0,"parent":721,"menu_order":1,"comment_status":"closed","ping_status":"closed","template":"","meta":{"footnotes":""},"class_list":["post-2586","page","type-page","status-publish","hentry"],"_links":{"self":[{"href":"https:\/\/conssanpaolo.esteri.it\/pt\/wp-json\/wp\/v2\/pages\/2586","targetHints":{"allow":["GET"]}}],"collection":[{"href":"https:\/\/conssanpaolo.esteri.it\/pt\/wp-json\/wp\/v2\/pages"}],"about":[{"href":"https:\/\/conssanpaolo.esteri.it\/pt\/wp-json\/wp\/v2\/types\/page"}],"author":[{"embeddable":true,"href":"https:\/\/conssanpaolo.esteri.it\/pt\/wp-json\/wp\/v2\/users\/6"}],"replies":[{"embeddable":true,"href":"https:\/\/conssanpaolo.esteri.it\/pt\/wp-json\/wp\/v2\/comments?post=2586"}],"version-history":[{"count":4,"href":"https:\/\/conssanpaolo.esteri.it\/pt\/wp-json\/wp\/v2\/pages\/2586\/revisions"}],"predecessor-version":[{"id":5484,"href":"https:\/\/conssanpaolo.esteri.it\/pt\/wp-json\/wp\/v2\/pages\/2586\/revisions\/5484"}],"up":[{"embeddable":true,"href":"https:\/\/conssanpaolo.esteri.it\/pt\/wp-json\/wp\/v2\/pages\/721"}],"wp:attachment":[{"href":"https:\/\/conssanpaolo.esteri.it\/pt\/wp-json\/wp\/v2\/media?parent=2586"}],"curies":[{"name":"wp","href":"https:\/\/api.w.org\/{rel}","templated":true}]}}