{"id":2572,"date":"2023-09-28T15:53:36","date_gmt":"2023-09-28T18:53:36","guid":{"rendered":"https:\/\/conssanpaolo.esteri.it\/servizi-consolari-e-visti\/servizi-per-il-cittadino-italiano\/stato-civile\/divorcio\/divorcio-em-cartorio-tabelionato-de-notas\/"},"modified":"2024-08-16T14:22:51","modified_gmt":"2024-08-16T17:22:51","slug":"divorcio-em-cartorio-tabelionato-de-notas","status":"publish","type":"page","link":"https:\/\/conssanpaolo.esteri.it\/pt\/servizi-consolari-e-visti\/servizi-per-il-cittadino-italiano\/stato-civile\/divorcio\/divorcio-em-cartorio-tabelionato-de-notas\/","title":{"rendered":"Div\u00f3rcio em cart\u00f3rio\/tabelionato de notas"},"content":{"rendered":"<p style=\"text-align: justify;\">Os <strong>italianos residentes nesta circunscri\u00e7\u00e3o consular<\/strong> e <strong>regularmente inscritos no AIRE<\/strong> devem <strong>enviar<\/strong> <strong>pelo Correios com A\/R<\/strong> ao endere\u00e7o <em>A\/C Ufficio Stato Civile, Consolato Generale d\u2019Italia in San Paolo, Avenida Paulista 1963, 01311-300 Sao Paulo (SP)<\/em> a seguinte documenta\u00e7\u00e3o:<\/p>\n<p style=\"text-align: justify;\">&#8211; <strong>segunda via original<\/strong>\u00a0da <strong><em>Escritura de Div\u00f3rcio Direto Consensual<\/em><\/strong> com\u00a0<strong>Apostila<\/strong>\u00a0e <strong>tradu\u00e7\u00e3o juramentada para o italiano<\/strong>, tamb\u00e9m com\u00a0<strong>Apostila<\/strong>;<\/p>\n<p style=\"text-align: justify;\">&#8211; formul\u00e1rio<a href=\"https:\/\/conssanpaolo.esteri.it\/wp-content\/uploads\/2023\/09\/10-Dich.-Sost.-Atto-Notorio-Divorzio-notarile.pdf\"><strong> <em>Dichiarazione sostitutiva di atto notorio &#8211; Divorzio notarile<\/em><\/strong><\/a> preenchido e assinado pelo cidad\u00e3o italiano<\/p>\n<p style=\"text-align: justify;\">&#8211; formul\u00e1rio\u00a0<a href=\"https:\/\/conssanpaolo.esteri.it\/wp-content\/uploads\/2023\/09\/9-Dich.-Sost.-Divorzio.pdf\"><strong><em>Dichiarazione sostitutiva &#8211; Divorzio<\/em><\/strong><\/a> devidamente preenchido e assinado pelo <strong>c\u00f4njuge cidad\u00e3o italiano<\/strong>, acompanhado de <strong>c\u00f3pia simples de um documento de identidade dentro do prazo de validade <\/strong>(passaporte italiano ou brasileiro, RG, CIN ou CNH) e de um <strong>comprovante de resid\u00eancia recente e id\u00f4neo<\/strong> em nome c\u00f4njuge cidad\u00e3o italiano. <a href=\"https:\/\/conssanpaolo.esteri.it\/pt\/servizi-consolari-e-visti\/servizi-per-il-cittadino-italiano\/prove-di-residenza-accettate\/\"><strong>CLIQUE AQUI<\/strong><\/a>\u00a0para verificar quais comprovantes ser\u00e3o aceitos.<\/p>\n","protected":false},"excerpt":{"rendered":"Os italianos residentes nesta circunscri\u00e7\u00e3o consular e regularmente inscritos no AIRE devem enviar pelo Correios com A\/R ao endere\u00e7o A\/C Ufficio Stato Civile, Consolato Generale d\u2019Italia in San Paolo, Avenida Paulista 1963, 01311-300 Sao Paulo (SP) a seguinte documenta\u00e7\u00e3o: &#8211; segunda via original\u00a0da Escritura de Div\u00f3rcio Direto Consensual com\u00a0Apostila\u00a0e tradu\u00e7\u00e3o juramentada para o italiano, tamb\u00e9m [&hellip;]","protected":false},"author":6,"featured_media":0,"parent":558,"menu_order":2,"comment_status":"closed","ping_status":"closed","template":"","meta":{"footnotes":""},"class_list":["post-2572","page","type-page","status-publish","hentry"],"_links":{"self":[{"href":"https:\/\/conssanpaolo.esteri.it\/pt\/wp-json\/wp\/v2\/pages\/2572","targetHints":{"allow":["GET"]}}],"collection":[{"href":"https:\/\/conssanpaolo.esteri.it\/pt\/wp-json\/wp\/v2\/pages"}],"about":[{"href":"https:\/\/conssanpaolo.esteri.it\/pt\/wp-json\/wp\/v2\/types\/page"}],"author":[{"embeddable":true,"href":"https:\/\/conssanpaolo.esteri.it\/pt\/wp-json\/wp\/v2\/users\/6"}],"replies":[{"embeddable":true,"href":"https:\/\/conssanpaolo.esteri.it\/pt\/wp-json\/wp\/v2\/comments?post=2572"}],"version-history":[{"count":4,"href":"https:\/\/conssanpaolo.esteri.it\/pt\/wp-json\/wp\/v2\/pages\/2572\/revisions"}],"predecessor-version":[{"id":5479,"href":"https:\/\/conssanpaolo.esteri.it\/pt\/wp-json\/wp\/v2\/pages\/2572\/revisions\/5479"}],"up":[{"embeddable":true,"href":"https:\/\/conssanpaolo.esteri.it\/pt\/wp-json\/wp\/v2\/pages\/558"}],"wp:attachment":[{"href":"https:\/\/conssanpaolo.esteri.it\/pt\/wp-json\/wp\/v2\/media?parent=2572"}],"curies":[{"name":"wp","href":"https:\/\/api.w.org\/{rel}","templated":true}]}}