{"id":2567,"date":"2023-09-28T15:48:53","date_gmt":"2023-09-28T18:48:53","guid":{"rendered":"https:\/\/conssanpaolo.esteri.it\/servizi-consolari-e-visti\/servizi-per-il-cittadino-italiano\/stato-civile\/divorcio\/divorcio-tramitado-em-tribunal-de-justica\/"},"modified":"2025-05-06T13:59:52","modified_gmt":"2025-05-06T16:59:52","slug":"divorcio-tramitado-em-tribunal-de-justica","status":"publish","type":"page","link":"https:\/\/conssanpaolo.esteri.it\/pt\/servizi-consolari-e-visti\/servizi-per-il-cittadino-italiano\/stato-civile\/divorcio\/divorcio-tramitado-em-tribunal-de-justica\/","title":{"rendered":"Div\u00f3rcio tramitado em tribunal de justi\u00e7a"},"content":{"rendered":"<p style=\"text-align: justify;\">As <strong>senten\u00e7as de div\u00f3rcio<\/strong> devem ser apresentadas ao Consulado italiano do local de emiss\u00e3o da senten\u00e7a: portanto, se foram emitidas num outro pa\u00eds, \u00e9 necess\u00e1rio entrar em contato com o Consulado competente daquele pa\u00eds.<\/p>\n<p style=\"text-align: justify;\">Os <strong>italianos residentes nesta circunscri\u00e7\u00e3o<\/strong> e <strong>regularmente inscritos no AIRE<\/strong> devem <strong>enviar<\/strong> <strong>pelo Correio com A\/R<\/strong> ao endere\u00e7o <em>A\/C Ufficio Stato Civile, Consolato Generale d\u2019Italia in San Paolo, Avenida Paulista 1963, 01311-300 Sao Paulo (SP).<\/em><\/p>\n<p style=\"text-align: justify;\">1) Dever\u00e3o ser apresentadas as seguintes partes do processo de div\u00f3rcio:<\/p>\n<p style=\"text-align: justify; padding-left: 40px;\">a)\u00a0<strong>Peti\u00e7\u00e3o inicial<\/strong>,<\/p>\n<p style=\"text-align: justify; padding-left: 40px;\">b)\u00a0<strong>Ata de Instru\u00e7\u00e3o<\/strong>\u00a0<strong>e Julgamento<\/strong>,<\/p>\n<p style=\"text-align: justify; padding-left: 40px;\">c)\u00a0<strong>Senten\u00e7a<\/strong>,<\/p>\n<p style=\"text-align: justify; padding-left: 40px;\">d)\u00a0<strong>tr\u00e2nsito em julgado<\/strong>\u00a0(trata-se geralmente de um carimbo nas \u00faltimas p\u00e1ginas do processo);<\/p>\n<p style=\"text-align: justify;\">ATEN\u00c7\u00c3O: todas as\u00a0<strong>c\u00f3pias<\/strong>\u00a0devem conter, em cada p\u00e1gina, a men\u00e7\u00e3o \u201c<em>c\u00f3pia extra\u00edda do Tribunal de Justi\u00e7a de\u2026<\/em>\u201d ou o carimbo original de autentica\u00e7\u00e3o do pr\u00f3prio Tribunal; <strong><span style=\"text-decoration: underline;\">\u00e9 poss\u00edvel colocar uma s\u00f3 Apostila<\/span> <\/strong>com os dizeres\u00a0<em>\u201cautos do processo\u201d\u00a0<\/em>na c\u00f3pia do processo e uma s\u00f3 Apostila na \u00faltima p\u00e1gina da tradu\u00e7\u00e3o juramentada.<\/p>\n<p style=\"text-align: justify;\"><b>Referidas pe\u00e7as dever\u00e3o ter<\/b>\u00a0<strong>tradu\u00e7\u00e3o juramentada para o italiano,<\/strong>\u00a0tamb\u00e9m com<strong>\u00a0<\/strong><strong>Apostila<\/strong>;<\/p>\n<p style=\"text-align: justify;\">2) al\u00e9m dos seguintes documentos:<\/p>\n<p style=\"text-align: justify; padding-left: 40px;\">\u2013\u00a0<strong>Certid\u00e3o de\u00a0<em>Objeto e p\u00e9<\/em><\/strong>\u00a0com\u00a0<strong>Apostila<\/strong>\u00a0e\u00a0<strong>tradu\u00e7\u00e3o juramentada para o italiano<\/strong>\u00a0tamb\u00e9m com<strong>\u00a0<\/strong><strong>Apostila;<\/strong><\/p>\n<p style=\"text-align: justify; padding-left: 40px;\">\u2013 formul\u00e1rio\u00a0<a href=\"https:\/\/conssanpaolo.esteri.it\/wp-content\/uploads\/2023\/09\/8-Dich.-Sost.-Atto-Notorio-Divorzio-giudiziale.pdf\"><strong><em>Dichiarazione sostitutiva di Atto Notorio \u2013 Divorzio giudiziale<\/em><\/strong><\/a> preenchido e assinado;<\/p>\n<p style=\"text-align: justify; padding-left: 40px;\">&#8211; formul\u00e1rio\u00a0<a href=\"https:\/\/conssanpaolo.esteri.it\/wp-content\/uploads\/2023\/09\/9-Dich.-Sost.-Divorzio.pdf\"><strong><em>Dichiarazione sostitutiva &#8211; Divorzio<\/em><\/strong><\/a> devidamente preenchido e assinado pelo <strong>c\u00f4njuge cidad\u00e3o italiano<\/strong>, acompanhado de <strong>c\u00f3pia simples de um documento de identidade dentro do prazo de validade<\/strong> (passaporte italiano ou brasileiro, RG, CIN ou CNH) e de um <strong>comprovante de resid\u00eancia recente e id\u00f4neo<\/strong> em nome c\u00f4njuge cidad\u00e3o italiano.<br \/>\n<a href=\"https:\/\/conssanpaolo.esteri.it\/pt\/servizi-consolari-e-visti\/servizi-per-il-cittadino-italiano\/prove-di-residenza-accettate\/\"><strong>CLIQUE AQUI<\/strong><\/a> para verificar quais os comprovantes aceitos.<\/p>\n","protected":false},"excerpt":{"rendered":"As senten\u00e7as de div\u00f3rcio devem ser apresentadas ao Consulado italiano do local de emiss\u00e3o da senten\u00e7a: portanto, se foram emitidas num outro pa\u00eds, \u00e9 necess\u00e1rio entrar em contato com o Consulado competente daquele pa\u00eds. Os italianos residentes nesta circunscri\u00e7\u00e3o e regularmente inscritos no AIRE devem enviar pelo Correio com A\/R ao endere\u00e7o A\/C Ufficio Stato [&hellip;]","protected":false},"author":6,"featured_media":0,"parent":558,"menu_order":1,"comment_status":"closed","ping_status":"closed","template":"","meta":{"footnotes":""},"class_list":["post-2567","page","type-page","status-publish","hentry"],"_links":{"self":[{"href":"https:\/\/conssanpaolo.esteri.it\/pt\/wp-json\/wp\/v2\/pages\/2567","targetHints":{"allow":["GET"]}}],"collection":[{"href":"https:\/\/conssanpaolo.esteri.it\/pt\/wp-json\/wp\/v2\/pages"}],"about":[{"href":"https:\/\/conssanpaolo.esteri.it\/pt\/wp-json\/wp\/v2\/types\/page"}],"author":[{"embeddable":true,"href":"https:\/\/conssanpaolo.esteri.it\/pt\/wp-json\/wp\/v2\/users\/6"}],"replies":[{"embeddable":true,"href":"https:\/\/conssanpaolo.esteri.it\/pt\/wp-json\/wp\/v2\/comments?post=2567"}],"version-history":[{"count":6,"href":"https:\/\/conssanpaolo.esteri.it\/pt\/wp-json\/wp\/v2\/pages\/2567\/revisions"}],"predecessor-version":[{"id":7392,"href":"https:\/\/conssanpaolo.esteri.it\/pt\/wp-json\/wp\/v2\/pages\/2567\/revisions\/7392"}],"up":[{"embeddable":true,"href":"https:\/\/conssanpaolo.esteri.it\/pt\/wp-json\/wp\/v2\/pages\/558"}],"wp:attachment":[{"href":"https:\/\/conssanpaolo.esteri.it\/pt\/wp-json\/wp\/v2\/media?parent=2567"}],"curies":[{"name":"wp","href":"https:\/\/api.w.org\/{rel}","templated":true}]}}