{"id":2560,"date":"2023-09-28T15:34:10","date_gmt":"2023-09-28T13:34:10","guid":{"rendered":"https:\/\/conssanpaolo.esteri.it\/servizi-consolari-e-visti\/servizi-per-il-cittadino-italiano\/stato-civile\/matrimonio\/cidadaos-italianos-que-queiram-celebrar-o-casamento-no-brasil\/"},"modified":"2023-10-06T15:50:27","modified_gmt":"2023-10-06T13:50:27","slug":"cidadaos-italianos-que-queiram-celebrar-o-casamento-no-brasil","status":"publish","type":"page","link":"https:\/\/conssanpaolo.esteri.it\/pt\/servizi-consolari-e-visti\/servizi-per-il-cittadino-italiano\/stato-civile\/matrimonio\/cidadaos-italianos-que-queiram-celebrar-o-casamento-no-brasil\/","title":{"rendered":"Cidad\u00e3os italianos que queiram celebrar o casamento no Brasil"},"content":{"rendered":"<p style=\"text-align: justify;\">Os <strong>cidad\u00e3os italianos<\/strong> que queiram celebrar o casamento no Brasil dever\u00e3o, primeiramente, <strong>entrar em contato direto com <u>as autoridades brasileiras de Registro Civil<\/u><\/strong> (Cart\u00f3rio de Registro Civil no qual o casamento ser\u00e1 celebrado).<\/p>\n<p style=\"text-align: justify;\">Ap\u00f3s\u00a0a celebra\u00e7\u00e3o do casamento nesta circunscri\u00e7\u00e3o consular, o <strong>cidad\u00e3o italiano<\/strong> residente nesta circunscri\u00e7\u00e3o consular e <strong>regularmente inscrito no AIRE<\/strong> deve seguir as instru\u00e7\u00f5es da se\u00e7\u00e3o <a href=\"https:\/\/conssanpaolo.esteri.it\/pt\/servizi-consolari-e-visti\/servizi-per-il-cittadino-italiano\/stato-civile\/matrimonio\/casamento-celebrado-no-brasil\/\"><strong><em>Casamento celebrado no Brasil<\/em><\/strong>.<\/a><\/p>\n<p style=\"text-align: justify;\">Os <strong>cidad\u00e3os italianos<\/strong> que <strong>n\u00e3o residem<\/strong> no Brasil devem apresentar a documenta\u00e7\u00e3o <strong>diretamente<\/strong> no <strong>Municipio italiano<\/strong> ou ao <strong>Consulado italiano<\/strong> do pa\u00eds onde residem.<\/p>\n<p style=\"text-align: justify;\">\n","protected":false},"excerpt":{"rendered":"Os cidad\u00e3os italianos que queiram celebrar o casamento no Brasil dever\u00e3o, primeiramente, entrar em contato direto com as autoridades brasileiras de Registro Civil (Cart\u00f3rio de Registro Civil no qual o casamento ser\u00e1 celebrado). Ap\u00f3s\u00a0a celebra\u00e7\u00e3o do casamento nesta circunscri\u00e7\u00e3o consular, o cidad\u00e3o italiano residente nesta circunscri\u00e7\u00e3o consular e regularmente inscrito no AIRE deve seguir as [&hellip;]","protected":false},"author":6,"featured_media":0,"parent":694,"menu_order":0,"comment_status":"closed","ping_status":"closed","template":"","meta":{"footnotes":""},"class_list":["post-2560","page","type-page","status-publish","hentry"],"_links":{"self":[{"href":"https:\/\/conssanpaolo.esteri.it\/pt\/wp-json\/wp\/v2\/pages\/2560","targetHints":{"allow":["GET"]}}],"collection":[{"href":"https:\/\/conssanpaolo.esteri.it\/pt\/wp-json\/wp\/v2\/pages"}],"about":[{"href":"https:\/\/conssanpaolo.esteri.it\/pt\/wp-json\/wp\/v2\/types\/page"}],"author":[{"embeddable":true,"href":"https:\/\/conssanpaolo.esteri.it\/pt\/wp-json\/wp\/v2\/users\/6"}],"replies":[{"embeddable":true,"href":"https:\/\/conssanpaolo.esteri.it\/pt\/wp-json\/wp\/v2\/comments?post=2560"}],"version-history":[{"count":3,"href":"https:\/\/conssanpaolo.esteri.it\/pt\/wp-json\/wp\/v2\/pages\/2560\/revisions"}],"predecessor-version":[{"id":2969,"href":"https:\/\/conssanpaolo.esteri.it\/pt\/wp-json\/wp\/v2\/pages\/2560\/revisions\/2969"}],"up":[{"embeddable":true,"href":"https:\/\/conssanpaolo.esteri.it\/pt\/wp-json\/wp\/v2\/pages\/694"}],"wp:attachment":[{"href":"https:\/\/conssanpaolo.esteri.it\/pt\/wp-json\/wp\/v2\/media?parent=2560"}],"curies":[{"name":"wp","href":"https:\/\/api.w.org\/{rel}","templated":true}]}}