{"id":2555,"date":"2023-09-28T15:27:11","date_gmt":"2023-09-28T18:27:11","guid":{"rendered":"https:\/\/conssanpaolo.esteri.it\/servizi-consolari-e-visti\/servizi-per-il-cittadino-italiano\/stato-civile\/matrimonio\/cidadaos-italianos-que-queiram-celebrar-o-casamento-no-consulado\/"},"modified":"2024-10-10T09:35:21","modified_gmt":"2024-10-10T12:35:21","slug":"cidadaos-italianos-que-queiram-celebrar-o-casamento-no-consulado","status":"publish","type":"page","link":"https:\/\/conssanpaolo.esteri.it\/pt\/servizi-consolari-e-visti\/servizi-per-il-cittadino-italiano\/stato-civile\/matrimonio\/cidadaos-italianos-que-queiram-celebrar-o-casamento-no-consulado\/","title":{"rendered":"Cidad\u00e3os italianos que queiram celebrar o casamento no Consulado"},"content":{"rendered":"<p>O casamento em um Consulado \u00e9 <strong>reservado para aqueles que <span style=\"text-decoration: underline;\">n\u00e3o<\/span> t\u00eam nacionalidade brasileira<\/strong>, pois o Brasil n\u00e3o reconhece o casamento de um cidad\u00e3o brasileiro celebrado em uma representa\u00e7\u00e3o diplom\u00e1tica estrangeira localizada em territ\u00f3rio nacional.<\/p>\n<p>Para obter mais informa\u00e7\u00f5es, consulte o link a seguir:<br \/>\nhttps:\/\/www.esteri.it\/it\/servizi-consolari-e-visti\/italiani-all-estero\/stato-civile\/matrimonio_0\/<\/p>\n<p>&nbsp;<\/p>\n","protected":false},"excerpt":{"rendered":"O casamento em um Consulado \u00e9 reservado para aqueles que n\u00e3o t\u00eam nacionalidade brasileira, pois o Brasil n\u00e3o reconhece o casamento de um cidad\u00e3o brasileiro celebrado em uma representa\u00e7\u00e3o diplom\u00e1tica estrangeira localizada em territ\u00f3rio nacional. Para obter mais informa\u00e7\u00f5es, consulte o link a seguir: https:\/\/www.esteri.it\/it\/servizi-consolari-e-visti\/italiani-all-estero\/stato-civile\/matrimonio_0\/ &nbsp;","protected":false},"author":6,"featured_media":0,"parent":694,"menu_order":0,"comment_status":"closed","ping_status":"closed","template":"","meta":{"footnotes":""},"class_list":["post-2555","page","type-page","status-publish","hentry"],"_links":{"self":[{"href":"https:\/\/conssanpaolo.esteri.it\/pt\/wp-json\/wp\/v2\/pages\/2555","targetHints":{"allow":["GET"]}}],"collection":[{"href":"https:\/\/conssanpaolo.esteri.it\/pt\/wp-json\/wp\/v2\/pages"}],"about":[{"href":"https:\/\/conssanpaolo.esteri.it\/pt\/wp-json\/wp\/v2\/types\/page"}],"author":[{"embeddable":true,"href":"https:\/\/conssanpaolo.esteri.it\/pt\/wp-json\/wp\/v2\/users\/6"}],"replies":[{"embeddable":true,"href":"https:\/\/conssanpaolo.esteri.it\/pt\/wp-json\/wp\/v2\/comments?post=2555"}],"version-history":[{"count":2,"href":"https:\/\/conssanpaolo.esteri.it\/pt\/wp-json\/wp\/v2\/pages\/2555\/revisions"}],"predecessor-version":[{"id":5719,"href":"https:\/\/conssanpaolo.esteri.it\/pt\/wp-json\/wp\/v2\/pages\/2555\/revisions\/5719"}],"up":[{"embeddable":true,"href":"https:\/\/conssanpaolo.esteri.it\/pt\/wp-json\/wp\/v2\/pages\/694"}],"wp:attachment":[{"href":"https:\/\/conssanpaolo.esteri.it\/pt\/wp-json\/wp\/v2\/media?parent=2555"}],"curies":[{"name":"wp","href":"https:\/\/api.w.org\/{rel}","templated":true}]}}