{"id":2550,"date":"2023-09-28T15:24:20","date_gmt":"2023-09-28T18:24:20","guid":{"rendered":"https:\/\/conssanpaolo.esteri.it\/servizi-consolari-e-visti\/servizi-per-il-cittadino-italiano\/stato-civile\/matrimonio\/cidadaos-italianos-que-queiram-celebrar-o-casamento-na-italia\/"},"modified":"2025-05-06T13:58:53","modified_gmt":"2025-05-06T16:58:53","slug":"cidadaos-italianos-que-queiram-celebrar-o-casamento-na-italia","status":"publish","type":"page","link":"https:\/\/conssanpaolo.esteri.it\/pt\/servizi-consolari-e-visti\/servizi-per-il-cittadino-italiano\/stato-civile\/matrimonio\/cidadaos-italianos-que-queiram-celebrar-o-casamento-na-italia\/","title":{"rendered":"Cidad\u00e3os italianos que queiram celebrar o casamento na It\u00e1lia"},"content":{"rendered":"<p style=\"text-align: justify;\">Os <strong>cidad\u00e3os italianos<\/strong> <strong>residentes nesta circunscri\u00e7\u00e3o<\/strong> consular e <strong>regularmente inscritos no AIRE<\/strong> que queiram <strong>celebrar casamento<\/strong> civil ou religioso na Italia devem primeiramente contactar diretamente o Munic\u00edpio ou a Igreja na It\u00e1lia onde querem celebrar o casamento e confirmar uma data para celebra\u00e7\u00e3o.<\/p>\n<p style=\"text-align: justify;\">Uma vez confirmada a data, devem enviar um e-mail para statocivile.sanpaolo@esteri.it pedindo as <strong>publica\u00e7\u00f5es<\/strong>, que dever\u00e3o ser efetuadas em <strong>at\u00e9 seis meses antes da data do casamento<\/strong>; este Setor convocar\u00e1 no Consulado <strong>ambos os noivos<\/strong> para que <strong>o\/a noivo\/a italiano\/a assine a<\/strong> <strong><em>Autocertifica\u00e7\u00e3o de Estado Civil<\/em><\/strong> em presen\u00e7a de um funcion\u00e1rio e <strong>ambos os noivos assinem a solicita\u00e7\u00e3o de publica\u00e7\u00e3o<\/strong>; na data agendada, os noivos dever\u00e3o <strong>apresentar passaporte ou RG dentro do prazo de validade com a seguinte documenta\u00e7\u00e3o<\/strong>:<\/p>\n<p style=\"text-align: justify;\">&#8211; para o <strong>matrim\u00f4nio religioso<\/strong>: carta em papel timbrado da igreja onde conste a data da cerim\u00f4nia e os dados completos dos c\u00f4njuges e da igreja (incluindo um endere\u00e7o de e-mail v\u00e1lido da Igreja), com o carimbo e assinatura do padre que celebrar\u00e1 o casamento<\/p>\n<p style=\"text-align: justify;\">&#8211; para o\/a <strong>noivo\/a italiano\/a<\/strong>: a <a href=\"https:\/\/conssanpaolo.esteri.it\/wp-content\/uploads\/2025\/05\/Autocertificazione-per-pubbl-matr.pdf\"><strong><em>Autocertificazione di Stato Civile<\/em><\/strong><\/a> que dever\u00e1 ser assinada em presen\u00e7a de um funcion\u00e1rio na data agendada<\/p>\n<p style=\"text-align: justify;\"><strong>&#8211; <\/strong>para os<strong> noivos brasileiros:<\/strong><\/p>\n<ul style=\"text-align: justify;\">\n<li><strong>segunda via<\/strong> <strong>original<\/strong> da<strong> certid\u00e3o de nascimento<\/strong> em <strong>inteiro teor<\/strong> <strong><u>emitida <span style=\"text-decoration: line-through;\">a<\/span> h\u00e1 menos de 3 meses<\/u><\/strong> (n\u00e3o \u00e9 necess\u00e1rio Apostil\u00e1-la e nem traduzi-la)<\/li>\n<li><strong><em>Escritura p\u00fablica de aus\u00eancia de impedimentos<\/em><\/strong><strong> produzida em Cart\u00f3rio\/Tabeli\u00e3o<\/strong> <strong><span style=\"text-decoration: line-through;\"><u>a<\/u><\/span><u> h\u00e1 menos de 3 meses<\/u><\/strong> (ver o modelo <a href=\"https:\/\/conssanpaolo.esteri.it\/wp-content\/uploads\/2023\/09\/Escritura-publica-ausencia-impedimentos.pdf\"><em>Escritura p\u00fablica de aus\u00eancia de impedimentos<\/em><\/a>; n\u00e3o \u00e9 necess\u00e1rio Apostil\u00e1-la e nem traduzi-la)<\/li>\n<\/ul>\n<p style=\"text-align: justify;\"><strong>&#8211; <\/strong>para os <strong>noivos de outras nacionalidades<\/strong><\/p>\n<ul style=\"text-align: justify;\">\n<li><strong>certid\u00e3o de nascimento original emitida no pa\u00eds onde ocorreu o nascimento e<\/strong> <strong>conforme as instru\u00e7\u00f5es do site da Representa\u00e7\u00e3o Diplom\u00e1tica\/Consular italiana do pa\u00eds estrangeiro onde ocorreu o nascimento<\/strong><\/li>\n<\/ul>\n<ul style=\"text-align: justify;\">\n<li><strong>certificado de capacidade matrimonial <u>emitido h\u00e1 menos de 3 meses<\/u> <\/strong><u>pelo Consulado do pr\u00f3prio pa\u00eds no Brasil<\/u>, legalizado e traduzido para o portugu\u00eas, <u>ou pelas autoridades p\u00fablicas no pa\u00eds estrangeiro<\/u>, traduzido para o italiano e verificado pelo Consulado italiano do pa\u00eds de emiss\u00e3o do documento<\/li>\n<\/ul>\n<p style=\"text-align: justify;\">A publica\u00e7\u00e3o ser\u00e1 efetuada no <a href=\"https:\/\/conssanpaolo.esteri.it\/it\/servizi-consolari-e-visti\/servizi-per-il-cittadino-italiano\/altri-servizi\/albo-consolare\/\"><strong>Registro Consular (Albo Consolare)<\/strong><\/a><strong> por 8 dias consecutivos<\/strong>. Decorrido este prazo, o Consulado enviar\u00e1 uma comunica\u00e7\u00e3o diretamente ao Munic\u00edpio ou Igreja na It\u00e1lia onde o casamento ser\u00e1 celebrado.<\/p>\n","protected":false},"excerpt":{"rendered":"Os cidad\u00e3os italianos residentes nesta circunscri\u00e7\u00e3o consular e regularmente inscritos no AIRE que queiram celebrar casamento civil ou religioso na Italia devem primeiramente contactar diretamente o Munic\u00edpio ou a Igreja na It\u00e1lia onde querem celebrar o casamento e confirmar uma data para celebra\u00e7\u00e3o. Uma vez confirmada a data, devem enviar um e-mail para statocivile.sanpaolo@esteri.it pedindo [&hellip;]","protected":false},"author":6,"featured_media":0,"parent":694,"menu_order":0,"comment_status":"closed","ping_status":"closed","template":"","meta":{"footnotes":""},"class_list":["post-2550","page","type-page","status-publish","hentry"],"_links":{"self":[{"href":"https:\/\/conssanpaolo.esteri.it\/pt\/wp-json\/wp\/v2\/pages\/2550","targetHints":{"allow":["GET"]}}],"collection":[{"href":"https:\/\/conssanpaolo.esteri.it\/pt\/wp-json\/wp\/v2\/pages"}],"about":[{"href":"https:\/\/conssanpaolo.esteri.it\/pt\/wp-json\/wp\/v2\/types\/page"}],"author":[{"embeddable":true,"href":"https:\/\/conssanpaolo.esteri.it\/pt\/wp-json\/wp\/v2\/users\/6"}],"replies":[{"embeddable":true,"href":"https:\/\/conssanpaolo.esteri.it\/pt\/wp-json\/wp\/v2\/comments?post=2550"}],"version-history":[{"count":6,"href":"https:\/\/conssanpaolo.esteri.it\/pt\/wp-json\/wp\/v2\/pages\/2550\/revisions"}],"predecessor-version":[{"id":7388,"href":"https:\/\/conssanpaolo.esteri.it\/pt\/wp-json\/wp\/v2\/pages\/2550\/revisions\/7388"}],"up":[{"embeddable":true,"href":"https:\/\/conssanpaolo.esteri.it\/pt\/wp-json\/wp\/v2\/pages\/694"}],"wp:attachment":[{"href":"https:\/\/conssanpaolo.esteri.it\/pt\/wp-json\/wp\/v2\/media?parent=2550"}],"curies":[{"name":"wp","href":"https:\/\/api.w.org\/{rel}","templated":true}]}}