{"id":2545,"date":"2023-09-28T15:21:07","date_gmt":"2023-09-28T13:21:07","guid":{"rendered":"https:\/\/conssanpaolo.esteri.it\/servizi-consolari-e-visti\/servizi-per-il-cittadino-italiano\/stato-civile\/matrimonio\/casamento-celebrado-em-outro-pais\/"},"modified":"2023-10-11T15:10:39","modified_gmt":"2023-10-11T13:10:39","slug":"casamento-celebrado-em-outro-pais","status":"publish","type":"page","link":"https:\/\/conssanpaolo.esteri.it\/pt\/servizi-consolari-e-visti\/servizi-per-il-cittadino-italiano\/stato-civile\/matrimonio\/casamento-celebrado-em-outro-pais\/","title":{"rendered":"Casamento celebrado em outro Pa\u00eds"},"content":{"rendered":"<p style=\"text-align: justify;\">Os <strong>italianos residentes nesta circunscri\u00e7\u00e3o<\/strong> e <strong>regularmente inscritos no AIRE<\/strong> devem <strong>enviar<\/strong> <strong>pelo Correios com A\/R<\/strong> ao endere\u00e7o <em>A\/C Ufficio Stato Civile, Consolato Generale d\u2019Italia in San Paolo, Avenida Paulista 1963, 01311-300 Sao Paulo (SP)<\/em> a seguinte documenta\u00e7\u00e3o:<\/p>\n<p style=\"text-align: justify;\">&#8211; <strong>certid\u00e3o de casamento original emitida no territ\u00f3rio onde o casamento foi celebrado <\/strong>e <strong>conforme as instru\u00e7\u00f5es do site da Representa\u00e7\u00e3o Diplom\u00e1tica\/Consular italiana do pa\u00eds estrangeiro onde o casamento foi celebrado<\/strong><\/p>\n<p style=\"text-align: justify;\">&#8211; formulario <a href=\"https:\/\/conssanpaolo.esteri.it\/wp-content\/uploads\/2023\/09\/7-Dich.-Sost.-Matrimonio.pdf\"><strong><em>Dichiarazione sostitutiva \u2013 Matrimonio <\/em><\/strong><\/a>devidamente preenchido e assinado pelo <strong>c\u00f4njuge cidad\u00e3o italiano<\/strong>, acompanhado de <strong>c\u00f3pia simples de um documento de identidade dentro do prazo de validade<\/strong> (passaporte italiano, brasileiro, RG ou CNH) e de um <strong>comprovante de resid\u00eancia recente e id\u00f4neo<\/strong> em nome c\u00f4njuge cidad\u00e3o italiano. <a href=\"https:\/\/conssanpaolo.esteri.it\/pt\/servizi-consolari-e-visti\/servizi-per-il-cittadino-italiano\/prove-di-residenza-accettate\/\"><strong>CLIQUE AQUI<\/strong><\/a>\u00a0para verificar quais comprovantes ser\u00e3o aceitos.<\/p>\n","protected":false},"excerpt":{"rendered":"Os italianos residentes nesta circunscri\u00e7\u00e3o e regularmente inscritos no AIRE devem enviar pelo Correios com A\/R ao endere\u00e7o A\/C Ufficio Stato Civile, Consolato Generale d\u2019Italia in San Paolo, Avenida Paulista 1963, 01311-300 Sao Paulo (SP) a seguinte documenta\u00e7\u00e3o: &#8211; certid\u00e3o de casamento original emitida no territ\u00f3rio onde o casamento foi celebrado e conforme as instru\u00e7\u00f5es [&hellip;]","protected":false},"author":6,"featured_media":0,"parent":694,"menu_order":2,"comment_status":"closed","ping_status":"closed","template":"","meta":{"footnotes":""},"class_list":["post-2545","page","type-page","status-publish","hentry"],"_links":{"self":[{"href":"https:\/\/conssanpaolo.esteri.it\/pt\/wp-json\/wp\/v2\/pages\/2545","targetHints":{"allow":["GET"]}}],"collection":[{"href":"https:\/\/conssanpaolo.esteri.it\/pt\/wp-json\/wp\/v2\/pages"}],"about":[{"href":"https:\/\/conssanpaolo.esteri.it\/pt\/wp-json\/wp\/v2\/types\/page"}],"author":[{"embeddable":true,"href":"https:\/\/conssanpaolo.esteri.it\/pt\/wp-json\/wp\/v2\/users\/6"}],"replies":[{"embeddable":true,"href":"https:\/\/conssanpaolo.esteri.it\/pt\/wp-json\/wp\/v2\/comments?post=2545"}],"version-history":[{"count":3,"href":"https:\/\/conssanpaolo.esteri.it\/pt\/wp-json\/wp\/v2\/pages\/2545\/revisions"}],"predecessor-version":[{"id":3046,"href":"https:\/\/conssanpaolo.esteri.it\/pt\/wp-json\/wp\/v2\/pages\/2545\/revisions\/3046"}],"up":[{"embeddable":true,"href":"https:\/\/conssanpaolo.esteri.it\/pt\/wp-json\/wp\/v2\/pages\/694"}],"wp:attachment":[{"href":"https:\/\/conssanpaolo.esteri.it\/pt\/wp-json\/wp\/v2\/media?parent=2545"}],"curies":[{"name":"wp","href":"https:\/\/api.w.org\/{rel}","templated":true}]}}