{"id":2540,"date":"2023-09-28T15:17:57","date_gmt":"2023-09-28T18:17:57","guid":{"rendered":"https:\/\/conssanpaolo.esteri.it\/servizi-consolari-e-visti\/servizi-per-il-cittadino-italiano\/stato-civile\/matrimonio\/casamento-celebrado-no-brasil\/"},"modified":"2024-08-16T14:18:35","modified_gmt":"2024-08-16T17:18:35","slug":"casamento-celebrado-no-brasil","status":"publish","type":"page","link":"https:\/\/conssanpaolo.esteri.it\/pt\/servizi-consolari-e-visti\/servizi-per-il-cittadino-italiano\/stato-civile\/matrimonio\/casamento-celebrado-no-brasil\/","title":{"rendered":"Casamento celebrado no Brasil"},"content":{"rendered":"<p style=\"text-align: justify;\">Os <strong>italianos residentes nesta circunscri\u00e7\u00e3o<\/strong> e <strong>regularmente inscritos no AIRE<\/strong> devem <strong>enviar<\/strong> <strong>pelo Correios com A\/R<\/strong> ao endere\u00e7o <em>A\/C Ufficio Stato Civile, Consolato Generale d\u2019Italia in San Paolo, Avenida Paulista 1963, 01311-300 Sao Paulo (SP)<\/em> a seguinte documenta\u00e7\u00e3o:<\/p>\n<p style=\"text-align: justify;\"><strong>&#8211; segunda via original <\/strong>da<strong> certid\u00e3o de casamento <\/strong>em\u00a0<strong>inteiro teor<\/strong>\u00a0<strong>recente<\/strong> (emitida h\u00e1 menos de 6 meses) com\u00a0<strong>Apostila<\/strong><strong>\u00a0<\/strong>e <strong>tradu\u00e7\u00e3o juramentada para o italiano<\/strong>, tamb\u00e9m com\u00a0<strong>Apostila<\/strong><\/p>\n<p style=\"text-align: justify;\">&#8211; formulario <a href=\"https:\/\/conssanpaolo.esteri.it\/wp-content\/uploads\/2023\/09\/7-Dich.-Sost.-Matrimonio.pdf\"><strong><em>Dichiarazione sostitutiva \u2013 Matrimonio <\/em><\/strong><\/a>devidamente preenchido e assinado pelo <strong>c\u00f4njuge cidad\u00e3o italiano<\/strong>, acompanhado de <strong>c\u00f3pia simples de um documento de identidade dentro do prazo de validade <\/strong>(passaporte italiano, brasileiro, RG, CIN ou CNH) e de um <strong>comprovante de resid\u00eancia recente e id\u00f4neo<\/strong> em nome c\u00f4njuge cidad\u00e3o italiano.<br \/>\n<a href=\"https:\/\/conssanpaolo.esteri.it\/pt\/servizi-consolari-e-visti\/servizi-per-il-cittadino-italiano\/prove-di-residenza-accettate\/\"><strong>CLIQUE AQUI<\/strong><\/a> para verificar os comprovantes aceitos.<\/p>\n","protected":false},"excerpt":{"rendered":"Os italianos residentes nesta circunscri\u00e7\u00e3o e regularmente inscritos no AIRE devem enviar pelo Correios com A\/R ao endere\u00e7o A\/C Ufficio Stato Civile, Consolato Generale d\u2019Italia in San Paolo, Avenida Paulista 1963, 01311-300 Sao Paulo (SP) a seguinte documenta\u00e7\u00e3o: &#8211; segunda via original da certid\u00e3o de casamento em\u00a0inteiro teor\u00a0recente (emitida h\u00e1 menos de 6 meses) com\u00a0Apostila\u00a0e [&hellip;]","protected":false},"author":6,"featured_media":0,"parent":694,"menu_order":1,"comment_status":"closed","ping_status":"closed","template":"","meta":{"footnotes":""},"class_list":["post-2540","page","type-page","status-publish","hentry"],"_links":{"self":[{"href":"https:\/\/conssanpaolo.esteri.it\/pt\/wp-json\/wp\/v2\/pages\/2540","targetHints":{"allow":["GET"]}}],"collection":[{"href":"https:\/\/conssanpaolo.esteri.it\/pt\/wp-json\/wp\/v2\/pages"}],"about":[{"href":"https:\/\/conssanpaolo.esteri.it\/pt\/wp-json\/wp\/v2\/types\/page"}],"author":[{"embeddable":true,"href":"https:\/\/conssanpaolo.esteri.it\/pt\/wp-json\/wp\/v2\/users\/6"}],"replies":[{"embeddable":true,"href":"https:\/\/conssanpaolo.esteri.it\/pt\/wp-json\/wp\/v2\/comments?post=2540"}],"version-history":[{"count":5,"href":"https:\/\/conssanpaolo.esteri.it\/pt\/wp-json\/wp\/v2\/pages\/2540\/revisions"}],"predecessor-version":[{"id":10124,"href":"https:\/\/conssanpaolo.esteri.it\/pt\/wp-json\/wp\/v2\/pages\/2540\/revisions\/10124"}],"up":[{"embeddable":true,"href":"https:\/\/conssanpaolo.esteri.it\/pt\/wp-json\/wp\/v2\/pages\/694"}],"wp:attachment":[{"href":"https:\/\/conssanpaolo.esteri.it\/pt\/wp-json\/wp\/v2\/media?parent=2540"}],"curies":[{"name":"wp","href":"https:\/\/api.w.org\/{rel}","templated":true}]}}