{"id":2400,"date":"2023-09-01T21:08:48","date_gmt":"2023-09-01T19:08:48","guid":{"rendered":"https:\/\/conssanpaolo.esteri.it\/servizi-consolari-e-visti\/servizi-per-il-cittadino-italiano\/anagrafe-degli-italiani-residenti-allestero-aire\/fast-it\/errore-nella-richiesta-di-associazione-dellaccount-fast-it-allanagrafe-consolare\/"},"modified":"2023-09-01T21:11:19","modified_gmt":"2023-09-01T19:11:19","slug":"errore-nella-richiesta-di-associazione-dellaccount-fast-it-allanagrafe-consolare","status":"publish","type":"page","link":"https:\/\/conssanpaolo.esteri.it\/pt\/servizi-consolari-e-visti\/servizi-per-il-cittadino-italiano\/anagrafe-degli-italiani-residenti-allestero-aire\/fast-it\/errore-nella-richiesta-di-associazione-dellaccount-fast-it-allanagrafe-consolare\/","title":{"rendered":"Erro na solicita\u00e7\u00e3o de vincula\u00e7\u00e3o da conta FAST IT ao banco de dados consular"},"content":{"rendered":"<p><strong>Quando tento visualizar meu cadastro consta uma mensagem de erro de que eu tenho de ser cidad\u00e3o italiano inscrito no AIRE para requerer tal servi\u00e7o. No entanto, minha cidadania j\u00e1 foi conclu\u00edda e possuo cadastro neste consulado. Como resolver?<\/strong><\/p>\n<p>Tal erro costumeiramente significa que o cadastro no FAST IT n\u00e3o foi feito com os dados iguais aos dados presentes em nosso sistema. A\u00a0<a href=\"https:\/\/conssanpaolo.esteri.it\/consolato_sanpaolo\/pt\/i_servizi\/per_i_cittadini\/anagrafe\/associazione.html\">associa\u00e7\u00e3o<\/a>, que permite a visualiza\u00e7\u00e3o do sistema, s\u00f3 pode ser feita quando os dados inseridos no FAST IT espelham os dados presentes em nosso Cadastro Consular. Caso voc\u00ea possua d\u00favidas sobre como consta seu cadastro, envie-nos um\u00a0<a href=\"mailto:sanpaolo.anagrafe1@esteri.it\">e-mail<\/a>\u00a0com seus dados completos para que possamos confirmar tal informa\u00e7\u00e3o para voc\u00ea.<\/p>\n<p>&nbsp;<\/p>\n","protected":false},"excerpt":{"rendered":"Quando tento visualizar meu cadastro consta uma mensagem de erro de que eu tenho de ser cidad\u00e3o italiano inscrito no AIRE para requerer tal servi\u00e7o. No entanto, minha cidadania j\u00e1 foi conclu\u00edda e possuo cadastro neste consulado. Como resolver? Tal erro costumeiramente significa que o cadastro no FAST IT n\u00e3o foi feito com os dados [&hellip;]","protected":false},"author":6,"featured_media":0,"parent":860,"menu_order":0,"comment_status":"closed","ping_status":"closed","template":"","meta":{"footnotes":""},"class_list":["post-2400","page","type-page","status-publish","hentry"],"_links":{"self":[{"href":"https:\/\/conssanpaolo.esteri.it\/pt\/wp-json\/wp\/v2\/pages\/2400","targetHints":{"allow":["GET"]}}],"collection":[{"href":"https:\/\/conssanpaolo.esteri.it\/pt\/wp-json\/wp\/v2\/pages"}],"about":[{"href":"https:\/\/conssanpaolo.esteri.it\/pt\/wp-json\/wp\/v2\/types\/page"}],"author":[{"embeddable":true,"href":"https:\/\/conssanpaolo.esteri.it\/pt\/wp-json\/wp\/v2\/users\/6"}],"replies":[{"embeddable":true,"href":"https:\/\/conssanpaolo.esteri.it\/pt\/wp-json\/wp\/v2\/comments?post=2400"}],"version-history":[{"count":1,"href":"https:\/\/conssanpaolo.esteri.it\/pt\/wp-json\/wp\/v2\/pages\/2400\/revisions"}],"predecessor-version":[{"id":2401,"href":"https:\/\/conssanpaolo.esteri.it\/pt\/wp-json\/wp\/v2\/pages\/2400\/revisions\/2401"}],"up":[{"embeddable":true,"href":"https:\/\/conssanpaolo.esteri.it\/pt\/wp-json\/wp\/v2\/pages\/860"}],"wp:attachment":[{"href":"https:\/\/conssanpaolo.esteri.it\/pt\/wp-json\/wp\/v2\/media?parent=2400"}],"curies":[{"name":"wp","href":"https:\/\/api.w.org\/{rel}","templated":true}]}}