{"id":2300,"date":"2023-08-22T20:47:01","date_gmt":"2023-08-22T23:47:01","guid":{"rendered":""},"modified":"2025-01-09T08:38:40","modified_gmt":"2025-01-09T11:38:40","slug":"iscrizione-aire-a-seguito-di-cittadinanza-riconosciuta-tramite-sentenza","status":"publish","type":"page","link":"https:\/\/conssanpaolo.esteri.it\/pt\/servizi-consolari-e-visti\/servizi-per-il-cittadino-italiano\/anagrafe-degli-italiani-residenti-allestero-aire\/iscrizione-aire-a-seguito-di-cittadinanza-riconosciuta-tramite-sentenza\/","title":{"rendered":"Inscri\u00e7\u00e3o no Cadastro dos italianos residentes no exterior (A.I.R.E) ap\u00f3s reconhecimento da cidadania italiana por senten\u00e7a"},"content":{"rendered":"<p>A solicita\u00e7\u00e3o de pedido de inscri\u00e7\u00e3o deve ser encaminhada exclusivamente atrav\u00e9s do portal <a href=\"https:\/\/serviziconsolari.esteri.it\/\">FAST IT.<\/a><\/p>\n<p><span style=\"text-decoration: underline;\"><strong>Esta se\u00e7\u00e3o \u00e9 destinada aos cidad\u00e3os italianos que tiveram a pr\u00f3pria cidadania reconhecida por senten\u00e7a de um tribunal italiano.<\/strong><\/span><\/p>\n<p>Cada cidad\u00e3o italiano\u00a0<strong>MAIOR DE IDADE<\/strong>\u00a0(18 anos) ter\u00e1 que apresentar seu pr\u00f3prio pedido\u00a0<strong>INDIVIDUAL<\/strong>\u00a0(mesmo no caso de c\u00f4njuges\/filhos maiores residentes com os pais).<\/p>\n<ul>\n<li>Pedimos que N\u00c3O SEJAM DECLARADOS (E ASSIM N\u00c3O SEJAM INSERIDOS) na solicita\u00e7\u00e3o dos pais o nome de filhos MAIORES DE IDADE, ainda que morem com os pais.<\/li>\n<li><strong>No caso de filhos MENORES DE IDADE\u00a0<\/strong>\u00e9 necess\u00e1rio indicar o nome completo dos pais e \u00e9 tamb\u00e9m imprescind\u00edvel a\u00a0<strong>assinatura de ambos os genitores na declara\u00e7\u00e3o a ser anexada.<\/strong><\/li>\n<\/ul>\n<p>Para outras d\u00favidas pedimos que seja lida com aten\u00e7\u00e3o a se\u00e7\u00e3o cima citada, na qual s\u00e3o reportados erros frequentes que, quando evitados, tornam o procedimento mais c\u00e9lere.<\/p>\n<p style=\"text-align: center;\"><a href=\"https:\/\/conssanpaolo.esteri.it\/pt\/servizi-consolari-e-visti\/servizi-per-il-cittadino-italiano\/anagrafe-degli-italiani-residenti-allestero-aire\/istruzioni-per-corretto-inserimento-dati-fast-it\/\"><strong>CLIQUE AQUI E LEIA AS INSTRU\u00c7\u00d5ES ANTES DE INICIAR SEU CADASTRO NO PORTAL FAST IT<\/strong><\/a><\/p>\n<hr \/>\n<p><strong>DOCUMENTOS A SEREM ANEXADOS:<\/strong><\/p>\n<p><strong>ANEXO A:<\/strong><\/p>\n<ul>\n<li>Formul\u00e1rio \u201c<a href=\"https:\/\/conssanpaolo.esteri.it\/wp-content\/uploads\/2023\/07\/ANAG.-DICH.-SOST.-DEFINITIVA.pdf\"><strong>Dichiarazione sostitutiva \/ Modulo d\u2019iscrizione all\u2019AIRE<\/strong><\/a>\u201d devidamente\u00a0<strong>preenchido EM TODOS OS CAMPOS<\/strong> e assinado (caso o login N\u00c3O tenha sido feito com SPID ou CIE); n\u00e3o ser\u00e3o aceitas assinaturas digitais n\u00e3o reconhecidas na It\u00e1lia. No campo &#8220;Data de chegada na circunscri\u00e7\u00e3o consular&#8221; preencher a data de apresenta\u00e7\u00e3o do pedido. Para mais informa\u00e7\u00f5es <a href=\"https:\/\/conssanpaolo.esteri.it\/wp-admin\/post.php?post=644&amp;action=edit&amp;lang=pt#anchor16\">clique aqui.<\/a><\/li>\n<\/ul>\n<p><strong>ATEN\u00c7\u00c3O<\/strong>: o formul\u00e1rio N\u00c3O deve conter acentos. Caso o formul\u00e1rio, gerado automaticamente, reporte acentos significa que tal campo foi precedentemente preenchido pelo solicitante com acento. Neste caso \u00e9 necess\u00e1rio voltar at\u00e9 o passo do preenchimento e corrigir. NENHUM CAMPO DO FORMUL\u00c1RIO DEVE REPORTAR ACENTOS\/CEDILHA\/ETC.<\/p>\n<p><strong>ANEXO B:<\/strong><\/p>\n<ul>\n<li>Um dos seguintes documentos onde conste a assinatura atual do requerente: passaporte italiano, carteira de identidade italiana, RG ou CNH v\u00e1lido. N\u00e3o ser\u00e1 aceito nenhum documento de identidade de classe, como OAB\/CREA\/etc. uma vez que n\u00e3o s\u00e3o reconhecidos na It\u00e1lia.<\/li>\n<li>Comprovante de resid\u00eancia nominal e recente (validade m\u00e1xima tr\u00eas meses) em nome de cada requerente maior de idade onde conste nome e endere\u00e7o completo do interessado, al\u00e9m da data de emiss\u00e3o.\u00a0<a href=\"https:\/\/conssanpaolo.esteri.it\/pt\/servizi-consolari-e-visti\/servizi-per-il-cittadino-italiano\/prove-di-residenza-accettate\/\"><strong>CLIQUE AQUI<\/strong><\/a>\u00a0para verificar quais comprovantes ser\u00e3o aceitos.<\/li>\n<\/ul>\n<p><strong>ANEXO C:<\/strong><\/p>\n<ul>\n<li>Certid\u00f5es (<em>estratto di nascita<\/em>\u00a0e eventualmente\u00a0<em>estratto di matrimonio \/ estratto di nascitafigli minori<\/em>) emitidas pelo\u00a0<em>comune<\/em> italiano competente.<\/li>\n<li>Senten\u00e7a de concess\u00e3o da cidadania italiana emitida pelo tribunal.<\/li>\n<\/ul>\n<p><strong>IMPORTANTE<\/strong><\/p>\n<p>A aus\u00eancia da documenta\u00e7\u00e3o acima citada comportar\u00e1 na impossibilidade de processamento do pedido.<\/p>\n<p>Observe que\u00a0<strong>o prazo m\u00e1ximo legal para o processamento das solicita\u00e7\u00f5es de inscri\u00e7\u00e3o\/atualiza\u00e7\u00e3o da AIRE \u00e9 de 180<\/strong>\u00a0dias a\u00a0<strong>partir da data de apresenta\u00e7\u00e3o do requerimento\u00a0completo\u00a0de\u00a0todos\u00a0os\u00a0documentos necess\u00e1rios<\/strong>, mas que este Consulado Geral est\u00e1 comprometido com a r\u00e1pida elabora\u00e7\u00e3o dos processos.<\/p>\n<p>&nbsp;<\/p>\n","protected":false},"excerpt":{"rendered":"A solicita\u00e7\u00e3o de pedido de inscri\u00e7\u00e3o deve ser encaminhada exclusivamente atrav\u00e9s do portal FAST IT. Esta se\u00e7\u00e3o \u00e9 destinada aos cidad\u00e3os italianos que tiveram a pr\u00f3pria cidadania reconhecida por senten\u00e7a de um tribunal italiano. Cada cidad\u00e3o italiano\u00a0MAIOR DE IDADE\u00a0(18 anos) ter\u00e1 que apresentar seu pr\u00f3prio pedido\u00a0INDIVIDUAL\u00a0(mesmo no caso de c\u00f4njuges\/filhos maiores residentes com os pais). [&hellip;]","protected":false},"author":6,"featured_media":0,"parent":187,"menu_order":3,"comment_status":"closed","ping_status":"closed","template":"","meta":{"footnotes":""},"class_list":["post-2300","page","type-page","status-publish","hentry"],"_links":{"self":[{"href":"https:\/\/conssanpaolo.esteri.it\/pt\/wp-json\/wp\/v2\/pages\/2300","targetHints":{"allow":["GET"]}}],"collection":[{"href":"https:\/\/conssanpaolo.esteri.it\/pt\/wp-json\/wp\/v2\/pages"}],"about":[{"href":"https:\/\/conssanpaolo.esteri.it\/pt\/wp-json\/wp\/v2\/types\/page"}],"author":[{"embeddable":true,"href":"https:\/\/conssanpaolo.esteri.it\/pt\/wp-json\/wp\/v2\/users\/6"}],"replies":[{"embeddable":true,"href":"https:\/\/conssanpaolo.esteri.it\/pt\/wp-json\/wp\/v2\/comments?post=2300"}],"version-history":[{"count":6,"href":"https:\/\/conssanpaolo.esteri.it\/pt\/wp-json\/wp\/v2\/pages\/2300\/revisions"}],"predecessor-version":[{"id":4283,"href":"https:\/\/conssanpaolo.esteri.it\/pt\/wp-json\/wp\/v2\/pages\/2300\/revisions\/4283"}],"up":[{"embeddable":true,"href":"https:\/\/conssanpaolo.esteri.it\/pt\/wp-json\/wp\/v2\/pages\/187"}],"wp:attachment":[{"href":"https:\/\/conssanpaolo.esteri.it\/pt\/wp-json\/wp\/v2\/media?parent=2300"}],"curies":[{"name":"wp","href":"https:\/\/api.w.org\/{rel}","templated":true}]}}