{"id":2296,"date":"2023-08-18T15:52:06","date_gmt":"2023-08-18T18:52:06","guid":{"rendered":"https:\/\/conssanpaolo.esteri.it\/servizi-consolari-e-visti\/servizi-per-il-cittadino-straniero\/visti\/faqs\/"},"modified":"2024-04-17T12:39:53","modified_gmt":"2024-04-17T15:39:53","slug":"faqs","status":"publish","type":"page","link":"https:\/\/conssanpaolo.esteri.it\/pt\/servizi-consolari-e-visti\/servizi-per-il-cittadino-straniero\/visti\/faqs\/","title":{"rendered":"FAQs"},"content":{"rendered":"<ol start=\"1\">\n<li><a href=\"#faqvistos1\"><strong>Com quanta anteced\u00eancia posso solicitar um visto?<\/strong><\/a><\/li>\n<li><a href=\"#faqvistos2\"><strong>Como se agendar?<\/strong><\/a><\/li>\n<li><a href=\"#faqvistos3\"><strong>Qual \u00e9 o procedimento para solicitar um visto?<\/strong><\/a><\/li>\n<li><a href=\"#faqvistos4\"><strong>Os documentos apresentados t\u00eam que ser traduzidos?<\/strong><\/a><\/li>\n<li><a href=\"#faqvistos5\"><strong>\u00c8 necess\u00e1rio seguro viagem?<\/strong><\/a><\/li>\n<li><a href=\"#faqvistos6\"><strong>Sou brasileiro e desejo viajar de f\u00e9rias para a It\u00e1lia. Eu tenho que solicitar um visto?<\/strong><\/a><\/li>\n<li><a href=\"#faqvistos7\"><strong>O que devo fazer ao chegar na It\u00e1lia tendo um visto nacional?<\/strong><\/a><\/li>\n<li><a href=\"#faqvistos8\"><strong>Eu sou cidad\u00e3o brasileiro e possuo um familiar cidad\u00e3o italiano que vive na It\u00e1lia. Tenho que solicitar um visto para entrar e permanecer na It\u00e1lia?<\/strong><\/a><\/li>\n<li><a href=\"#faqvistos9\"><strong>Eu quero aprender a l\u00edngua italiana, posso solicitar um visto para estudar na It\u00e1lia?<\/strong><\/a><\/li>\n<li><a href=\"#faqvistos10\"><strong>Qual o procedimento para solicitar o visto de estudos?<\/strong><\/a><\/li>\n<li><a href=\"#faqvistos11\"><strong>Qual \u00e9 o procedimento para solicitar um visto de trabalho??<\/strong><\/a><\/li>\n<li><a href=\"#faqvistos12\"><strong>Sou brasileiro e obtive um visto, que tipo de visto meus familiares (c\u00f4njuge e\/ou filhos menores) podem solicitar?<\/strong><\/a><\/li>\n<li><a href=\"#faqvistos13\"><strong>Tenho um visto de estudo, preciso retornar ao Brasil para pedir a extens\u00e3o do mesmo?<\/strong><\/a><\/li>\n<\/ol>\n<p>&nbsp;<\/p>\n<p>&nbsp;<\/p>\n<ol start=\"1\">\n<li id=\"faqvistos1\"><strong>Com quanta anteced\u00eancia posso solicitar um visto?<\/strong><\/li>\n<\/ol>\n<p>Um pedido de visto normalmente deve ser apresentado pelo menos 15 dias \u00fateis antes do in\u00edcio da viagem planejada. Somente em casos individuais e devidamente fundamentados de urg\u00eancia, o departamento de Vistos poder\u00e1 aceitar pedidos de visto apresentados menos de 15 dias \u00fateis antes do in\u00edcio da viagem planejada.<\/p>\n<ol start=\"2\">\n<li id=\"faqvistos2\"><strong>Como se agendar?<\/strong><\/li>\n<\/ol>\n<p>O Departamento de Vistos recebe \u00fanica e exclusivamente por agendamento, atrav\u00e9s do portal Prenot@mi: <a href=\"https:\/\/prenotami.esteri.it\">https:\/\/prenotami.esteri.it<\/a><\/p>\n<ol start=\"3\">\n<li id=\"faqvistos3\"><strong>Qual \u00e9 o procedimento para solicitar um visto?<\/strong><\/li>\n<\/ol>\n<p>Os residentes dos Estados de S\u00e3o Paulo, Mato Grosso, Mato Grosso del Sul, Rond\u00f4nia, Acre e Minas Gerais devem agendar-se atrav\u00e9s do portal Prenot@mi e produzir toda a documenta\u00e7\u00e3o necess\u00e1ria que ser\u00e1 apresentada no dia da entrevista:<\/p>\n<ul>\n<li>Comprovante de resid\u00eancia em nome do requerente<\/li>\n<li>Formul\u00e1rio devidamente preenchido e assinado<\/li>\n<li>1 foto (tamanho <u>35&#215;40 mm<\/u>)<\/li>\n<li>Reserva\/ bilhete a\u00e9reo<\/li>\n<li>Documentos listados no site: <a href=\"https:\/\/vistoperitalia.esteri.it\/home.aspx\">https:\/\/vistoperitalia.esteri.it\/home.aspx<\/a><\/li>\n<\/ul>\n<p>O pagamento da taxa (Taxa Consular) deve ser feito atrav\u00e9s de cart\u00e3o de d\u00e9bito (com exce\u00e7\u00e3o dos cart\u00f5es de bandeira Elo) no momento do agendamento; somente em casos de necessidade comprovada ser\u00e1 aceito o pagamento atrav\u00e9s de PIX. Cart\u00f5es de cr\u00e9dito n\u00e3o ser\u00e3o aceitos.<\/p>\n<p>Documenta\u00e7\u00e3o adicional pode ser solicitada durante e ap\u00f3s a an\u00e1lise do pedido.<\/p>\n<ol start=\"4\">\n<li id=\"faqvistos4\"><strong>Os documentos apresentados t\u00eam que ser traduzidos?<\/strong><\/li>\n<\/ol>\n<p>Todos os documentos necess\u00e1rios para a obten\u00e7\u00e3o de um visto devem ser apresentados em original. Quando o visto estiver sendo examinado, o departamento se reserva o direito de solicitar, para documentos que julgar necess\u00e1rios, tradu\u00e7\u00f5es realizadas por um tradutor juramentado com &#8220;Apostila&#8221; afixada.<\/p>\n<p>Para um visto por &#8220;raz\u00f5es familiares&#8221; \u00e9 obrigat\u00f3rio apresentar a documenta\u00e7\u00e3o original comprovando o status familiar, com uma tradu\u00e7\u00e3o juramentada e uma &#8220;Apostila&#8221;. Se voc\u00ea precisar permanecer com esta documenta\u00e7\u00e3o, voc\u00ea tamb\u00e9m deve fornecer uma c\u00f3pia autenticada da mesma, para ser apresentada junto com o original no dia da entrevista.<\/p>\n<ol start=\"5\">\n<li id=\"faqvistos5\"><strong>\u00c8 necess\u00e1rio seguro viagem?<\/strong><\/li>\n<\/ol>\n<p>Sim. Os candidatos devem provar que possuem um seguro m\u00e9dico de viagem adequado, que cubra as despesas que possam vir a ser necess\u00e1rias para a repatria\u00e7\u00e3o por motivos de sa\u00fade, tratamento m\u00e9dico urgente, hospitaliza\u00e7\u00e3o ou morte durante sua estada no na It\u00e1lia ou nos outros pa\u00edses membros da Uni\u00e3o Europ\u00e9ia.. A cobertura m\u00ednima do seguro \u00e9 de 30.000 euros.<\/p>\n<p><strong>\u00a0<\/strong><\/p>\n<ol start=\"6\">\n<li id=\"faqvistos6\"><strong>Sou brasileiro e desejo viajar de f\u00e9rias para a It\u00e1lia. Eu tenho que solicitar um visto?<\/strong><\/li>\n<\/ol>\n<p>Os cidad\u00e3os brasileiros podem permanecer at\u00e9 um m\u00e1ximo de 90 dias dentro de um per\u00edodo de 180 dias na \u00e1rea Schengen, para fins de turismo, sem a necessidade de solicitar um visto. Ao entrar na It\u00e1lia, as autoridades de imigra\u00e7\u00e3o podem pedir-lhe que apresente documenta\u00e7\u00e3o que justifique as raz\u00f5es e a dura\u00e7\u00e3o de sua estada na It\u00e1lia.<\/p>\n<ol start=\"7\">\n<li id=\"faqvistos7\"><strong>O que devo fazer ao chegar na It\u00e1lia tendo um visto nacional?<\/strong><\/li>\n<\/ol>\n<p>Uma vez que voc\u00ea tenha chegado na It\u00e1lia com um visto nacional italiano, \u00e9 necess\u00e1rio solicitar uma <em>Permesso di soggiorno<\/em> no prazo de 8 dias \u00fateis, encaminhando o pedido \u00e0 Questura (Sede da Pol\u00edcia) competente, utilizando o kit espec\u00edfico para tal finalidade atrav\u00e9s dos <a href=\"https:\/\/www.poste.it\/prodotti\/guida-rilascio-e-rinnovo-permesso-di-soggiorno.html\"><strong>Uffici postali<\/strong><\/a><strong>.<\/strong> A dura\u00e7\u00e3o da Permiss\u00e3o de Perman\u00eancia corresponder\u00e1 \u00e0 dura\u00e7\u00e3o indicada no visto. A Permiss\u00e3o de Perman\u00eancia deve ser renovada\u00a0 \u2013 caso seja este o caso &#8211; diretamente na It\u00e1lia.<\/p>\n<ol start=\"8\">\n<li id=\"faqvistos8\"><strong>Eu sou cidad\u00e3o brasileiro e possuo um familiar cidad\u00e3o italiano que vive na It\u00e1lia. Tenho que solicitar um visto para entrar e permanecer na It\u00e1lia?<\/strong><\/li>\n<\/ol>\n<p>Os familiares estrangeiros de cidad\u00e3os italianos e da Uni\u00e3o Europ\u00e9ia (c\u00f4njuge, descendentes diretos at\u00e9 a idade de 21 anos, dependentes ou os do c\u00f4njuge, ascendentes diretos dependentes e os do c\u00f4njuge) n\u00e3o necessitam nem do nulla osta do Sportello Unico per l\u2019Immigrazione nem de um visto de entrada por motivos familiares, a fim de permanecer no territ\u00f3rio nacional por um longo per\u00edodo.<\/p>\n<p>Os interessados devem ent\u00e3o proceder, dentro dos tr\u00eas meses ap\u00f3s a entrada em territ\u00f3rio nacional, ao registro no cart\u00f3rio de registro civil do Comune de resid\u00eancia e solicitar, na Questura competente (Sede da Pol\u00edcia), uma autoriza\u00e7\u00e3o de resid\u00eancia para membros da fam\u00edlia da Uni\u00e3o Europ\u00e9ia, apresentando os documentos exigidos pelo Artigo 10 do Decreto Legislativo n\u00b0 30\/2007 (passaporte v\u00e1lido, fotografia, certificado de registro no cart\u00f3rio de registro civil e documenta\u00e7\u00e3o que ateste a condi\u00e7\u00e3o de membro da fam\u00edlia de um cidad\u00e3o da Uni\u00e3o Europ\u00e9ia e, se necess\u00e1rio, de um membro da fam\u00edlia dependente).<\/p>\n<ol start=\"9\">\n<li id=\"faqvistos9\"><strong>Eu quero aprender a l\u00edngua italiana, posso solicitar um visto para estudar na It\u00e1lia?<\/strong><\/li>\n<\/ol>\n<p>\u00c9 poss\u00edvel solicitar tal visto caso voc\u00ea n\u00e3o seja iniciante e j\u00e1 possua um conhecimento intermedi\u00e1rio (B1) do idioma, devidamente comprovado por uma certifica\u00e7\u00e3o apropriada. Para estudar a l\u00edngua italiana, um pr\u00e9-requisito para a emiss\u00e3o do visto de estudo \u00e9 que os cursos estejam em um n\u00edvel superior (B2, C1, C2). Al\u00e9m disso, os cursos devem ser de tempo integral e de dura\u00e7\u00e3o fixa.<\/p>\n<p>As Universidades para Estrangeiros de Perugia, Siena, &#8216;Dante Alighieri&#8217; de Reggio Calabria assim como a Universidade para o Estudo de Roma Tre oferecem cursos de prest\u00edgio e qualifica\u00e7\u00e3o para a obten\u00e7\u00e3o do &#8216;Certificado de Qualidade de L\u00edngua Italiana &#8211; CLIQ&#8217;. Este sistema de avalia\u00e7\u00e3o e certifica\u00e7\u00e3o est\u00e1 de acordo com os padr\u00f5es cient\u00edficos estabelecidos pelo Conselho da Europa no &#8220;Quadro Europeu Comum de Refer\u00eancia para as L\u00ednguas&#8221;.<\/p>\n<ol start=\"10\">\n<li id=\"faqvistos10\"><strong>Qual o procedimento para solicitar o visto de estudos?<\/strong><\/li>\n<\/ol>\n<p>Um estudante que deseja solicitar um visto para fins de estudo deve primeiro realizar o processo de pr\u00e9-inscri\u00e7\u00e3o on-line atrav\u00e9s do portal UNIVERSITALY (https:\/\/www.universitaly.it), que deve ser obrigatoriamente validado pela Universidade (ap\u00f3s verificar a necessidade da Declara\u00e7\u00e3o de Valor e\/ou verifica\u00e7\u00e3o do conhecimento da l\u00edngua italiana).<\/p>\n<p>Os seguintes documentos devem ser produzidos com o pedido de visto<\/p>\n<ul>\n<li>Passaporte (v\u00e1lido) com validade de pelo menos tr\u00eas meses a mais do que a do visto solicitado<\/li>\n<li>Comprovante de resid\u00eancia em nome do requerente<\/li>\n<li>Formul\u00e1rio devidamente preenchido e assinado<\/li>\n<li>1 foto (tamanho 3 x 4 ou 3,5 x 4,0)<\/li>\n<li>Declara\u00e7\u00e3o de aceita\u00e7\u00e3o pela Universidade\/candidatura ou pr\u00e9-inscri\u00e7\u00e3o para o curso a ser seguido na It\u00e1lia<\/li>\n<li>Reserva\/ bilhete a\u00e9reo<\/li>\n<li>Original e c\u00f3pia do acordo sanit\u00e1rio entre a It\u00e1lia e o Brasil (&#8220;modelo IB2&#8221;) ou seguro de viagem v\u00e1lido para o territ\u00f3rio Schengen com cobertura m\u00ednima de 30.000 euros<\/li>\n<li>Contrato de reserva\/aluguel de hotel j\u00e1 estipulado\/Declara\u00e7\u00e3o de garantia e\/ou acomoda\u00e7\u00e3o com c\u00f3pia do documento de identidade do anfitri\u00e3o ou acomoda\u00e7\u00e3o em uma resid\u00eancia universit\u00e1ria<\/li>\n<li>Extratos banc\u00e1rios (de contas de poupan\u00e7a e investimento) dos \u00faltimos 3 meses assinados e carimbados pelo banco em nome do candidato ou do respons\u00e1vel financeiro (somente no caso de menores de idade);<\/li>\n<\/ul>\n<p>Documenta\u00e7\u00e3o adicional pode ser solicitada ap\u00f3s o pedido ter sido analisado.<\/p>\n<ol start=\"11\">\n<li id=\"faqvistos11\"><strong>Qual \u00e9 o procedimento para solicitar um visto de trabalho??<\/strong><\/li>\n<\/ol>\n<p>A empresa interessada deve solicitar uma Nulla Osta no Sportello Unico per l&#8217;Immigrazione na It\u00e1lia. Neste momento, ser\u00e1 necess\u00e1rio fazer o agendamento e apresentar o pedido de visto em nosso Consulado (caso seja resid\u00eante em nossa circunscri\u00e7\u00e3o), acompanhado da seguinte documenta\u00e7\u00e3o<\/p>\n<ul>\n<li>Formul\u00e1rio devidamente preenchido<\/li>\n<li>Nulla osta ao trabalho concedido pelo balc\u00e3o \u00fanico para a Imigra\u00e7\u00e3o (SUI)<\/li>\n<li>1 foto (tamanho 3 x 4 ou 3,5 x 4,0)<\/li>\n<li>Passaporte (v\u00e1lido) com validade de pelo menos tr\u00eas meses a mais do que a do visto solicitado<\/li>\n<li>Reserva\/ bilhete a\u00e9reo<\/li>\n<\/ul>\n<ol start=\"12\">\n<li id=\"faqvistos12\"><strong>Sou brasileiro e obtive um visto, que tipo de visto meus familiares (c\u00f4njuge e\/ou filhos menores) podem solicitar?<\/strong><\/li>\n<\/ol>\n<p>O c\u00f4njuge e\/ou os filhos menores dever\u00e3o solicitar o visto per motivi familari. O visto por raz\u00f5es familiares permite a entrada na It\u00e1lia para uma perman\u00eancia longa ao cidad\u00e3o estrangeiro em rela\u00e7\u00e3o ao qual o parente que mora na It\u00e1lia e deseja exercer o seu direito de manter ou recuperar a unidade familiar. Para obter um visto de entrada, o cidad\u00e3o estrangeiro deve estar na posse de uma autoriza\u00e7\u00e3o (nullaosta) para &#8220;membros da fam\u00edlia&#8221; ou &#8220;reagrupamento familiar&#8221;, emitida pelo Sportello Unico per l\u2019Immigrazione (SUI) da Prefeitura da cidade de resid\u00eancia e transmitido por via eletr\u00f4nica diretamente aos Uffici Consolari.<br \/>\nEm alternativa o familiar brasileiro do cidad\u00e3o italiano poder\u00e1 ir \u00e0 It\u00e1lia como turista (sem necessidade de visto) e l\u00e1 solicitar o Permesso di Soggiorno no escrit\u00f3rio de imigra\u00e7\u00e3o da Questura.<\/p>\n<ol start=\"13\">\n<li id=\"faqvistos13\"><strong>Tenho um visto de estudo, preciso retornar ao Brasil para pedir a extens\u00e3o do mesmo?<\/strong><\/li>\n<\/ol>\n<p>N\u00e3o. Dever\u00e1 solicitar a renova\u00e7\u00e3o do Permesso di Soggiorno na Questura do local onde est\u00e1 residindo apresentando a documenta\u00e7\u00e3o a ser indicada por ela.<\/p>\n","protected":false},"excerpt":{"rendered":"Com quanta anteced\u00eancia posso solicitar um visto? Como se agendar? Qual \u00e9 o procedimento para solicitar um visto? Os documentos apresentados t\u00eam que ser traduzidos? \u00c8 necess\u00e1rio seguro viagem? Sou brasileiro e desejo viajar de f\u00e9rias para a It\u00e1lia. Eu tenho que solicitar um visto? O que devo fazer ao chegar na It\u00e1lia tendo um [&hellip;]","protected":false},"author":2,"featured_media":0,"parent":198,"menu_order":0,"comment_status":"closed","ping_status":"closed","template":"","meta":{"footnotes":""},"class_list":["post-2296","page","type-page","status-publish","hentry"],"_links":{"self":[{"href":"https:\/\/conssanpaolo.esteri.it\/pt\/wp-json\/wp\/v2\/pages\/2296","targetHints":{"allow":["GET"]}}],"collection":[{"href":"https:\/\/conssanpaolo.esteri.it\/pt\/wp-json\/wp\/v2\/pages"}],"about":[{"href":"https:\/\/conssanpaolo.esteri.it\/pt\/wp-json\/wp\/v2\/types\/page"}],"author":[{"embeddable":true,"href":"https:\/\/conssanpaolo.esteri.it\/pt\/wp-json\/wp\/v2\/users\/2"}],"replies":[{"embeddable":true,"href":"https:\/\/conssanpaolo.esteri.it\/pt\/wp-json\/wp\/v2\/comments?post=2296"}],"version-history":[{"count":5,"href":"https:\/\/conssanpaolo.esteri.it\/pt\/wp-json\/wp\/v2\/pages\/2296\/revisions"}],"predecessor-version":[{"id":4535,"href":"https:\/\/conssanpaolo.esteri.it\/pt\/wp-json\/wp\/v2\/pages\/2296\/revisions\/4535"}],"up":[{"embeddable":true,"href":"https:\/\/conssanpaolo.esteri.it\/pt\/wp-json\/wp\/v2\/pages\/198"}],"wp:attachment":[{"href":"https:\/\/conssanpaolo.esteri.it\/pt\/wp-json\/wp\/v2\/media?parent=2296"}],"curies":[{"name":"wp","href":"https:\/\/api.w.org\/{rel}","templated":true}]}}