{"id":2278,"date":"2023-08-15T20:19:50","date_gmt":"2023-08-15T18:19:50","guid":{"rendered":"https:\/\/conssanpaolo.esteri.it\/servizi-consolari-e-visti\/servizi-per-il-cittadino-italiano\/passaporti\/quale-la-tassa-per-il-rilascio-di-un-nuovo-passaporto\/"},"modified":"2023-08-15T20:21:06","modified_gmt":"2023-08-15T18:21:06","slug":"quale-la-tassa-per-il-rilascio-di-un-nuovo-passaporto","status":"publish","type":"page","link":"https:\/\/conssanpaolo.esteri.it\/pt\/servizi-consolari-e-visti\/servizi-per-il-cittadino-italiano\/passaporti\/quale-la-tassa-per-il-rilascio-di-un-nuovo-passaporto\/","title":{"rendered":"Quanto custa emitir um novo passaporte?"},"content":{"rendered":"<p>Desde 8 de Julho de 2014, os valores para a emiss\u00e3o do passaporte comum s\u00e3o:<\/p>\n<ul>\n<li>Custo do livreto passaporte: \u20ac 42,50<\/li>\n<li>Taxa administrativa \u00fanica, v\u00e1lida para toda a validade do passaporte: \u20ac 73,50.<\/li>\n<\/ul>\n<p>O pagamento total de \u20ac 116,00 dever\u00e1 ser efetuado em Reais e o valor ser\u00e1 calculado a partir da taxa de c\u00e2mbio consular em vigor no trimestre, veja tabela vigente <a href=\"https:\/\/conssanpaolo.esteri.it\/it\/servizi-consolari-e-visti\/servizi-per-il-cittadino-italiano\/altri-servizi\/tariffe-consolari\/\">aqui<\/a>.<\/p>\n","protected":false},"excerpt":{"rendered":"Desde 8 de Julho de 2014, os valores para a emiss\u00e3o do passaporte comum s\u00e3o: Custo do livreto passaporte: \u20ac 42,50 Taxa administrativa \u00fanica, v\u00e1lida para toda a validade do passaporte: \u20ac 73,50. O pagamento total de \u20ac 116,00 dever\u00e1 ser efetuado em Reais e o valor ser\u00e1 calculado a partir da taxa de c\u00e2mbio [&hellip;]","protected":false},"author":6,"featured_media":0,"parent":185,"menu_order":0,"comment_status":"closed","ping_status":"closed","template":"","meta":{"footnotes":""},"class_list":["post-2278","page","type-page","status-publish","hentry"],"_links":{"self":[{"href":"https:\/\/conssanpaolo.esteri.it\/pt\/wp-json\/wp\/v2\/pages\/2278","targetHints":{"allow":["GET"]}}],"collection":[{"href":"https:\/\/conssanpaolo.esteri.it\/pt\/wp-json\/wp\/v2\/pages"}],"about":[{"href":"https:\/\/conssanpaolo.esteri.it\/pt\/wp-json\/wp\/v2\/types\/page"}],"author":[{"embeddable":true,"href":"https:\/\/conssanpaolo.esteri.it\/pt\/wp-json\/wp\/v2\/users\/6"}],"replies":[{"embeddable":true,"href":"https:\/\/conssanpaolo.esteri.it\/pt\/wp-json\/wp\/v2\/comments?post=2278"}],"version-history":[{"count":0,"href":"https:\/\/conssanpaolo.esteri.it\/pt\/wp-json\/wp\/v2\/pages\/2278\/revisions"}],"up":[{"embeddable":true,"href":"https:\/\/conssanpaolo.esteri.it\/pt\/wp-json\/wp\/v2\/pages\/185"}],"wp:attachment":[{"href":"https:\/\/conssanpaolo.esteri.it\/pt\/wp-json\/wp\/v2\/media?parent=2278"}],"curies":[{"name":"wp","href":"https:\/\/api.w.org\/{rel}","templated":true}]}}