{"id":2271,"date":"2023-08-15T20:15:26","date_gmt":"2023-08-15T18:15:26","guid":{"rendered":"https:\/\/conssanpaolo.esteri.it\/servizi-consolari-e-visti\/servizi-per-il-cittadino-italiano\/passaporti\/quale-e-la-procedura-per-il-rinnovo-del-mio-passaporto-italiano\/"},"modified":"2023-08-15T20:18:25","modified_gmt":"2023-08-15T18:18:25","slug":"quale-e-la-procedura-per-il-rinnovo-del-mio-passaporto-italiano","status":"publish","type":"page","link":"https:\/\/conssanpaolo.esteri.it\/pt\/servizi-consolari-e-visti\/servizi-per-il-cittadino-italiano\/passaporti\/quale-e-la-procedura-per-il-rinnovo-del-mio-passaporto-italiano\/","title":{"rendered":"Como fa\u00e7o a renova\u00e7\u00e3o de meu passaporte?"},"content":{"rendered":"<p>N\u00e3o \u00e9 poss\u00edvel estender a validade do passaporte italiano. Quando o livreto vencer ser\u00e1 necess\u00e1rio proceder a emiss\u00e3o de um novo passaporte e, para tanto, dever\u00e3o ser seguidas todas as instru\u00e7\u00f5es de <a href=\"https:\/\/conssanpaolo.esteri.it\/it\/servizi-consolari-e-visti\/servizi-per-il-cittadino-italiano\/passaporti\/modalita-di-prenotazione-tramite-il-portale-prenotmi\/\">agendamento<\/a>\u00a0e dever\u00e3o ser apresentados, no dia agendado, todos os\u00a0<a href=\"https:\/\/conssanpaolo.esteri.it\/it\/servizi-consolari-e-visti\/servizi-per-il-cittadino-italiano\/passaporti\/documentazione-da-presentare-nel-giorno-fissato\/\">documentos necess\u00e1rios<\/a>.<\/p>\n","protected":false},"excerpt":{"rendered":"N\u00e3o \u00e9 poss\u00edvel estender a validade do passaporte italiano. Quando o livreto vencer ser\u00e1 necess\u00e1rio proceder a emiss\u00e3o de um novo passaporte e, para tanto, dever\u00e3o ser seguidas todas as instru\u00e7\u00f5es de agendamento\u00a0e dever\u00e3o ser apresentados, no dia agendado, todos os\u00a0documentos necess\u00e1rios.","protected":false},"author":6,"featured_media":0,"parent":185,"menu_order":0,"comment_status":"closed","ping_status":"closed","template":"","meta":{"footnotes":""},"class_list":["post-2271","page","type-page","status-publish","hentry"],"_links":{"self":[{"href":"https:\/\/conssanpaolo.esteri.it\/pt\/wp-json\/wp\/v2\/pages\/2271","targetHints":{"allow":["GET"]}}],"collection":[{"href":"https:\/\/conssanpaolo.esteri.it\/pt\/wp-json\/wp\/v2\/pages"}],"about":[{"href":"https:\/\/conssanpaolo.esteri.it\/pt\/wp-json\/wp\/v2\/types\/page"}],"author":[{"embeddable":true,"href":"https:\/\/conssanpaolo.esteri.it\/pt\/wp-json\/wp\/v2\/users\/6"}],"replies":[{"embeddable":true,"href":"https:\/\/conssanpaolo.esteri.it\/pt\/wp-json\/wp\/v2\/comments?post=2271"}],"version-history":[{"count":0,"href":"https:\/\/conssanpaolo.esteri.it\/pt\/wp-json\/wp\/v2\/pages\/2271\/revisions"}],"up":[{"embeddable":true,"href":"https:\/\/conssanpaolo.esteri.it\/pt\/wp-json\/wp\/v2\/pages\/185"}],"wp:attachment":[{"href":"https:\/\/conssanpaolo.esteri.it\/pt\/wp-json\/wp\/v2\/media?parent=2271"}],"curies":[{"name":"wp","href":"https:\/\/api.w.org\/{rel}","templated":true}]}}