{"id":2213,"date":"2023-08-14T20:12:26","date_gmt":"2023-08-14T23:12:26","guid":{"rendered":"https:\/\/conssanpaolo.esteri.it\/servizi-consolari-e-visti\/servizi-per-il-cittadino-italiano\/spid\/"},"modified":"2023-08-14T20:34:48","modified_gmt":"2023-08-14T18:34:48","slug":"spid","status":"publish","type":"page","link":"https:\/\/conssanpaolo.esteri.it\/pt\/servizi-consolari-e-visti\/servizi-per-il-cittadino-italiano\/spid\/","title":{"rendered":"SPID"},"content":{"rendered":"<p><iframe loading=\"lazy\" title=\"YouTube video player\" src=\"https:\/\/www.youtube.com\/embed\/YdktrSwCUn0\" width=\"560\" height=\"315\" frameborder=\"0\" allowfullscreen=\"allowfullscreen\"><\/iframe><\/p>\n<p><strong>ATEN\u00c7\u00c3O: foi prorrogado at\u00e9 31\/12\/2025 o prazo para entrega e renova\u00e7\u00e3o de credenciais para a identifica\u00e7\u00e3o e o acesso dos cidad\u00e3os aos servi\u00e7os em rede, diferentes do SPID, CIE, CNS. Portanto, at\u00e9 essa data, os cidad\u00e3os poder\u00e3o seguir acessando os servi\u00e7os consulares em rede sem utilizarem o SPID\/Carta d&#8217;Identit\u00e0 Elettronica.<\/strong><\/p>\n<p>&nbsp;<\/p>\n<p><strong>SPID<\/strong>, o\u00a0<strong>Sistema P\u00fablico de Identidade Digital<\/strong>, \u00e9 a solu\u00e7\u00e3o que permite o acesso aos servi\u00e7os on-line da Administra\u00e7\u00e3o P\u00fablica e entidades privadas participantes com uma \u00fanica Identidade Digital (nome de usu\u00e1rio e senha) que pode ser utilizada de computadores, tablets e smartphones.<\/p>\n<p>O uso do SPID \u00e9 gratuito.<\/p>\n<p>A solicita\u00e7\u00e3o do SPID tamb\u00e9m \u00e9 gratuita, mas algumas formas de reconhecimento por parte dos operadores podem estar sujeitas ao pagamento de uma taxa.<\/p>\n<p>SPID \u00e9 simples: reservas no sistema de sa\u00fade, matr\u00edculas escolares, acesso \u00e0 rede p\u00fablica de wi-fi, pr\u00e1ticas comerciais, etc. com uma \u00fanica senha.<\/p>\n<p>SPID \u00e9 seguro: o sistema SPID garante a prote\u00e7\u00e3o total de seus dados pessoais, nenhum perfilamento \u00e9 permitido; sua privacidade \u00e9 garantida.<\/p>\n<p>SPID \u00e9 r\u00e1pido: voc\u00ea pode acessar rapidamente os servi\u00e7os on-line da administra\u00e7\u00e3o p\u00fablica e das entidades privadas participantes onde quer que voc\u00ea esteja e a partir de qualquer dispositivo.<\/p>\n<p>Para mais informa\u00e7\u00f5es e procedimentos sobre como obter o SPID, visite o site do Minist\u00e9rio das Rela\u00e7\u00f5es Exteriores e Coopera\u00e7\u00e3o Internacional em\u00a0<strong><a href=\"https:\/\/www.esteri.it\/it\/servizi-consolari-e-visti\/italiani-all-estero\/spid\/\">https:\/\/www.esteri.it\/it\/servizi-consolari-e-visti\/italiani-all-estero\/spid\/<\/a>\u00a0<\/strong><\/p>\n","protected":false},"excerpt":{"rendered":"ATEN\u00c7\u00c3O: foi prorrogado at\u00e9 31\/12\/2025 o prazo para entrega e renova\u00e7\u00e3o de credenciais para a identifica\u00e7\u00e3o e o acesso dos cidad\u00e3os aos servi\u00e7os em rede, diferentes do SPID, CIE, CNS. Portanto, at\u00e9 essa data, os cidad\u00e3os poder\u00e3o seguir acessando os servi\u00e7os consulares em rede sem utilizarem o SPID\/Carta d&#8217;Identit\u00e0 Elettronica. &nbsp; SPID, o\u00a0Sistema P\u00fablico de [&hellip;]","protected":false},"author":6,"featured_media":0,"parent":100,"menu_order":0,"comment_status":"closed","ping_status":"closed","template":"","meta":{"footnotes":""},"class_list":["post-2213","page","type-page","status-publish","hentry"],"_links":{"self":[{"href":"https:\/\/conssanpaolo.esteri.it\/pt\/wp-json\/wp\/v2\/pages\/2213","targetHints":{"allow":["GET"]}}],"collection":[{"href":"https:\/\/conssanpaolo.esteri.it\/pt\/wp-json\/wp\/v2\/pages"}],"about":[{"href":"https:\/\/conssanpaolo.esteri.it\/pt\/wp-json\/wp\/v2\/types\/page"}],"author":[{"embeddable":true,"href":"https:\/\/conssanpaolo.esteri.it\/pt\/wp-json\/wp\/v2\/users\/6"}],"replies":[{"embeddable":true,"href":"https:\/\/conssanpaolo.esteri.it\/pt\/wp-json\/wp\/v2\/comments?post=2213"}],"version-history":[{"count":0,"href":"https:\/\/conssanpaolo.esteri.it\/pt\/wp-json\/wp\/v2\/pages\/2213\/revisions"}],"up":[{"embeddable":true,"href":"https:\/\/conssanpaolo.esteri.it\/pt\/wp-json\/wp\/v2\/pages\/100"}],"wp:attachment":[{"href":"https:\/\/conssanpaolo.esteri.it\/pt\/wp-json\/wp\/v2\/media?parent=2213"}],"curies":[{"name":"wp","href":"https:\/\/api.w.org\/{rel}","templated":true}]}}