{"id":2204,"date":"2023-08-14T16:40:05","date_gmt":"2023-08-14T14:40:05","guid":{"rendered":"https:\/\/conssanpaolo.esteri.it\/servizi-consolari-e-visti\/servizi-per-il-cittadino-italiano\/passaporti\/cosa-devo-fare-in-caso-di-perdita-o-furto-del-mio-passaporto-italiano\/"},"modified":"2023-08-14T16:41:52","modified_gmt":"2023-08-14T14:41:52","slug":"cosa-devo-fare-in-caso-di-perdita-o-furto-del-mio-passaporto-italiano","status":"publish","type":"page","link":"https:\/\/conssanpaolo.esteri.it\/pt\/servizi-consolari-e-visti\/servizi-per-il-cittadino-italiano\/passaporti\/cosa-devo-fare-in-caso-di-perdita-o-furto-del-mio-passaporto-italiano\/","title":{"rendered":"O que fazer caso meu passaporte italiano seja roubado\/perdido?"},"content":{"rendered":"<p>Em caso de perda ou roubo do seu passaporte italiano, \u00e9 necess\u00e1rio abrir imediatamente um B.O. (Boletim de Ocorr\u00eancia) junto \u00e0 autoridade local de onde ocorreu o fato, no Brasil ou em qualquer outro pa\u00eds. Esta ocorr\u00eancia dever\u00e1 ser informada com urg\u00eancia e apresentada ao Consulado Italiano para que o passaporte seja anulado.<\/p>\n<p>A den\u00fancia de um passaporte italiano perdido ou roubado n\u00e3o significa o autom\u00e1tico agendamento para emiss\u00e3o de um novo passaporte.<\/p>\n<p>Se o requerente desejar emitir um novo passaporte, dever\u00e1 seguir as instru\u00e7\u00f5es publicadas em nosso site e proceder ao <a href=\"https:\/\/conssanpaolo.esteri.it\/it\/servizi-consolari-e-visti\/servizi-per-il-cittadino-italiano\/passaporti\/modalita-di-prenotazione-tramite-il-portale-prenotmi\/\">agendamento padr\u00e3o<\/a>.<\/p>\n","protected":false},"excerpt":{"rendered":"Em caso de perda ou roubo do seu passaporte italiano, \u00e9 necess\u00e1rio abrir imediatamente um B.O. (Boletim de Ocorr\u00eancia) junto \u00e0 autoridade local de onde ocorreu o fato, no Brasil ou em qualquer outro pa\u00eds. Esta ocorr\u00eancia dever\u00e1 ser informada com urg\u00eancia e apresentada ao Consulado Italiano para que o passaporte seja anulado. A den\u00fancia [&hellip;]","protected":false},"author":6,"featured_media":0,"parent":185,"menu_order":0,"comment_status":"closed","ping_status":"closed","template":"","meta":{"footnotes":""},"class_list":["post-2204","page","type-page","status-publish","hentry"],"_links":{"self":[{"href":"https:\/\/conssanpaolo.esteri.it\/pt\/wp-json\/wp\/v2\/pages\/2204","targetHints":{"allow":["GET"]}}],"collection":[{"href":"https:\/\/conssanpaolo.esteri.it\/pt\/wp-json\/wp\/v2\/pages"}],"about":[{"href":"https:\/\/conssanpaolo.esteri.it\/pt\/wp-json\/wp\/v2\/types\/page"}],"author":[{"embeddable":true,"href":"https:\/\/conssanpaolo.esteri.it\/pt\/wp-json\/wp\/v2\/users\/6"}],"replies":[{"embeddable":true,"href":"https:\/\/conssanpaolo.esteri.it\/pt\/wp-json\/wp\/v2\/comments?post=2204"}],"version-history":[{"count":0,"href":"https:\/\/conssanpaolo.esteri.it\/pt\/wp-json\/wp\/v2\/pages\/2204\/revisions"}],"up":[{"embeddable":true,"href":"https:\/\/conssanpaolo.esteri.it\/pt\/wp-json\/wp\/v2\/pages\/185"}],"wp:attachment":[{"href":"https:\/\/conssanpaolo.esteri.it\/pt\/wp-json\/wp\/v2\/media?parent=2204"}],"curies":[{"name":"wp","href":"https:\/\/api.w.org\/{rel}","templated":true}]}}