{"id":2130,"date":"2023-08-03T20:31:13","date_gmt":"2023-08-03T18:31:13","guid":{"rendered":"https:\/\/conssanpaolo.esteri.it\/?page_id=2130"},"modified":"2025-06-23T17:06:52","modified_gmt":"2025-06-23T20:06:52","slug":"ja-efetuei-o-pagamento-da-taxa-e-entreguei-minha-documentacao-original-completa-o-que-devo-fazer","status":"publish","type":"page","link":"https:\/\/conssanpaolo.esteri.it\/pt\/servizi-consolari-e-visti\/servizi-per-il-cittadino-straniero\/cittadinanza\/ja-efetuei-o-pagamento-da-taxa-e-entreguei-minha-documentacao-original-completa-o-que-devo-fazer\/","title":{"rendered":"J\u00e1 efetuei o pagamento da taxa e entreguei minha documenta\u00e7\u00e3o original completa, o que devo fazer?"},"content":{"rendered":"<p>Ap\u00f3s a entrega da documenta\u00e7\u00e3o completa e pagamento da taxa (Lei n. 89 de 23\/06\/2014), inicia-se o procedimento de an\u00e1lise para o eventual reconhecimento da cidadania italiana. O prazo para conclus\u00e3o \u00e9 de 730 dias, conforme estabelecido pelo Decreto do Presidente do Conselho de Ministros n. 33 de 17\/01\/2014, em G.U. n. 64 de 18\/03\/2014. O requerente ser\u00e1 notificado. N\u00e3o \u00e9 necess\u00e1rio enviar e-mail questionando o andamento do processo antes deste prazo.<\/p>\n<p><span style=\"text-decoration: underline;\"><strong>IMPORTANTE<\/strong><\/span><\/p>\n<p>Favor notar que:<\/p>\n<p>Uma vez reconhecida a cidadania italiana, o nominativo do requerente \u00e9 inclu\u00eddo no cadastro consular e sua documenta\u00e7\u00e3o \u00e9 enviada ao competente Comune italiano para transcri\u00e7\u00e3o das certid\u00f5es e inscri\u00e7\u00e3o no AIRE. O envio \u00e9 feito por PEC, em ordem cronol\u00f3gica e em no m\u00e1ximo 6 meses.<\/p>\n<p>Ao receber a notifica\u00e7\u00e3o por e-mail sobre a conclus\u00e3o do processo, o rec\u00e9m duplo cidad\u00e3o deve acessar nosso site, na se\u00e7\u00e3o do Setor <a href=\"https:\/\/conssanpaolo.esteri.it\/it\/servizi-consolari-e-visti\/servizi-per-il-cittadino-italiano\/anagrafe-degli-italiani-residenti-allestero-aire\/\">Cadastro Consular<\/a>\u00a0e seguir as instru\u00e7\u00f5es publicadas para se registrar no portal Fast It. Assim ser\u00e1 poss\u00edvel visualizar diretamente os dados do pr\u00f3prio cadastro consular.<\/p>\n<p>Ap\u00f3s o reconhecimento da cidadania italiana, o interessado tem o dever de manter atualizado seu cadastro consular enviando a referente documenta\u00e7\u00e3o conforme instru\u00e7\u00f5es publicadas dos Setores de <a href=\"https:\/\/conssanpaolo.esteri.it\/it\/servizi-consolari-e-visti\/servizi-per-il-cittadino-italiano\/anagrafe-degli-italiani-residenti-allestero-aire\/\">Cadastro Consular<\/a> e <a href=\"https:\/\/conssanpaolo.esteri.it\/it\/servizi-consolari-e-visti\/servizi-per-il-cittadino-italiano\/stato-civile\/\">Registro Civil<\/a><\/p>\n","protected":false},"excerpt":{"rendered":"Ap\u00f3s a entrega da documenta\u00e7\u00e3o completa e pagamento da taxa (Lei n. 89 de 23\/06\/2014), inicia-se o procedimento de an\u00e1lise para o eventual reconhecimento da cidadania italiana. O prazo para conclus\u00e3o \u00e9 de 730 dias, conforme estabelecido pelo Decreto do Presidente do Conselho de Ministros n. 33 de 17\/01\/2014, em G.U. n. 64 de 18\/03\/2014. [&hellip;]","protected":false},"author":6,"featured_media":0,"parent":197,"menu_order":0,"comment_status":"closed","ping_status":"closed","template":"","meta":{"footnotes":""},"class_list":["post-2130","page","type-page","status-publish","hentry"],"_links":{"self":[{"href":"https:\/\/conssanpaolo.esteri.it\/pt\/wp-json\/wp\/v2\/pages\/2130","targetHints":{"allow":["GET"]}}],"collection":[{"href":"https:\/\/conssanpaolo.esteri.it\/pt\/wp-json\/wp\/v2\/pages"}],"about":[{"href":"https:\/\/conssanpaolo.esteri.it\/pt\/wp-json\/wp\/v2\/types\/page"}],"author":[{"embeddable":true,"href":"https:\/\/conssanpaolo.esteri.it\/pt\/wp-json\/wp\/v2\/users\/6"}],"replies":[{"embeddable":true,"href":"https:\/\/conssanpaolo.esteri.it\/pt\/wp-json\/wp\/v2\/comments?post=2130"}],"version-history":[{"count":1,"href":"https:\/\/conssanpaolo.esteri.it\/pt\/wp-json\/wp\/v2\/pages\/2130\/revisions"}],"predecessor-version":[{"id":7909,"href":"https:\/\/conssanpaolo.esteri.it\/pt\/wp-json\/wp\/v2\/pages\/2130\/revisions\/7909"}],"up":[{"embeddable":true,"href":"https:\/\/conssanpaolo.esteri.it\/pt\/wp-json\/wp\/v2\/pages\/197"}],"wp:attachment":[{"href":"https:\/\/conssanpaolo.esteri.it\/pt\/wp-json\/wp\/v2\/media?parent=2130"}],"curies":[{"name":"wp","href":"https:\/\/api.w.org\/{rel}","templated":true}]}}