{"id":2053,"date":"2023-07-27T21:27:12","date_gmt":"2023-07-28T00:27:12","guid":{"rendered":"https:\/\/conssanpaolo.esteri.it\/servizi-consolari-e-visti\/servizi-per-il-cittadino-straniero\/cittadinanza\/riconoscimento-della-cittadinanza-italiana-per-matrimonio\/cittadinanza-italiana-per-matrimonio-avvenuto-dopo-il-27-aprile-1983\/custos\/"},"modified":"2025-01-02T13:30:51","modified_gmt":"2025-01-02T16:30:51","slug":"custos","status":"publish","type":"page","link":"https:\/\/conssanpaolo.esteri.it\/pt\/servizi-consolari-e-visti\/servizi-per-il-cittadino-straniero\/cittadinanza\/riconoscimento-della-cittadinanza-italiana-per-matrimonio\/cittadinanza-italiana-per-matrimonio-avvenuto-dopo-il-27-aprile-1983\/custos\/","title":{"rendered":"Costi"},"content":{"rendered":"<ol>\n<li><strong>Taxa\u00a0 de \u20ac 250,00 <\/strong>previsto pela Lei n\u00ba 94\/2009 (valor fixado pelo Decreto n\u00ba 113 de 4 de outubro de 2018) em favor do Minist\u00e9rio do Interior a ser feito por meio do sistema PagoPA. O pagamento deve ser feito exclusivamente em nome do solicitante ou do c\u00f4njuge italiano no mesmo ano em que a solicita\u00e7\u00e3o for apresentada. Como alternativa ao sistema Pago PA, \u00e9 poss\u00edvel fazer a transfer\u00eancia diretamente para a conta banc\u00e1ria indicada do Minist\u00e9rio do Interior (o recibo deve ser anexado \u00e0 solicita\u00e7\u00e3o on-line), com as seguintes coordenadas:\u201cMinistero dell\u2019Interno D.L.C.I Cittadinanza\u201d.<br \/>\nNome della banca: Poste Italiane S.p.A.<br \/>\nCodice IBAN: IT54D0760103200000000809020<br \/>\nCausale del versamento: Richiesta di cittadinanza per matrimonio ex art. 5 L. 91\/1992 e nome e cognome.<br \/>\nPoste Italiane Codice BIC\/SWIFT: BPPIITRRXXX (per bonifici esteri);Codice BIC\/SWIFT: PIBPITRA (per transazioni su circuito EUROGIRO)<\/li>\n<\/ol>\n<p style=\"padding-left: 40px;\">FASE DE INSTRU\u00c7\u00c3O<\/p>\n<ul>\n<li style=\"list-style-type: none;\">\n<ul>\n<li>Autentica\u00e7\u00e3o da assinatura no pedido: art. 24 \u2013 20,00 euro<\/li>\n<li>C\u00f3pia autenticada de documento de identidade v\u00e1lido: art 71 \u2013 10,00 euro<\/li>\n<\/ul>\n<\/li>\n<\/ul>\n<p style=\"padding-left: 40px;\">(Quando o documento n\u00e3o estiver em caracteres latinos, tamb\u00e9m ser\u00e1 necess\u00e1ria uma tradu\u00e7\u00e3o)<\/p>\n<ul>\n<li style=\"list-style-type: none;\">\n<ul>\n<li>C\u00f3pia autenticada do certificado de idioma: art. 71 \u2013 10,00 euro<\/li>\n<\/ul>\n<\/li>\n<\/ul>\n<p style=\"padding-left: 40px;\">JURAMENTO<\/p>\n<ul>\n<li style=\"list-style-type: none;\">\n<ul>\n<li>PAGAMENTO DE TAXA CONSULAR: 15,00 euro<\/li>\n<\/ul>\n<\/li>\n<\/ul>\n","protected":false},"excerpt":{"rendered":"Taxa\u00a0 de \u20ac 250,00 previsto pela Lei n\u00ba 94\/2009 (valor fixado pelo Decreto n\u00ba 113 de 4 de outubro de 2018) em favor do Minist\u00e9rio do Interior a ser feito por meio do sistema PagoPA. O pagamento deve ser feito exclusivamente em nome do solicitante ou do c\u00f4njuge italiano no mesmo ano em que a [&hellip;]","protected":false},"author":6,"featured_media":0,"parent":632,"menu_order":5,"comment_status":"closed","ping_status":"closed","template":"","meta":{"footnotes":""},"class_list":["post-2053","page","type-page","status-publish","hentry"],"_links":{"self":[{"href":"https:\/\/conssanpaolo.esteri.it\/pt\/wp-json\/wp\/v2\/pages\/2053","targetHints":{"allow":["GET"]}}],"collection":[{"href":"https:\/\/conssanpaolo.esteri.it\/pt\/wp-json\/wp\/v2\/pages"}],"about":[{"href":"https:\/\/conssanpaolo.esteri.it\/pt\/wp-json\/wp\/v2\/types\/page"}],"author":[{"embeddable":true,"href":"https:\/\/conssanpaolo.esteri.it\/pt\/wp-json\/wp\/v2\/users\/6"}],"replies":[{"embeddable":true,"href":"https:\/\/conssanpaolo.esteri.it\/pt\/wp-json\/wp\/v2\/comments?post=2053"}],"version-history":[{"count":6,"href":"https:\/\/conssanpaolo.esteri.it\/pt\/wp-json\/wp\/v2\/pages\/2053\/revisions"}],"predecessor-version":[{"id":6199,"href":"https:\/\/conssanpaolo.esteri.it\/pt\/wp-json\/wp\/v2\/pages\/2053\/revisions\/6199"}],"up":[{"embeddable":true,"href":"https:\/\/conssanpaolo.esteri.it\/pt\/wp-json\/wp\/v2\/pages\/632"}],"wp:attachment":[{"href":"https:\/\/conssanpaolo.esteri.it\/pt\/wp-json\/wp\/v2\/media?parent=2053"}],"curies":[{"name":"wp","href":"https:\/\/api.w.org\/{rel}","templated":true}]}}