{"id":2032,"date":"2023-07-27T21:13:03","date_gmt":"2023-07-27T19:13:03","guid":{"rendered":"https:\/\/conssanpaolo.esteri.it\/?page_id=2032"},"modified":"2025-03-06T15:11:00","modified_gmt":"2025-03-06T18:11:00","slug":"requisitos-para-requerer-a-cidadania-italiana","status":"publish","type":"page","link":"https:\/\/conssanpaolo.esteri.it\/pt\/servizi-consolari-e-visti\/servizi-per-il-cittadino-straniero\/cittadinanza\/riconoscimento-della-cittadinanza-italiana-per-matrimonio\/cittadinanza-italiana-per-matrimonio-avvenuto-dopo-il-27-aprile-1983\/requisitos-para-requerer-a-cidadania-italiana\/","title":{"rendered":"Requisitos para requerer a cidadania italiana"},"content":{"rendered":"<ol>\n<li><strong>Resid\u00eancia na Circunscri\u00e7\u00e3o consular<\/strong>:<\/li>\n<\/ol>\n<ul>\n<li style=\"list-style-type: none;\">\n<ul>\n<li>O requerente deve dirigir o pedido \u00e0\u00a0<a href=\"https:\/\/ambbrasilia.esteri.it\/pt\/chi-siamo\/la-rete-consolare\/rete-consolare-ambasciata-ditalia\/\">Representa\u00e7\u00e3o diplom\u00e1tico-consular competente <\/a>para a sua resid\u00eancia;<\/li>\n<li>O c\u00f4njuge\/companheiro de uni\u00e3o civil de nacionalidade italiana deve ser residente e regularmente registado no cart\u00f3rio de registo civil dos italianos residentes no estrangeiro (A.I.R.E.) do <a href=\"https:\/\/consrecife.esteri.it\/pt\/chi-siamo\/la-rete-consolare\/\">distrito consular relevante <\/a>e viver no mesmo endere\u00e7o que o requerente da nacionalidade. Se n\u00e3o for este o caso, deve fornecer documenta\u00e7\u00e3o que prove o motivo (por exemplo, trabalho, escolaridade das crian\u00e7as, tratamento m\u00e9dico ou outro), o que determina ou determinou a necessidade de resid\u00eancia separada;<\/li>\n<\/ul>\n<\/li>\n<\/ul>\n<ol start=\"2\">\n<li><strong>Prazos<\/strong>: o pedido pode ser apresentado tr\u00eas anos ap\u00f3s o casamento\/uni\u00e3o civil se o c\u00f4njuge for cidad\u00e3o italiano <em>iure sanguinis;<\/em> em caso de naturaliza\u00e7\u00e3o ap\u00f3s o casamento, os tr\u00eas anos decorrem a partir da data da naturaliza\u00e7\u00e3o do c\u00f4njuge. Os tr\u00eas anos s\u00e3o reduzidos para um ano e meio na presen\u00e7a de filhos menores nascidos ou adotados pelos c\u00f4njuges;<\/li>\n<li><strong>Transcri\u00e7\u00e3o do casamento\/uni\u00e3o civil<\/strong>: se o casamento\/uni\u00e3o civil teve lugar no estrangeiro, deve ter sido transcrito na Comuna em It\u00e1lia;<\/li>\n<li><strong>Validade <\/strong>do casamento\/uni\u00e3o civil e estabilidade do v\u00ednculo matrimonial\/uni\u00e3o civil at\u00e9 que a medida de concess\u00e3o da nacionalidade seja adotada. Para que seja concedida a nacionalidade italiana, a dissolu\u00e7\u00e3o, anula\u00e7\u00e3o ou cessa\u00e7\u00e3o dos efeitos civis do casamento\/uni\u00e3o civil (separa\u00e7\u00e3o legal, div\u00f3rcio, morte do c\u00f4njuge ou parte na uni\u00e3o civil) n\u00e3o deve ter ocorrido na data de ado\u00e7\u00e3o do decreto;<\/li>\n<li><strong>Aus\u00eancia <\/strong>de condena\u00e7\u00f5es por parte das autoridades judiciais italianas por infrac\u00e7\u00f5es para as quais est\u00e1 prevista uma pena de mais de tr\u00eas anos de pris\u00e3o;<\/li>\n<li><strong>Aus\u00eancia <\/strong>de condena\u00e7\u00f5es por autoridades judiciais estrangeiras a uma pena de mais de um ano por delitos n\u00e3o pol\u00edticos;<\/li>\n<li><strong>Aus\u00eancia <\/strong>de condena\u00e7\u00f5es por crimes contra a personalidade do Estado;<\/li>\n<li><strong>Aus\u00eancia <\/strong>de obst\u00e1culos \u00e0 seguran\u00e7a da Rep\u00fablica;<\/li>\n<li><strong>Conhecimento da l\u00edngua italiana <\/strong>n\u00e3o inferior ao n\u00edvel B1 do Quadro Europeu Comum de Refer\u00eancia (QECR).<\/li>\n<\/ol>\n<ul>\n<li style=\"list-style-type: none;\">\n<ul>\n<li><strong>Pagamento <\/strong>dos impostos e taxas indicados na sec\u00e7\u00e3o de documentos e custos.<\/li>\n<\/ul>\n<\/li>\n<\/ul>\n","protected":false},"excerpt":{"rendered":"Resid\u00eancia na Circunscri\u00e7\u00e3o consular: O requerente deve dirigir o pedido \u00e0\u00a0Representa\u00e7\u00e3o diplom\u00e1tico-consular competente para a sua resid\u00eancia; O c\u00f4njuge\/companheiro de uni\u00e3o civil de nacionalidade italiana deve ser residente e regularmente registado no cart\u00f3rio de registo civil dos italianos residentes no estrangeiro (A.I.R.E.) do distrito consular relevante e viver no mesmo endere\u00e7o que o requerente da [&hellip;]","protected":false},"author":6,"featured_media":0,"parent":632,"menu_order":1,"comment_status":"closed","ping_status":"closed","template":"","meta":{"footnotes":""},"class_list":["post-2032","page","type-page","status-publish","hentry"],"_links":{"self":[{"href":"https:\/\/conssanpaolo.esteri.it\/pt\/wp-json\/wp\/v2\/pages\/2032","targetHints":{"allow":["GET"]}}],"collection":[{"href":"https:\/\/conssanpaolo.esteri.it\/pt\/wp-json\/wp\/v2\/pages"}],"about":[{"href":"https:\/\/conssanpaolo.esteri.it\/pt\/wp-json\/wp\/v2\/types\/page"}],"author":[{"embeddable":true,"href":"https:\/\/conssanpaolo.esteri.it\/pt\/wp-json\/wp\/v2\/users\/6"}],"replies":[{"embeddable":true,"href":"https:\/\/conssanpaolo.esteri.it\/pt\/wp-json\/wp\/v2\/comments?post=2032"}],"version-history":[{"count":3,"href":"https:\/\/conssanpaolo.esteri.it\/pt\/wp-json\/wp\/v2\/pages\/2032\/revisions"}],"predecessor-version":[{"id":6791,"href":"https:\/\/conssanpaolo.esteri.it\/pt\/wp-json\/wp\/v2\/pages\/2032\/revisions\/6791"}],"up":[{"embeddable":true,"href":"https:\/\/conssanpaolo.esteri.it\/pt\/wp-json\/wp\/v2\/pages\/632"}],"wp:attachment":[{"href":"https:\/\/conssanpaolo.esteri.it\/pt\/wp-json\/wp\/v2\/media?parent=2032"}],"curies":[{"name":"wp","href":"https:\/\/api.w.org\/{rel}","templated":true}]}}