{"id":2003,"date":"2023-07-27T18:50:15","date_gmt":"2023-07-27T16:50:15","guid":{"rendered":"https:\/\/conssanpaolo.esteri.it\/?page_id=2003"},"modified":"2023-07-27T18:51:57","modified_gmt":"2023-07-27T16:51:57","slug":"sobre-o-requerimento","status":"publish","type":"page","link":"https:\/\/conssanpaolo.esteri.it\/pt\/servizi-consolari-e-visti\/servizi-per-il-cittadino-straniero\/cittadinanza\/domande-frequenti\/sobre-o-requerimento\/","title":{"rendered":"Sobre o Requerimento"},"content":{"rendered":"<p><strong>1. Quem pode apresentar o requerimento junto ao Consulado Geral da It\u00e1lia em S\u00e3o Paulo? <\/strong><\/p>\n<p>Os descendentes (<strong>maiores de 18 anos<\/strong>) de cidad\u00e3o italiano que residem nesta circunscri\u00e7\u00e3o consular (Estados de S\u00e3o Paulo, Mato Grosso, Mato Grosso do Sul, Rond\u00f4nia e Acre).<\/p>\n<p>&nbsp;<\/p>\n<p><strong>2. Ainda n\u00e3o completei 18 anos e meus pais n\u00e3o t\u00eam a cidadania, mas quero solicit\u00e1-la. Como fa\u00e7o? <\/strong><\/p>\n<p>Sendo menor, n\u00e3o \u00e9 poss\u00edvel solicitar a cidadania autonomamente. Seu genitor descendente deve faz\u00ea-lo e incluir o nome dos filhos menores no requerimento, conforme instru\u00e7\u00f5es publicadas.<\/p>\n<p>&nbsp;<\/p>\n<p><strong>3. Como fa\u00e7o o meu requerimento para entrar na fila de espera da cidadania?<\/strong><\/p>\n<p>O requerimento poder\u00e1 ser apresentado utilizando o <a href=\"https:\/\/conssanpaolo.esteri.it\/consolato_sanpaolo\/pt\/i_servizi\/per_i_cittadini\/cittadinanza\/domande-di-cittadinanza-jure-sanguinis_1.html\"><strong>PORTAL PRENOT@MI<\/strong><\/a>.<\/p>\n<p><strong>\u00a0<\/strong><\/p>\n<p><strong>4. Quando devo apresentar a documenta\u00e7\u00e3o?<\/strong><\/p>\n<p>A documenta\u00e7\u00e3o completa e correta dever\u00e1 ser apresentada somente no dia da convoca\u00e7\u00e3o, n\u00e3o antes. \u00c9 importante que o requerente acompanhe as atualiza\u00e7\u00f5es publicadas diretamente em nosso site e m\u00eddias sociais para n\u00e3o perder a convoca\u00e7\u00e3o.<\/p>\n<p>&nbsp;<\/p>\n<p><strong>5. Como sei se o meu requerimento foi aceito e qual o n\u00famero dele?<\/strong><\/p>\n<p>Ap\u00f3s enviar o pedido, o requerente dever\u00e1 acompanhar, diretamente em nosso site, a publica\u00e7\u00e3o das listas atualizadas. [<strong>CONSULTA \u00c0S LISTAS DE REQUERIMENTOS ENVIADOS<\/strong>]<\/p>\n<p>&nbsp;<\/p>\n<p><strong>6. De que forma serei convocado?<\/strong><\/p>\n<p>N\u00e3o ser\u00e1 enviada nenhuma notifica\u00e7\u00e3o por carta ou e-mail ao requerente, portanto ser\u00e1 necess\u00e1rio acompanhar os avisos de convoca\u00e7\u00e3o diretamente em nosso site e nas redes sociais do Consulado, onde ser\u00e3o publicadas as instru\u00e7\u00f5es a serem seguidas quando seu ano for convocado.<\/p>\n<p>\u00c9 de responsabilidade do requerente monitorar constantemente nosso site para n\u00e3o perder o prazo estipulado para manifestar-se. Caso isso ocorra, o requerente perder\u00e1 sua vez devendo enviar novo requerimento e entrar em uma nova fila de espera.<\/p>\n<p>&nbsp;<\/p>\n<p><strong>7. Caso eu n\u00e3o compare\u00e7a no dia agendado (e nem um familiar com procura\u00e7\u00e3o), como devo proceder?<\/strong><\/p>\n<p>Os requerentes que n\u00e3o se apresentarem no dia agendado ter\u00e3o o pr\u00f3prio requerimento CANCELADO.<br \/>\nTodos os requerentes podem ser representados por familiares munidos de procura\u00e7\u00e3o (em caso, por exemplo, de doen\u00e7as ou graves impedimentos).<br \/>\nOs requerentes que n\u00e3o comparecerem no dia agendado e n\u00e3o delegarem um familiar, caso ainda possuam interesse em obter a cidadania italiana, dever\u00e3o enviar nova solicita\u00e7\u00e3o e entrar em nova fila de espera.<\/p>\n<p>&nbsp;<\/p>\n<p><strong>8. Fiz o requerimento, fui convocado, mas n\u00e3o tenho mais interesse na cidadania italiana. Preciso me apresentar?<\/strong><\/p>\n<p>N\u00e3o, o convocado n\u00e3o \u00e9 obrigado a se apresentar ou enviar qualquer tipo de comunica\u00e7\u00e3o, se n\u00e3o houver mais interesse.<\/p>\n<p>&nbsp;<\/p>\n<p><strong>9. N\u00e3o tenho mais interesse na cidadania italiana. Posso \u201cpassar\u201d meu requerimento para outra pessoa?<\/strong><\/p>\n<p>N\u00e3o, n\u00e3o \u00e9 poss\u00edvel ceder o pr\u00f3prio lugar a terceiros.<\/p>\n","protected":false},"excerpt":{"rendered":"1. Quem pode apresentar o requerimento junto ao Consulado Geral da It\u00e1lia em S\u00e3o Paulo? Os descendentes (maiores de 18 anos) de cidad\u00e3o italiano que residem nesta circunscri\u00e7\u00e3o consular (Estados de S\u00e3o Paulo, Mato Grosso, Mato Grosso do Sul, Rond\u00f4nia e Acre). &nbsp; 2. Ainda n\u00e3o completei 18 anos e meus pais n\u00e3o t\u00eam a [&hellip;]","protected":false},"author":6,"featured_media":0,"parent":494,"menu_order":1,"comment_status":"closed","ping_status":"closed","template":"","meta":{"footnotes":""},"class_list":["post-2003","page","type-page","status-publish","hentry"],"_links":{"self":[{"href":"https:\/\/conssanpaolo.esteri.it\/pt\/wp-json\/wp\/v2\/pages\/2003","targetHints":{"allow":["GET"]}}],"collection":[{"href":"https:\/\/conssanpaolo.esteri.it\/pt\/wp-json\/wp\/v2\/pages"}],"about":[{"href":"https:\/\/conssanpaolo.esteri.it\/pt\/wp-json\/wp\/v2\/types\/page"}],"author":[{"embeddable":true,"href":"https:\/\/conssanpaolo.esteri.it\/pt\/wp-json\/wp\/v2\/users\/6"}],"replies":[{"embeddable":true,"href":"https:\/\/conssanpaolo.esteri.it\/pt\/wp-json\/wp\/v2\/comments?post=2003"}],"version-history":[{"count":0,"href":"https:\/\/conssanpaolo.esteri.it\/pt\/wp-json\/wp\/v2\/pages\/2003\/revisions"}],"up":[{"embeddable":true,"href":"https:\/\/conssanpaolo.esteri.it\/pt\/wp-json\/wp\/v2\/pages\/494"}],"wp:attachment":[{"href":"https:\/\/conssanpaolo.esteri.it\/pt\/wp-json\/wp\/v2\/media?parent=2003"}],"curies":[{"name":"wp","href":"https:\/\/api.w.org\/{rel}","templated":true}]}}