{"id":198,"date":"2022-12-05T20:29:29","date_gmt":"2022-12-05T23:29:29","guid":{"rendered":"https:\/\/conssanpaolo.esteri.it\/servizi-consolari-e-visti\/servizi-per-il-cittadino-italiano\/altri-servizi\/visti\/"},"modified":"2025-11-04T05:47:05","modified_gmt":"2025-11-04T08:47:05","slug":"visti","status":"publish","type":"page","link":"https:\/\/conssanpaolo.esteri.it\/pt\/servizi-consolari-e-visti\/servizi-per-il-cittadino-straniero\/visti\/","title":{"rendered":"Vistos"},"content":{"rendered":"<p><strong>INFORMA\u00c7\u00d5ES GERAIS<\/strong><\/p>\n<p>Os cidad\u00e3os brasileiros que viajam a turismo, por um per\u00eddo um m\u00e1ximo de 90 dias, est\u00e3o isentos do visto de entrada no territ\u00f3rio Schengen<strong>.<\/strong> Eles poder\u00e3o entrar na It\u00e1lia com um passaporte v\u00e1lido por pelo menos tr\u00eas meses a contar da data de sa\u00edda do Espa\u00e7o Schengen.<\/p>\n<p>A partir de outubro\/2025 viajar para a Europa para estadas de curta dura\u00e7\u00e3o vai ser mais f\u00e1cil gra\u00e7as a um novo sistema de gest\u00e3o de fronteiras, o EES (Sistema de Entrada\/Sa\u00edda).<br \/>\nPara maiores informa\u00e7\u00f5es clique <a href=\"https:\/\/conssanpaolo.esteri.it\/pt\/news\/dal_consolato\/2025\/09\/entry-exit-system-sistema-de-entrada-saida\/\">aqui<\/a>.<\/p>\n<p><strong>Para estadias superiores a 90 dias e para solicitantes que n\u00e3o sejam cidad\u00e3os brasileiros, \u00e9 necess\u00e1rio um visto de entrada.<\/strong><\/p>\n<p>&nbsp;<\/p>\n<p><strong>Voc\u00ea precisa de um visto para viajar para a It\u00e1lia?<\/strong><\/p>\n<p><a href=\"https:\/\/vistoperitalia.esteri.it\/home.aspx\"><strong>Clique aqui<\/strong><\/a>\u00a0para identificar o tipo de visto necess\u00e1rio e verificar se, dependendo da sua nacionalidade, voc\u00ea efetivamente precisa de um.<\/p>\n<p><strong>Como solicitar o servi\u00e7o? <\/strong><\/p>\n<p>Voc\u00ea precisa agendar uma data atrav\u00e9s da plataforma <a href=\"https:\/\/prenotami.esteri.it\"><strong>Prenot@mi<\/strong><\/a><\/p>\n<p><strong>Quanto custa o visto? <\/strong><\/p>\n<p>O pagamento \u00e9 feito exclusivamente com cart\u00e3o de d\u00e9bito brasileiro (Visa ou Mastercard). O custo varia de acordo com o tipo de visto solicitado. <a href=\"https:\/\/conssanpaolo.esteri.it\/pt\/servizi-consolari-e-visti\/servizi-per-il-cittadino-italiano\/altri-servizi\/tariffe-consolari\/\"><strong>Clique aqui<\/strong><\/a><\/p>\n<p>&nbsp;<\/p>\n<p>Lembramos que o atendimento feito por este consulado se limita aos residentes nos Estados de: S\u00e3o Paulo, Mato Grosso, Mato Grosso do Sul, Rond\u00f4nia, Acre, Minas Gerais mediante apresenta\u00e7\u00e3o de Comprovante de resid\u00eancia nominal (em nome da parte interessada). S\u00e3o considerados comprovantes id\u00f4neos: Contas de consumo, boletos, correspond\u00eancia banc\u00e1ria<\/p>\n<p>&nbsp;<\/p>\n<p>FORMUL\u00c1RIOS:<\/p>\n<p><a href=\"https:\/\/conssanpaolo.esteri.it\/wp-content\/uploads\/2023\/08\/Formulario-uniforme-di-domanda-di-visto-Schengen.pdf\"><u>Formulario uniforme di domanda di visto Schengen<\/u><\/a><\/p>\n<p><a href=\"https:\/\/conssanpaolo.esteri.it\/wp-content\/uploads\/2023\/08\/Formulario-di-domanda-di-visto-Nazionale.pdf\"><u>Formulario di domanda di visto Nazionale<\/u><\/a><\/p>\n<p><a href=\"https:\/\/conssanpaolo.esteri.it\/wp-content\/uploads\/2023\/08\/DICHIARAZIONE-GARANZIA-E-ALLOGGIO.doc\"><u>Dichiarazione di ospitalit\u00e0 (doc)<\/u><\/a><\/p>\n<p>&nbsp;<\/p>\n<p><strong>Para consultar a se\u00e7\u00e3o de Perguntas Frequentes <a href=\"https:\/\/conssanpaolo.esteri.it\/pt\/servizi-consolari-e-visti\/servizi-per-il-cittadino-straniero\/visti\/faqs\/\">clique aqui<\/a><\/strong><\/p>\n","protected":false},"excerpt":{"rendered":"INFORMA\u00c7\u00d5ES GERAIS Os cidad\u00e3os brasileiros que viajam a turismo, por um per\u00eddo um m\u00e1ximo de 90 dias, est\u00e3o isentos do visto de entrada no territ\u00f3rio Schengen. Eles poder\u00e3o entrar na It\u00e1lia com um passaporte v\u00e1lido por pelo menos tr\u00eas meses a contar da data de sa\u00edda do Espa\u00e7o Schengen. A partir de outubro\/2025 viajar para [&hellip;]","protected":false},"author":3,"featured_media":0,"parent":101,"menu_order":0,"comment_status":"closed","ping_status":"closed","template":"","meta":{"footnotes":""},"class_list":["post-198","page","type-page","status-publish","hentry"],"_links":{"self":[{"href":"https:\/\/conssanpaolo.esteri.it\/pt\/wp-json\/wp\/v2\/pages\/198","targetHints":{"allow":["GET"]}}],"collection":[{"href":"https:\/\/conssanpaolo.esteri.it\/pt\/wp-json\/wp\/v2\/pages"}],"about":[{"href":"https:\/\/conssanpaolo.esteri.it\/pt\/wp-json\/wp\/v2\/types\/page"}],"author":[{"embeddable":true,"href":"https:\/\/conssanpaolo.esteri.it\/pt\/wp-json\/wp\/v2\/users\/3"}],"replies":[{"embeddable":true,"href":"https:\/\/conssanpaolo.esteri.it\/pt\/wp-json\/wp\/v2\/comments?post=198"}],"version-history":[{"count":3,"href":"https:\/\/conssanpaolo.esteri.it\/pt\/wp-json\/wp\/v2\/pages\/198\/revisions"}],"predecessor-version":[{"id":9397,"href":"https:\/\/conssanpaolo.esteri.it\/pt\/wp-json\/wp\/v2\/pages\/198\/revisions\/9397"}],"up":[{"embeddable":true,"href":"https:\/\/conssanpaolo.esteri.it\/pt\/wp-json\/wp\/v2\/pages\/101"}],"wp:attachment":[{"href":"https:\/\/conssanpaolo.esteri.it\/pt\/wp-json\/wp\/v2\/media?parent=198"}],"curies":[{"name":"wp","href":"https:\/\/api.w.org\/{rel}","templated":true}]}}