{"id":197,"date":"2022-12-06T11:56:51","date_gmt":"2022-12-06T14:56:51","guid":{"rendered":"https:\/\/conssanpaolo.esteri.it\/servizi-consolari-e-visti\/servizi-per-il-cittadino-straniero\/cittadinanza\/"},"modified":"2025-08-27T09:18:16","modified_gmt":"2025-08-27T12:18:16","slug":"cittadinanza","status":"publish","type":"page","link":"https:\/\/conssanpaolo.esteri.it\/pt\/servizi-consolari-e-visti\/servizi-per-il-cittadino-straniero\/cittadinanza\/","title":{"rendered":"Cidadania"},"content":{"rendered":"<p style=\"text-align: justify;\"><strong><span style=\"color: #ff0000;\">Para requerentes residentes na Circunscri\u00e7\u00e3o Consular da jurisdi\u00e7\u00e3o do Consulado Geral da It\u00e1lia em S\u00e3o Paulo (Estados de S\u00e3o Paulo, Mato Grosso, Mato Grosso do Sul, Rond\u00f4nia e Acre).<\/span><\/strong><\/p>\n<hr \/>\n<p style=\"text-align: center;\"><strong><span style=\"color: #ff0000;\">P\u00e1gina atualizada em 18\/07\/2025<\/span><\/strong><\/p>\n<p data-start=\"37\" data-end=\"257\">A Lei n\u00ba 74, de 23 de maio de 2025 (publicada no Di\u00e1rio Oficial em 23\/05\/2025, n\u00ba 118), converteu, com modifica\u00e7\u00f5es, o Decreto-Lei n\u00ba 36, de 28 de mar\u00e7o de 2025, que disp\u00f5e sobre medidas urgentes em mat\u00e9ria de cidadania.<\/p>\n<p data-start=\"259\" data-end=\"666\">A cidadania italiana baseia-se no princ\u00edpio do <em data-start=\"306\" data-end=\"321\">jus sanguinis<\/em> (direito de sangue), segundo o qual o filho nascido de pai\/m\u00e3e italiano\/a a \u00e9 cidad\u00e3o italiano.<br \/>\nO novo decreto, conforme altera\u00e7\u00f5es, n\u00e3o altera esse princ\u00edpio fundamental, mas estabelece importantes limita\u00e7\u00f5es \u00e0 transmiss\u00e3o da cidadania de uma gera\u00e7\u00e3o para outra, com base na efetividade do v\u00ednculo com a It\u00e1lia e na posse de outra cidadania.<\/p>\n<hr \/>\n<p data-start=\"668\" data-end=\"719\">Clique nas diferentes se\u00e7\u00f5es para mais informa\u00e7\u00f5es:<\/p>\n<ul>\n<li><a href=\"https:\/\/conssanpaolo.esteri.it\/pt\/servizi-consolari-e-visti\/servizi-per-il-cittadino-straniero\/cittadinanza\/cittadinanza-iure-sanguinis\/\">Cidadania para <strong>maiores<\/strong> de idade nascidos no exterior;<\/a><\/li>\n<li><a href=\"https:\/\/conssanpaolo.esteri.it\/pt\/servizi-consolari-e-visti\/servizi-per-il-cittadino-straniero\/cittadinanza\/riacquisto-della-cittadinanza-italiana\/\"><strong>Reaquisi\u00e7\u00e3o<\/strong> da cidadania;<\/a><\/li>\n<li><a href=\"https:\/\/conssanpaolo.esteri.it\/pt\/servizi-consolari-e-visti\/servizi-per-il-cittadino-straniero\/cittadinanza\/acquisto-citt-minori\/\">Cidadania <strong>filhos menores<\/strong> (nova lei);<\/a><\/li>\n<li><a href=\"https:\/\/conssanpaolo.esteri.it\/pt\/servizi-consolari-e-visti\/servizi-per-il-cittadino-straniero\/cittadinanza\/riconoscimento-della-cittadinanza-italiana-per-matrimonio\/\">Cidadania italiana por casamento ou uni\u00e3o civil<\/a><\/li>\n<\/ul>\n<ul>\n<li style=\"list-style-type: none;\"><\/li>\n<\/ul>\n<hr \/>\n<p><b><u>Outras informa\u00e7\u00f5es:<\/u><\/b><\/p>\n<ul>\n<li style=\"list-style-type: none;\">\n<ul>\n<li><a href=\"https:\/\/conssanpaolo.esteri.it\/pt\/servizi-consolari-e-visti\/servizi-per-il-cittadino-straniero\/cittadinanza\/legge-no-379-2000\/\"><strong>LEI N. 379\/2000<\/strong><\/a><\/li>\n<li><a href=\"https:\/\/conssanpaolo.esteri.it\/it\/servizi-consolari-e-visti\/servizi-per-il-cittadino-straniero\/cittadinanza\/certidao-de-nao-renuncia-non-rinuncia\/\"><strong>CERTID\u00c3O DE N\u00c3O REN\u00daNCIA<\/strong><\/a><\/li>\n<\/ul>\n<\/li>\n<\/ul>\n<p>Informamos que este Consulado Geral <strong><u>N\u00c3O RECONHECE, DE MODO ALGUM,<\/u><\/strong> ag\u00eancias de consultoria, despachantes ou intermedi\u00e1rios de qualquer tipo para processos de cidadania italiana.<strong><br \/>\n<\/strong><strong>ANTES DE ENVIAR E-MAILS COM D\u00daVIDAS PEDIMOS GENTILMENTE LER COM ATEN\u00c7\u00c3O AS INSTRU\u00c7\u00d5ES DISPOSTAS NESTE SITE. Este Consulado Geral dar\u00e1 prioridade \u00e0s perguntas cujas respostas n\u00e3o se encontrem j\u00e1 publicadas.\u00a0<\/strong><\/p>\n<blockquote class=\"wp-embedded-content\" data-secret=\"iDtfPbfkVn\"><p><a href=\"https:\/\/conssanpaolo.esteri.it\/it\/news\/dal_consolato\/2025\/08\/informazioni-cittadinanza\/\">Aviso sobre agendamentos &#8211; cidadania<\/a><\/p><\/blockquote>\n<p><iframe loading=\"lazy\" class=\"wp-embedded-content\" sandbox=\"allow-scripts\" security=\"restricted\" style=\"position: absolute; visibility: hidden;\" title=\"&#8220;Aviso sobre agendamentos &#8211; cidadania&#8221; &#8212; Consolato Generale d&#039;Italia San Paolo\" src=\"https:\/\/conssanpaolo.esteri.it\/it\/news\/dal_consolato\/2025\/08\/informazioni-cittadinanza\/embed\/#?secret=XdIle7RwSQ#?secret=iDtfPbfkVn\" data-secret=\"iDtfPbfkVn\" width=\"600\" height=\"338\" frameborder=\"0\" marginwidth=\"0\" marginheight=\"0\" scrolling=\"no\"><\/iframe><\/p>\n","protected":false},"excerpt":{"rendered":"Para requerentes residentes na Circunscri\u00e7\u00e3o Consular da jurisdi\u00e7\u00e3o do Consulado Geral da It\u00e1lia em S\u00e3o Paulo (Estados de S\u00e3o Paulo, Mato Grosso, Mato Grosso do Sul, Rond\u00f4nia e Acre). P\u00e1gina atualizada em 18\/07\/2025 A Lei n\u00ba 74, de 23 de maio de 2025 (publicada no Di\u00e1rio Oficial em 23\/05\/2025, n\u00ba 118), converteu, com modifica\u00e7\u00f5es, o [&hellip;]","protected":false},"author":3,"featured_media":0,"parent":101,"menu_order":0,"comment_status":"closed","ping_status":"closed","template":"","meta":{"footnotes":""},"class_list":["post-197","page","type-page","status-publish","hentry"],"_links":{"self":[{"href":"https:\/\/conssanpaolo.esteri.it\/pt\/wp-json\/wp\/v2\/pages\/197","targetHints":{"allow":["GET"]}}],"collection":[{"href":"https:\/\/conssanpaolo.esteri.it\/pt\/wp-json\/wp\/v2\/pages"}],"about":[{"href":"https:\/\/conssanpaolo.esteri.it\/pt\/wp-json\/wp\/v2\/types\/page"}],"author":[{"embeddable":true,"href":"https:\/\/conssanpaolo.esteri.it\/pt\/wp-json\/wp\/v2\/users\/3"}],"replies":[{"embeddable":true,"href":"https:\/\/conssanpaolo.esteri.it\/pt\/wp-json\/wp\/v2\/comments?post=197"}],"version-history":[{"count":6,"href":"https:\/\/conssanpaolo.esteri.it\/pt\/wp-json\/wp\/v2\/pages\/197\/revisions"}],"predecessor-version":[{"id":8886,"href":"https:\/\/conssanpaolo.esteri.it\/pt\/wp-json\/wp\/v2\/pages\/197\/revisions\/8886"}],"up":[{"embeddable":true,"href":"https:\/\/conssanpaolo.esteri.it\/pt\/wp-json\/wp\/v2\/pages\/101"}],"wp:attachment":[{"href":"https:\/\/conssanpaolo.esteri.it\/pt\/wp-json\/wp\/v2\/media?parent=197"}],"curies":[{"name":"wp","href":"https:\/\/api.w.org\/{rel}","templated":true}]}}