{"id":194,"date":"2022-12-06T11:55:08","date_gmt":"2022-12-06T14:55:08","guid":{"rendered":"https:\/\/conssanpaolo.esteri.it\/servizi-consolari-e-visti\/servizi-per-il-cittadino-italiano\/codice-fiscale\/"},"modified":"2026-03-24T15:14:50","modified_gmt":"2026-03-24T18:14:50","slug":"codice-fiscale","status":"publish","type":"page","link":"https:\/\/conssanpaolo.esteri.it\/pt\/servizi-consolari-e-visti\/servizi-per-il-cittadino-italiano\/codice-fiscale\/","title":{"rendered":"Codice fiscale"},"content":{"rendered":"<p style=\"text-align: center;\"><strong>FORMAS DE OBTEN\u00c7\u00c3O DO \u201c<em>CODICE FISCALE<\/em>\u201d<\/strong><\/p>\n<p>&nbsp;<\/p>\n<p>A) CIDAD\u00c3OS <strong>ITALIANOS\u00a0<\/strong><\/p>\n<p><strong>O \u201c<em>codice fiscale<\/em>\u201d \u00e9 emitido atrav\u00e9s do Portal FAST-It<\/strong>. <a href=\"https:\/\/conssanpaolo.esteri.it\/pt\/servizi-consolari-e-visti\/servizi-per-il-cittadino-italiano\/anagrafe-degli-italiani-residenti-allestero-aire\/fast-it\/modalita-per-la-richiesta-del-codice-fiscale-tramite-fast-it\/\"><span style=\"text-decoration: underline;\"><strong>CLIQUE AQUI<\/strong><\/span>\u00a0<\/a>para mais informa\u00e7\u00f5es.<\/p>\n<p style=\"padding-left: 40px;\">A.1) Caso seu Comune ainda n\u00e3o tenha conclu\u00eddo sua inscri\u00e7\u00e3o no A.I.R.E ser\u00e1 necess\u00e1rio enviar a solicita\u00e7\u00e3o de emiss\u00e3o do c\u00f3dice fiscale por e-mail para o endere\u00e7o <a href=\"mailto:sanpaolo.serviziconsolari@esteri.it\"><strong>sanpaolo.serviziconsolari@esteri.it<\/strong><\/a><\/p>\n<p><strong>ATEN\u00c7\u00c3O<\/strong>: ser\u00e3o processados somente os pedidos que reportem no corpo do e-mail:<\/p>\n<ul>\n<li>SOBRENOME (conforme pr\u00f3prio documento de identidade);<\/li>\n<li>NOME;<\/li>\n<li>data e local de nascimento;<\/li>\n<li>endere\u00e7o pessoal de resid\u00eancia (completo, inclusive CEP)<\/li>\n<li>informa\u00e7\u00f5es de contato pessoal (celular e endere\u00e7o e-mail)<\/li>\n<\/ul>\n<p>al\u00e9m dos seguintes documentos (em formato PDF): anexos:<\/p>\n<ul>\n<li>c\u00f3pia do documento de identidade v\u00e1lido (de prefer\u00eancia passaporte);<\/li>\n<li>comprovante de resid\u00eancia em nome da pessoa interessada (exceto em caso de menores de idade, n\u00e3o ser\u00e3o admitidas declara\u00e7\u00e3o de familiares, amigos, ou terceiros);<\/li>\n<\/ul>\n<hr \/>\n<p>&nbsp;<\/p>\n<p>B) CIDAD\u00c3OS <strong>N\u00c3O ITALIANOS<\/strong><\/p>\n<p><strong>O servi\u00e7o est\u00e1 <span style=\"text-decoration: underline;\">reservado<\/span> \u00e0s seguintes categorias de pessoas:<\/strong><\/p>\n<ul>\n<li>estudantes, estagi\u00e1rios, trabalhadores independentes ou assalariados destinados a instalar-se naIt\u00e1lia;<\/li>\n<li>solicitantes de visto por qualquer motivo;<\/li>\n<li>aposentados (que necessitam do c\u00f3digo fiscal para a defini\u00e7\u00e3o do procedimento previdenci\u00e1rio);<\/li>\n<li>sujeitos que necessitem definir procedimentos notariais.<\/li>\n<\/ul>\n<p><strong>Poder\u00e1 solicitar a emiss\u00e3o do \u201ccodice fiscale\u201d escrevendo para o endere\u00e7o e-mail<\/strong> <u><a href=\"mailto:sanpaolo.codfiscali@esteri.it\"><strong>sanpaolo.codfiscali@esteri.it<\/strong><\/a>.<\/u><\/p>\n<p>O pedido ser\u00e1 levado em considera\u00e7\u00e3o apenas se forem indicados de maneira clara:<\/p>\n<ul>\n<li>SOBRENOME (conforme pr\u00f3prio documento de identidade);<\/li>\n<li>NOME;<\/li>\n<li>data e local de nascimento;<\/li>\n<li>endere\u00e7o pessoal de resid\u00eancia (completo, inclusive CEP);<\/li>\n<li>informa\u00e7\u00f5es de contato pessoal (celular e endere\u00e7o e-mail)<\/li>\n<\/ul>\n<p>e dever\u00e3o ser anexados os seguintes documentos (em formato PDF):<\/p>\n<ul>\n<li>c\u00f3pia do documento de identidade v\u00e1lido (de prefer\u00eancia passaporte);<\/li>\n<li>comprovante de resid\u00eancia da pessoa interessada (exceto em caso de menores de idade, n\u00e3o ser\u00e3o admitidas declara\u00e7\u00f5es de familiares, amigos, ou terceiros);<\/li>\n<li>documentos comprovantes os motivos do pedido.<\/li>\n<\/ul>\n<p>&nbsp;<\/p>\n<p>Os pedidos formulados corretamente, de acordo com os requisitos acima, ser\u00e3o respondidos em at\u00e9 <span style=\"color: #ff0000;\"><strong>60<\/strong> <\/span>dias e, de qualquer forma, no menor prazo poss\u00edvel.<\/p>\n<p>Os pedidos n\u00e3o respondidos em at\u00e9 <span style=\"color: #ff0000;\"><strong>60<\/strong> <\/span>\u00a0dias dever\u00e3o ser considerados rejeitados por falta dos pr\u00e9-requisitos ou de documenta\u00e7\u00e3o.<\/p>\n<p>Os pedidos de pessoas n\u00e3o residentes nesta circunscri\u00e7\u00e3o consular (SP, MT, MS, AC e RO) n\u00e3o ser\u00e3o atendidos.<\/p>\n<p>Os pedidos apresentados atrav\u00e9s de intermedi\u00e1rios ou procuradores (exceto os pais de filhos menores) n\u00e3o ser\u00e3o levados em considera\u00e7\u00e3o.<\/p>\n<p>Perguntas e d\u00favidas relativas a outros assuntos consulares n\u00e3o ser\u00e3o esclarecidas e os e-mails n\u00e3o ser\u00e3o respondidos (verificar na se\u00e7\u00e3o <strong><a href=\"https:\/\/conssanpaolo.esteri.it\/pt\/chi-siamo\/contatti\/\">CONTATOS<\/a> <\/strong>os endere\u00e7os de cada setor consular e suas compet\u00eancias).<\/p>\n<p>O setor de emiss\u00e3o de \u201ccodice fiscale\u201d reserva-se o direito de convocar os interessados caso acredite serem necess\u00e1rios maiores esclarecimentos.<\/p>\n","protected":false},"excerpt":{"rendered":"FORMAS DE OBTEN\u00c7\u00c3O DO \u201cCODICE FISCALE\u201d &nbsp; A) CIDAD\u00c3OS ITALIANOS\u00a0 O \u201ccodice fiscale\u201d \u00e9 emitido atrav\u00e9s do Portal FAST-It. CLIQUE AQUI\u00a0para mais informa\u00e7\u00f5es. A.1) Caso seu Comune ainda n\u00e3o tenha conclu\u00eddo sua inscri\u00e7\u00e3o no A.I.R.E ser\u00e1 necess\u00e1rio enviar a solicita\u00e7\u00e3o de emiss\u00e3o do c\u00f3dice fiscale por e-mail para o endere\u00e7o sanpaolo.serviziconsolari@esteri.it ATEN\u00c7\u00c3O: ser\u00e3o processados somente [&hellip;]","protected":false},"author":3,"featured_media":0,"parent":100,"menu_order":0,"comment_status":"closed","ping_status":"closed","template":"","meta":{"footnotes":""},"class_list":["post-194","page","type-page","status-publish","hentry"],"_links":{"self":[{"href":"https:\/\/conssanpaolo.esteri.it\/pt\/wp-json\/wp\/v2\/pages\/194","targetHints":{"allow":["GET"]}}],"collection":[{"href":"https:\/\/conssanpaolo.esteri.it\/pt\/wp-json\/wp\/v2\/pages"}],"about":[{"href":"https:\/\/conssanpaolo.esteri.it\/pt\/wp-json\/wp\/v2\/types\/page"}],"author":[{"embeddable":true,"href":"https:\/\/conssanpaolo.esteri.it\/pt\/wp-json\/wp\/v2\/users\/3"}],"replies":[{"embeddable":true,"href":"https:\/\/conssanpaolo.esteri.it\/pt\/wp-json\/wp\/v2\/comments?post=194"}],"version-history":[{"count":7,"href":"https:\/\/conssanpaolo.esteri.it\/pt\/wp-json\/wp\/v2\/pages\/194\/revisions"}],"predecessor-version":[{"id":10396,"href":"https:\/\/conssanpaolo.esteri.it\/pt\/wp-json\/wp\/v2\/pages\/194\/revisions\/10396"}],"up":[{"embeddable":true,"href":"https:\/\/conssanpaolo.esteri.it\/pt\/wp-json\/wp\/v2\/pages\/100"}],"wp:attachment":[{"href":"https:\/\/conssanpaolo.esteri.it\/pt\/wp-json\/wp\/v2\/media?parent=194"}],"curies":[{"name":"wp","href":"https:\/\/api.w.org\/{rel}","templated":true}]}}