{"id":193,"date":"2022-12-06T11:54:16","date_gmt":"2022-12-06T14:54:16","guid":{"rendered":"https:\/\/conssanpaolo.esteri.it\/servizi-consolari-e-visti\/servizi-per-il-cittadino-italiano\/autoveicoli-e-patenti-di-guida\/"},"modified":"2026-01-13T10:17:06","modified_gmt":"2026-01-13T13:17:06","slug":"autoveicoli-e-patenti-di-guida","status":"publish","type":"page","link":"https:\/\/conssanpaolo.esteri.it\/pt\/servizi-consolari-e-visti\/servizi-per-il-cittadino-italiano\/autoveicoli-e-patenti-di-guida\/","title":{"rendered":"Patenti di guida"},"content":{"rendered":"<p>Il Consolato Generale d\u2019Italia ha competenza per il rinnovo di patenti di guida non professionali, scadute da non pi\u00f9 di 5 anni.<\/p>\n<p>Richieste di duplicati di patente rubata o smarrita nonch\u00e9 certificazioni sulla validit\u00e0 delle patenti di guida andranno richiesti in Italia presso qualsiasi Ufficio della Motorizzazione Civile.<\/p>\n<p>&nbsp;<\/p>\n<p>RINNOVO DELLA PATENTE DI GUIDA ITALIANA<\/p>\n<p>Requisiti per la richiesta di attestazione di rinnovo patente all\u2019estero:<\/p>\n<p>Il titolare di patente italiana deve essere residente o dimorante per un periodo di almeno 6 mesi nella circoscrizione di questo Consolato Generale e regolarmente iscritto AIRE;<\/p>\n<p>La patente da rinnovare deve essere integra e presentata in originale;<\/p>\n<p>La patente non deve essere stata revocata a seguito di conversione o sospesa a qualsiasi titolo.<\/p>\n<p>La patente deve essere in scadenza (a partire da 4 mesi prima della data di scadenza) oppure scaduta da non pi\u00f9 di cinque anni.<\/p>\n<p>Per fissare l\u2019appuntamento rivolgersi al settore Notarile: <a href=\"mailto:notarile.sanpaolo@esteri.it\">notarile.sanpaolo@esteri.it<\/a><\/p>\n<p>&nbsp;<\/p>\n<blockquote class=\"wp-embedded-content\" data-secret=\"d5KoTvKAWf\"><p><a href=\"https:\/\/conssanpaolo.esteri.it\/it\/news\/dal_consolato\/2025\/04\/in-vigore-laccordo-per-il-riconoscimento-delle-patenti-di-guida-italia-brasile\/\">In vigore l\u2019Accordo per il riconoscimento delle patenti di guida Italia-Brasile<\/a><\/p><\/blockquote>\n<p><iframe loading=\"lazy\" class=\"wp-embedded-content\" sandbox=\"allow-scripts\" security=\"restricted\" style=\"position: absolute; visibility: hidden;\" title=\"&#8220;In vigore l\u2019Accordo per il riconoscimento delle patenti di guida Italia-Brasile&#8221; &#8212; Consolato Generale d&#039;Italia San Paolo\" src=\"https:\/\/conssanpaolo.esteri.it\/it\/news\/dal_consolato\/2025\/04\/in-vigore-laccordo-per-il-riconoscimento-delle-patenti-di-guida-italia-brasile\/embed\/#?secret=txAe05qA8H#?secret=d5KoTvKAWf\" data-secret=\"d5KoTvKAWf\" width=\"600\" height=\"338\" frameborder=\"0\" marginwidth=\"0\" marginheight=\"0\" scrolling=\"no\"><\/iframe><\/p>\n","protected":false},"excerpt":{"rendered":"Il Consolato Generale d\u2019Italia ha competenza per il rinnovo di patenti di guida non professionali, scadute da non pi\u00f9 di 5 anni. Richieste di duplicati di patente rubata o smarrita nonch\u00e9 certificazioni sulla validit\u00e0 delle patenti di guida andranno richiesti in Italia presso qualsiasi Ufficio della Motorizzazione Civile. &nbsp; RINNOVO DELLA PATENTE DI GUIDA ITALIANA [&hellip;]","protected":false},"author":3,"featured_media":0,"parent":100,"menu_order":0,"comment_status":"closed","ping_status":"closed","template":"","meta":{"footnotes":""},"class_list":["post-193","page","type-page","status-publish","hentry"],"_links":{"self":[{"href":"https:\/\/conssanpaolo.esteri.it\/pt\/wp-json\/wp\/v2\/pages\/193","targetHints":{"allow":["GET"]}}],"collection":[{"href":"https:\/\/conssanpaolo.esteri.it\/pt\/wp-json\/wp\/v2\/pages"}],"about":[{"href":"https:\/\/conssanpaolo.esteri.it\/pt\/wp-json\/wp\/v2\/types\/page"}],"author":[{"embeddable":true,"href":"https:\/\/conssanpaolo.esteri.it\/pt\/wp-json\/wp\/v2\/users\/3"}],"replies":[{"embeddable":true,"href":"https:\/\/conssanpaolo.esteri.it\/pt\/wp-json\/wp\/v2\/comments?post=193"}],"version-history":[{"count":6,"href":"https:\/\/conssanpaolo.esteri.it\/pt\/wp-json\/wp\/v2\/pages\/193\/revisions"}],"predecessor-version":[{"id":9730,"href":"https:\/\/conssanpaolo.esteri.it\/pt\/wp-json\/wp\/v2\/pages\/193\/revisions\/9730"}],"up":[{"embeddable":true,"href":"https:\/\/conssanpaolo.esteri.it\/pt\/wp-json\/wp\/v2\/pages\/100"}],"wp:attachment":[{"href":"https:\/\/conssanpaolo.esteri.it\/pt\/wp-json\/wp\/v2\/media?parent=193"}],"curies":[{"name":"wp","href":"https:\/\/api.w.org\/{rel}","templated":true}]}}