{"id":1910,"date":"2023-07-24T17:51:44","date_gmt":"2023-07-24T20:51:44","guid":{"rendered":"https:\/\/conssanpaolo.esteri.it\/servizi-consolari-e-visti\/servizi-per-il-cittadino-italiano\/altri-servizi\/tariffe-consolari\/"},"modified":"2026-04-07T12:00:25","modified_gmt":"2026-04-07T15:00:25","slug":"tariffe-consolari","status":"publish","type":"page","link":"https:\/\/conssanpaolo.esteri.it\/pt\/servizi-consolari-e-visti\/servizi-per-il-cittadino-italiano\/altri-servizi\/tariffe-consolari\/","title":{"rendered":"Tarifas Consulares"},"content":{"rendered":"<p><a href=\"https:\/\/conssanpaolo.esteri.it\/wp-content\/uploads\/2026\/04\/Tabella-diritti-Consolari-II-TRIM-2026.pdf\"><strong>Tabela das principais tarifas consulares em vigor a partir de 01 de abril de 2026<\/strong><\/a><\/p>\n<p>Informamos que o pagamento de taxas e tarifas consulares poder\u00e1 ser efetuado com cart\u00e3o de d\u00e9bito (bandeiras VISA e MASTERCARD) diretamente nos guich\u00eas do Consulado. A comiss\u00e3o banc\u00e1ria, a cargo do interessado, \u00e9 de 1,50%.<\/p>\n<p style=\"text-align: justify;\">Mais informa\u00e7\u00f5es: <a href=\"https:\/\/conssanpaolo.esteri.it\/wp-content\/uploads\/2026\/04\/Decreto-Cons-Tasso-di-Ragg-II-TRIM-2026.pdf\">Decreto Consular &#8211;\u00a0 Real \/l&#8217;Euro &#8211; II Trimestre a partir de 01 de abril de 2026<\/a><\/p>\n<hr \/>\n<p><a href=\"https:\/\/conssanpaolo.esteri.it\/pt\/servizi-consolari-e-visti\/servizi-per-il-cittadino-italiano\/altri-servizi\/tariffe-consolari\/tariffe-consolari-superate\/\"><span style=\"text-decoration: underline;\"><strong>Trimestres anteriores<\/strong><\/span><\/a><\/p>\n<p>&nbsp;<\/p>\n","protected":false},"excerpt":{"rendered":"Tabela das principais tarifas consulares em vigor a partir de 01 de abril de 2026 Informamos que o pagamento de taxas e tarifas consulares poder\u00e1 ser efetuado com cart\u00e3o de d\u00e9bito (bandeiras VISA e MASTERCARD) diretamente nos guich\u00eas do Consulado. A comiss\u00e3o banc\u00e1ria, a cargo do interessado, \u00e9 de 1,50%. Mais informa\u00e7\u00f5es: Decreto Consular &#8211;\u00a0 [&hellip;]","protected":false},"author":6,"featured_media":0,"parent":196,"menu_order":0,"comment_status":"closed","ping_status":"closed","template":"","meta":{"footnotes":""},"class_list":["post-1910","page","type-page","status-publish","hentry"],"_links":{"self":[{"href":"https:\/\/conssanpaolo.esteri.it\/pt\/wp-json\/wp\/v2\/pages\/1910","targetHints":{"allow":["GET"]}}],"collection":[{"href":"https:\/\/conssanpaolo.esteri.it\/pt\/wp-json\/wp\/v2\/pages"}],"about":[{"href":"https:\/\/conssanpaolo.esteri.it\/pt\/wp-json\/wp\/v2\/types\/page"}],"author":[{"embeddable":true,"href":"https:\/\/conssanpaolo.esteri.it\/pt\/wp-json\/wp\/v2\/users\/6"}],"replies":[{"embeddable":true,"href":"https:\/\/conssanpaolo.esteri.it\/pt\/wp-json\/wp\/v2\/comments?post=1910"}],"version-history":[{"count":7,"href":"https:\/\/conssanpaolo.esteri.it\/pt\/wp-json\/wp\/v2\/pages\/1910\/revisions"}],"predecessor-version":[{"id":10543,"href":"https:\/\/conssanpaolo.esteri.it\/pt\/wp-json\/wp\/v2\/pages\/1910\/revisions\/10543"}],"up":[{"embeddable":true,"href":"https:\/\/conssanpaolo.esteri.it\/pt\/wp-json\/wp\/v2\/pages\/196"}],"wp:attachment":[{"href":"https:\/\/conssanpaolo.esteri.it\/pt\/wp-json\/wp\/v2\/media?parent=1910"}],"curies":[{"name":"wp","href":"https:\/\/api.w.org\/{rel}","templated":true}]}}