{"id":191,"date":"2022-12-06T11:53:00","date_gmt":"2022-12-06T14:53:00","guid":{"rendered":"https:\/\/conssanpaolo.esteri.it\/servizi-consolari-e-visti\/servizi-per-il-cittadino-italiano\/servizi-notarili\/"},"modified":"2024-08-16T15:01:56","modified_gmt":"2024-08-16T18:01:56","slug":"servizi-notarili","status":"publish","type":"page","link":"https:\/\/conssanpaolo.esteri.it\/pt\/servizi-consolari-e-visti\/servizi-per-il-cittadino-italiano\/servizi-notarili\/","title":{"rendered":"Servi\u00e7os notariais"},"content":{"rendered":"<p>O Departamento Notarial \u00e9 competente pela prepara\u00e7\u00e3o de escrituras e autentica\u00e7\u00f5es, limitadas aos cidad\u00e3os italianos.<\/p>\n<p>Para obter os servi\u00e7os, marque um hor\u00e1rio escrevendo para o endere\u00e7o email <a href=\"mailto:notarile.sanpaolo@esteri.it\"><strong>notarile.sanpaolo@esteri.it<\/strong><\/a>\u00a0 \u00a0 antecipando uma minuta da escritura solicitada (em formato Word) com os seguintes dados<br \/>\n&#8211; Sobrenome e nome<br \/>\n&#8211; Local e data de nascimento<br \/>\n&#8211; Nacionalidade<br \/>\n&#8211; Resid\u00eancia<br \/>\n&#8211; Codice fiscale<br \/>\n&#8211; Estado civil<\/p>\n<p>O pagamento dos servi\u00e7os notariais ser\u00e1 feito por cart\u00e3o de d\u00e9bito no dia do agendamento.<\/p>\n","protected":false},"excerpt":{"rendered":"O Departamento Notarial \u00e9 competente pela prepara\u00e7\u00e3o de escrituras e autentica\u00e7\u00f5es, limitadas aos cidad\u00e3os italianos. Para obter os servi\u00e7os, marque um hor\u00e1rio escrevendo para o endere\u00e7o email notarile.sanpaolo@esteri.it\u00a0 \u00a0 antecipando uma minuta da escritura solicitada (em formato Word) com os seguintes dados &#8211; Sobrenome e nome &#8211; Local e data de nascimento &#8211; Nacionalidade &#8211; [&hellip;]","protected":false},"author":3,"featured_media":0,"parent":100,"menu_order":0,"comment_status":"closed","ping_status":"closed","template":"","meta":{"footnotes":""},"class_list":["post-191","page","type-page","status-publish","hentry"],"_links":{"self":[{"href":"https:\/\/conssanpaolo.esteri.it\/pt\/wp-json\/wp\/v2\/pages\/191","targetHints":{"allow":["GET"]}}],"collection":[{"href":"https:\/\/conssanpaolo.esteri.it\/pt\/wp-json\/wp\/v2\/pages"}],"about":[{"href":"https:\/\/conssanpaolo.esteri.it\/pt\/wp-json\/wp\/v2\/types\/page"}],"author":[{"embeddable":true,"href":"https:\/\/conssanpaolo.esteri.it\/pt\/wp-json\/wp\/v2\/users\/3"}],"replies":[{"embeddable":true,"href":"https:\/\/conssanpaolo.esteri.it\/pt\/wp-json\/wp\/v2\/comments?post=191"}],"version-history":[{"count":6,"href":"https:\/\/conssanpaolo.esteri.it\/pt\/wp-json\/wp\/v2\/pages\/191\/revisions"}],"predecessor-version":[{"id":5504,"href":"https:\/\/conssanpaolo.esteri.it\/pt\/wp-json\/wp\/v2\/pages\/191\/revisions\/5504"}],"up":[{"embeddable":true,"href":"https:\/\/conssanpaolo.esteri.it\/pt\/wp-json\/wp\/v2\/pages\/100"}],"wp:attachment":[{"href":"https:\/\/conssanpaolo.esteri.it\/pt\/wp-json\/wp\/v2\/media?parent=191"}],"curies":[{"name":"wp","href":"https:\/\/api.w.org\/{rel}","templated":true}]}}