{"id":188,"date":"2022-12-06T11:50:17","date_gmt":"2022-12-06T14:50:17","guid":{"rendered":"https:\/\/conssanpaolo.esteri.it\/servizi-consolari-e-visti\/servizi-per-il-cittadino-italiano\/stato-civile\/"},"modified":"2025-07-31T14:32:29","modified_gmt":"2025-07-31T17:32:29","slug":"stato-civile","status":"publish","type":"page","link":"https:\/\/conssanpaolo.esteri.it\/pt\/servizi-consolari-e-visti\/servizi-per-il-cittadino-italiano\/stato-civile\/","title":{"rendered":"Registro Civil"},"content":{"rendered":"<p><a href=\"https:\/\/conssanpaolo.esteri.it\/pt\/servizi-consolari-e-visti\/servizi-per-il-cittadino-italiano\/stato-civile\/informacoes-importantes-ler-atentamente-antes-de-enviar-documentos\/\"><strong>INFORMA\u00c7\u00d5ES IMPORTANTES \u2013 LER ATENTAMENTE ANTES DE ENVIAR DOCUMENTOS<\/strong><\/a><\/p>\n<p style=\"text-align: justify;\"><a href=\"https:\/\/conssanpaolo.esteri.it\/pt\/servizi-consolari-e-visti\/servizi-per-il-cittadino-italiano\/stato-civile\/tramitacao-e-duracao-do-processo-de-atualizacao\/\"><strong>Tramita\u00e7\u00e3o e dura\u00e7\u00e3o do processo de atualiza\u00e7\u00e3o<\/strong><\/a><\/p>\n<hr \/>\n<p style=\"text-align: justify;\">Os <strong>cidad\u00e3os italianos<\/strong> s\u00e3o obrigados por lei a declarar <strong>todas as mudan\u00e7as de estado civil<\/strong> que possam ocorrer durante o per\u00edodo de perman\u00eancia no exterior.<\/p>\n<p style=\"text-align: justify;\">Quem <strong>reside nesta circunscri\u00e7\u00e3o consular<\/strong>\u00a0(estados de SP, MT, MS, AC e RO) e \u00e9 <strong>regularmente registrado no AIRE<\/strong>, <strong>deve <u>enviar pelos Correios com A\/R<\/u><\/strong> ao <strong>endere\u00e7o<\/strong> <em>A\/C Ufficio Stato Civile, Consolato Generale d\u2019Italia in San Paolo, Avenida Paulista 1963, 01311-300 Sao Paulo (SP)<\/em> <u>as <strong>certid\u00f5es de Registro Civil<\/strong><\/u> (nascimento, matrim\u00f4nio, div\u00f3rcio, \u00f3bito, etc.) <strong><u>seguindo atentamente as instru\u00e7\u00f5es espec\u00edficas para cada tipo de certid\u00e3o<\/u><\/strong>:<strong>\u00a0<\/strong><\/p>\n<ul style=\"text-align: justify;\">\n<li style=\"list-style-type: none;\">\n<ul style=\"text-align: justify;\">\n<li><a href=\"https:\/\/conssanpaolo.esteri.it\/pt\/servizi-consolari-e-visti\/servizi-per-il-cittadino-italiano\/stato-civile\/nascite-stato-civile\/\"><strong> Nascimento<\/strong><\/a><\/li>\n<li><a href=\"https:\/\/conssanpaolo.esteri.it\/pt\/servizi-consolari-e-visti\/servizi-per-il-cittadino-italiano\/stato-civile\/matrimonio\/\"><strong> Casamento <\/strong><\/a><\/li>\n<li><a href=\"https:\/\/conssanpaolo.esteri.it\/pt\/servizi-consolari-e-visti\/servizi-per-il-cittadino-italiano\/stato-civile\/divorcio\/\"><strong> Divorcio<\/strong><\/a><\/li>\n<li><a href=\"https:\/\/conssanpaolo.esteri.it\/pt\/servizi-consolari-e-visti\/servizi-per-il-cittadino-italiano\/stato-civile\/morte\/\"><strong> \u00d3bito<\/strong><\/a><\/li>\n<li><a href=\"https:\/\/conssanpaolo.esteri.it\/pt\/servizi-consolari-e-visti\/servizi-per-il-cittadino-italiano\/stato-civile\/mudanca-de-nome-sobrenome-ou-genero\/\"><strong> Mudan\u00e7a de nome\/sobrenome\/g\u00eanero<\/strong><\/a><\/li>\n<\/ul>\n<\/li>\n<\/ul>\n<p>&nbsp;<\/p>\n<hr \/>\n<p><a href=\"https:\/\/conssanpaolo.esteri.it\/pt\/servizi-consolari-e-visti\/servizi-per-il-cittadino-italiano\/traduzione-e-legalizzazione-dei-documenti\/\"><strong>Apostile, tradu\u00e7\u00e3o juramentada e apresenta\u00e7\u00e3o de documentos<\/strong><\/a><\/p>\n<p style=\"text-align: justify;\"><a href=\"https:\/\/conssanpaolo.esteri.it\/pt\/servizi-consolari-e-visti\/servizi-per-il-cittadino-italiano\/stato-civile\/erros-frequentes\/\"><strong>Erros frequentes<\/strong><\/a><\/p>\n<p style=\"text-align: justify;\"><a href=\"https:\/\/conssanpaolo.esteri.it\/pt\/servizi-consolari-e-visti\/servizi-per-il-cittadino-italiano\/rilascio-certificati-consolari\/\"><strong>Atestados de Registro Civil<\/strong><\/a><\/p>\n<p style=\"text-align: justify;\"><a href=\"https:\/\/conssanpaolo.esteri.it\/pt\/servizi-consolari-e-visti\/servizi-per-il-cittadino-italiano\/stato-civile\/informacoes-em-video\/\"><strong>Informa\u00e7\u00f5es em v\u00eddeo<\/strong><\/a><\/p>\n","protected":false},"excerpt":{"rendered":"INFORMA\u00c7\u00d5ES IMPORTANTES \u2013 LER ATENTAMENTE ANTES DE ENVIAR DOCUMENTOS Tramita\u00e7\u00e3o e dura\u00e7\u00e3o do processo de atualiza\u00e7\u00e3o Os cidad\u00e3os italianos s\u00e3o obrigados por lei a declarar todas as mudan\u00e7as de estado civil que possam ocorrer durante o per\u00edodo de perman\u00eancia no exterior. Quem reside nesta circunscri\u00e7\u00e3o consular\u00a0(estados de SP, MT, MS, AC e RO) e \u00e9 [&hellip;]","protected":false},"author":3,"featured_media":0,"parent":100,"menu_order":0,"comment_status":"closed","ping_status":"closed","template":"","meta":{"footnotes":""},"class_list":["post-188","page","type-page","status-publish","hentry"],"_links":{"self":[{"href":"https:\/\/conssanpaolo.esteri.it\/pt\/wp-json\/wp\/v2\/pages\/188","targetHints":{"allow":["GET"]}}],"collection":[{"href":"https:\/\/conssanpaolo.esteri.it\/pt\/wp-json\/wp\/v2\/pages"}],"about":[{"href":"https:\/\/conssanpaolo.esteri.it\/pt\/wp-json\/wp\/v2\/types\/page"}],"author":[{"embeddable":true,"href":"https:\/\/conssanpaolo.esteri.it\/pt\/wp-json\/wp\/v2\/users\/3"}],"replies":[{"embeddable":true,"href":"https:\/\/conssanpaolo.esteri.it\/pt\/wp-json\/wp\/v2\/comments?post=188"}],"version-history":[{"count":7,"href":"https:\/\/conssanpaolo.esteri.it\/pt\/wp-json\/wp\/v2\/pages\/188\/revisions"}],"predecessor-version":[{"id":8641,"href":"https:\/\/conssanpaolo.esteri.it\/pt\/wp-json\/wp\/v2\/pages\/188\/revisions\/8641"}],"up":[{"embeddable":true,"href":"https:\/\/conssanpaolo.esteri.it\/pt\/wp-json\/wp\/v2\/pages\/100"}],"wp:attachment":[{"href":"https:\/\/conssanpaolo.esteri.it\/pt\/wp-json\/wp\/v2\/media?parent=188"}],"curies":[{"name":"wp","href":"https:\/\/api.w.org\/{rel}","templated":true}]}}