{"id":187,"date":"2022-12-06T11:45:59","date_gmt":"2022-12-06T14:45:59","guid":{"rendered":"https:\/\/conssanpaolo.esteri.it\/servizi-consolari-e-visti\/servizi-per-il-cittadino-italiano\/anagrafe-degli-italiani-residenti-allestero-aire\/"},"modified":"2023-12-05T12:01:54","modified_gmt":"2023-12-05T15:01:54","slug":"anagrafe-degli-italiani-residenti-allestero-aire","status":"publish","type":"page","link":"https:\/\/conssanpaolo.esteri.it\/pt\/servizi-consolari-e-visti\/servizi-per-il-cittadino-italiano\/anagrafe-degli-italiani-residenti-allestero-aire\/","title":{"rendered":"Registro de italianos residentes no exterior (AIRE)"},"content":{"rendered":"<p><strong>Cadastro dos Italianos Residentes no Exterior &#8211; A.I.R.E<\/strong><\/p>\n<p>O Setor \u201cAnagrafe Consolare\u201d (Cadastro Consular) trata da atualiza\u00e7\u00e3o de dados de todos os cidad\u00e3os italianos residentes nesta circunscri\u00e7\u00e3o consular (estados de SP, MT, MS, AC e RO).<\/p>\n<p>Os cidad\u00e3os italianos no exterior que transferem a pr\u00f3pria resid\u00eancia por um per\u00edodo superior a 12 meses t\u00eam o dever de informar o Consulado competente territorialmente pelo novo local de resid\u00eancia, em at\u00e9 90 dias da chegada no novo pa\u00eds\/circunscri\u00e7\u00e3o, para ser atualizado tanto o cadastro consular, como o cadastro (anagrafe) do Comune italiano de refer\u00eancia. A solicita\u00e7\u00e3o deve ser encaminhada pelo Portal FAST IT para que o cidad\u00e3o esteja em dia com seus deveres.<\/p>\n<p>Todos os cidad\u00e3os italianos, mesmo que nascidos no exterior, devem ser registrados no cart\u00f3rio de um munic\u00edpio italiano (Cadastro AIRE &#8211; Registro dos Italianos Residentes no Exterior), para poder usufruir dos servi\u00e7os consulares (por exemplo, passaporte) e exercer o direito de voto (Lei n.\u00ba 470 de 27 de outubro de 1988).<\/p>\n<p>&nbsp;<\/p>\n<p><strong>QUEM FAZ O CADASTRO A.I.R.E. ?\u00a0<\/strong><\/p>\n<p><strong>Se sua cidadania italiana foi reconhecida por este Consulado Geral<\/strong>\u00a0o pedido para que voc\u00ea seja inscrito no A.I.R.E j\u00e1 foi encaminhado, de of\u00edcio, com a documenta\u00e7\u00e3o concernente o reconhecimento de sua cidadania, ao competente munic\u00edpio italiano. Neste caso, ser\u00e1 necess\u00e1rio criar uma account no <a href=\"https:\/\/serviziconsolari.esteri.it\/ScoFE\/index.sco\">portal FAST IT<\/a> para visualizar sua ficha cadastral em nosso consulado. Para instru\u00e7\u00f5es sobre o procedimento\u00a0<a href=\"https:\/\/conssanpaolo.esteri.it\/it\/servizi-consolari-e-visti\/servizi-per-il-cittadino-italiano\/anagrafe-degli-italiani-residenti-allestero-aire\/associazione\/\"><strong>clique aqui<\/strong><\/a>.<\/p>\n<p><strong>NOTA: A FALTA DE ATUALIZA\u00c7\u00c3O das informa\u00e7\u00f5es, em especial as relativas \u00e0 mudan\u00e7a de endere\u00e7o, ocasiona atraso no eventual requerimento de seu PASSAPORTE ou de naturaliza\u00e7\u00e3o italiana do c\u00f4njuge estrangeiro.<\/strong><\/p>\n<p align=\"center\"><a name=\"istruzionifastit\"><\/a><br \/>\n<strong>INSTRU\u00c7\u00d5ES PR\u00c1TICAS PARA O USO DO PORTAL &#8220;FAST IT&#8221;<\/strong><\/p>\n<p align=\"left\"><strong>Para instru\u00e7\u00f5es sobre como criar uma conta no portal institucional FAST IT\u00a0<a href=\"https:\/\/conssanpaolo.esteri.it\/it\/servizi-consolari-e-visti\/servizi-per-il-cittadino-italiano\/anagrafe-degli-italiani-residenti-allestero-aire\/como-criar-sua-conta-no-portal-fast-it\/\">clique aqui<\/a>.<\/strong><\/p>\n<p align=\"left\"><strong>ATEN\u00c7\u00c3O!\u00a0<\/strong><strong>As instru\u00e7\u00f5es s\u00e3o diferentes segundo a tipologia do usu\u00e1rio<\/strong>. Para correto uso do portal FAST IT \u00e9 imprescind\u00edvel identificar se voc\u00ea se enquadra na categoria &#8220;<em>primeiro cadastro<\/em>&#8221; ou\u00a0a &#8220;<em>comunicar varia\u00e7\u00e3o de resid\u00eancia<\/em>&#8220;.<\/p>\n<p align=\"left\">Em caso de d\u00favida pedimos que leia com aten\u00e7\u00e3o nossa sess\u00e3o &#8220;<a href=\"https:\/\/conssanpaolo.esteri.it\/it\/servizi-consolari-e-visti\/servizi-per-il-cittadino-italiano\/anagrafe-degli-italiani-residenti-allestero-aire\/dubbi-ed-errori-frequenti\/\"><strong>D\u00favidas e erros frequentes<\/strong><\/a>&#8220;.<\/p>\n<p><a title=\"Clicar para visualizar as instru\u00e7\u00f5es de PRIMEIRO CADASTRO\" href=\"https:\/\/conssanpaolo.esteri.it\/pt\/servizi-consolari-e-visti\/servizi-per-il-cittadino-italiano\/anagrafe-degli-italiani-residenti-allestero-aire\/prima-iscrizione-a-i-r-e-presso-questo-consolato\/\" target=\"_self\" rel=\"noopener\"><strong>PRIMEIRO CADASTRO NO REGISTRO CONSULAR DESTE CONSULADO-GERAL DE S\u00c3O PAULO<br \/>\n<\/strong><\/a><\/p>\n<p><a href=\"https:\/\/conssanpaolo.esteri.it\/pt\/servizi-consolari-e-visti\/servizi-per-il-cittadino-italiano\/anagrafe-degli-italiani-residenti-allestero-aire\/aggiornamento-indirizzo\/\"><strong>COMUNICAR VARIA\u00c7\u00c3O DE ENDERE\u00c7O<\/strong><\/a><br \/>\n<strong>Somente para altera\u00e7\u00e3o de endere\u00e7o de quem j\u00e1 possui seu nome registrado em nosso banco de dados (anagrafe consolare).<\/strong><\/p>\n<p>&nbsp;<\/p>\n<hr \/>\n<p><strong><br \/>\nAtualiza\u00e7\u00f5es relacionadas a situa\u00e7\u00e3o do ESTADO CIVIL (casamento, nascimento de filhos menores, div\u00f3rcio, morte de c\u00f4njuge\/parente\/familiar) devem ser comunicadas de acordo com as disposi\u00e7\u00f5es indicadas na se\u00e7\u00e3o\u00a0<a title=\"Clique para acessar a se\u00e7\u00e3o REGISTRO CIVIL\" href=\"https:\/\/conssanpaolo.esteri.it\/it\/servizi-consolari-e-visti\/servizi-per-il-cittadino-italiano\/stato-civile\/\">REGISTRO CIVIL<\/a>\u00a0(e N\u00c3O Anagrafe).<\/strong><\/p>\n<p><strong>N\u00e3o \u00e9 poss\u00edvel atualizar o estado civil pelo portal FAST IT,\u00a0<\/strong>embora exista esta aba no portal (destinada apenas \u00e0s sedes cujos pa\u00edses emitem certid\u00f5es originais j\u00e1 em formato digital certificado).<\/p>\n<p>Para os pedidos de informa\u00e7\u00f5es enviados por e-mail &#8211;\u00a0<strong>sanpaolo.anagrafe1@esteri.it<\/strong>\u00a0&#8211; \u00e9 imprescind\u00edvel informar: nome completo, data e local de nascimento. Os pedidos sem essas informa\u00e7\u00f5es n\u00e3o poder\u00e3o ser respondidos.<\/p>\n<p>Este Consulado Geral poder\u00e1 responder somente \u00e0s mensagens enviadas <strong>apenas pelos diretos interessados<\/strong>\u00a0e cujo assunto n\u00e3o se encontre j\u00e1 explicado no site.\u00a0<a href=\"https:\/\/conssanpaolo.esteri.it\/it\/servizi-consolari-e-visti\/servizi-per-il-cittadino-italiano\/anagrafe-degli-italiani-residenti-allestero-aire\/dubbi-ed-errori-frequenti\/\">Clique aqui<\/a>\u00a0para acessar a se\u00e7\u00e3o de\u00a0D\u00favidas e erros frequentes.<\/p>\n<p>Conforme a Lei de 27 de outubro de 1988 n. 470, informamos que as solicita\u00e7\u00f5es ser\u00e3o processadas o mais breve poss\u00edvel, conforme a ordem de chegada e, de qualquer forma, <strong>dentro do prazo previsto por lei de 180 dias<\/strong>.<\/p>\n<hr \/>\n<p><strong>Refer\u00eancia<\/strong>:\u00a0<a href=\"https:\/\/www.esteri.it\/it\/servizi-consolari-e-visti\/italiani-all-estero\/aire_0\/\"><strong>Informa\u00e7\u00f5es do site do Minist\u00e9rio das Rela\u00e7\u00f5es Exteriores<\/strong><\/a><\/p>\n","protected":false},"excerpt":{"rendered":"Cadastro dos Italianos Residentes no Exterior &#8211; A.I.R.E O Setor \u201cAnagrafe Consolare\u201d (Cadastro Consular) trata da atualiza\u00e7\u00e3o de dados de todos os cidad\u00e3os italianos residentes nesta circunscri\u00e7\u00e3o consular (estados de SP, MT, MS, AC e RO). Os cidad\u00e3os italianos no exterior que transferem a pr\u00f3pria resid\u00eancia por um per\u00edodo superior a 12 meses t\u00eam o [&hellip;]","protected":false},"author":3,"featured_media":0,"parent":100,"menu_order":0,"comment_status":"closed","ping_status":"closed","template":"","meta":{"footnotes":""},"class_list":["post-187","page","type-page","status-publish","hentry"],"_links":{"self":[{"href":"https:\/\/conssanpaolo.esteri.it\/pt\/wp-json\/wp\/v2\/pages\/187","targetHints":{"allow":["GET"]}}],"collection":[{"href":"https:\/\/conssanpaolo.esteri.it\/pt\/wp-json\/wp\/v2\/pages"}],"about":[{"href":"https:\/\/conssanpaolo.esteri.it\/pt\/wp-json\/wp\/v2\/types\/page"}],"author":[{"embeddable":true,"href":"https:\/\/conssanpaolo.esteri.it\/pt\/wp-json\/wp\/v2\/users\/3"}],"replies":[{"embeddable":true,"href":"https:\/\/conssanpaolo.esteri.it\/pt\/wp-json\/wp\/v2\/comments?post=187"}],"version-history":[{"count":1,"href":"https:\/\/conssanpaolo.esteri.it\/pt\/wp-json\/wp\/v2\/pages\/187\/revisions"}],"predecessor-version":[{"id":3364,"href":"https:\/\/conssanpaolo.esteri.it\/pt\/wp-json\/wp\/v2\/pages\/187\/revisions\/3364"}],"up":[{"embeddable":true,"href":"https:\/\/conssanpaolo.esteri.it\/pt\/wp-json\/wp\/v2\/pages\/100"}],"wp:attachment":[{"href":"https:\/\/conssanpaolo.esteri.it\/pt\/wp-json\/wp\/v2\/media?parent=187"}],"curies":[{"name":"wp","href":"https:\/\/api.w.org\/{rel}","templated":true}]}}