{"id":185,"date":"2022-12-06T11:41:17","date_gmt":"2022-12-06T14:41:17","guid":{"rendered":"https:\/\/conssanpaolo.esteri.it\/servizi-consolari-e-visti\/servizi-per-il-cittadino-italiano\/passaporti-e-carte-didentita\/"},"modified":"2026-03-26T11:05:13","modified_gmt":"2026-03-26T14:05:13","slug":"passaporti","status":"publish","type":"page","link":"https:\/\/conssanpaolo.esteri.it\/pt\/servizi-consolari-e-visti\/servizi-per-il-cittadino-italiano\/passaporti\/","title":{"rendered":"Passaportes"},"content":{"rendered":"<blockquote class=\"wp-embedded-content\" data-secret=\"yPlUZoXkMX\"><p><a href=\"https:\/\/conssanpaolo.esteri.it\/pt\/news\/dal_consolato\/2025\/07\/8171\/\">Vagas para agendamento de passaporte disponibilizadas semanalmente<\/a><\/p><\/blockquote>\n<p><iframe loading=\"lazy\" class=\"wp-embedded-content\" sandbox=\"allow-scripts\" security=\"restricted\" style=\"position: absolute; visibility: hidden;\" title=\"&#8220;Vagas para agendamento de passaporte disponibilizadas semanalmente&#8221; &#8212; Consolato Generale d&#039;Italia San Paolo\" src=\"https:\/\/conssanpaolo.esteri.it\/pt\/news\/dal_consolato\/2025\/07\/8171\/embed\/#?secret=tibPZWZSMb#?secret=yPlUZoXkMX\" data-secret=\"yPlUZoXkMX\" width=\"600\" height=\"338\" frameborder=\"0\" marginwidth=\"0\" marginheight=\"0\" scrolling=\"no\"><\/iframe><\/p>\n<p><span style=\"color: #ff0000;\"><strong>LER ATENTAMENTE AS SEGUINTES INSTRU\u00c7\u00d5ES\u00a0ANTES\u00a0DE AGENDAR A EMISS\u00c3O DO PASSAPORTE<\/strong><\/span><\/p>\n<p style=\"text-align: justify;\">Para solicitar o passaporte neste Consulado Geral \u00e9 imprescind\u00edvel:<\/p>\n<ul style=\"text-align: justify;\">\n<li>ser cidad\u00e3o italiano (ou seja, j\u00e1 ter conclu\u00eddo o processo de reconhecimento da cidadania);<\/li>\n<li>estar regularmente inscrito neste Consulado Geral;<\/li>\n<li>estar com o cadastro, neste Consulado, atualizado (estado civil\/endere\u00e7o &#8211; \u00e9 necess\u00e1rio que toda e qualquer atualiza\u00e7\u00e3o tenha sido conclu\u00edda pelo respectivo departamento). Caso tenha solicitado a inscri\u00e7\u00e3o no AIRE e o <em>status<\/em> da solicita\u00e7\u00e3o seja &#8220;enviado ao competente comune&#8221; \u00e9 poss\u00edvel agendar passaporte, desde que n\u00e3o existam outras atualiza\u00e7\u00f5es a serem feitas. Caso sua cidadania tenha sido conclu\u00edda neste consulado e o status no portal FAST IT seja &#8220;n\u00e3o inscrito&#8221; \u00e9 poss\u00edvel solicitar passaporte. Para mais informa\u00e7\u00f5es <a href=\"https:\/\/conssanpaolo.esteri.it\/pt\/servizi-consolari-e-visti\/servizi-per-il-cittadino-italiano\/anagrafe-degli-italiani-residenti-allestero-aire\/dubbi-ed-errori-frequenti\/\">clicar aqui.<\/a><\/li>\n<\/ul>\n<p style=\"text-align: justify;\">Para verificar os dados cadastrados, todos os usu\u00e1rios s\u00e3o vivamente aconselhados a entrar no\u00a0<strong><a href=\"https:\/\/conssanpaolo.esteri.it\/pt\/servizi-consolari-e-visti\/servizi-per-il-cittadino-italiano\/anagrafe-degli-italiani-residenti-allestero-aire\/associazione\/\">Portal Institucional FAST IT<\/a>\u00a0<\/strong>e confirmar a conclus\u00e3o das atualiza\u00e7\u00f5es solicitadas.<\/p>\n<p style=\"text-align: justify;\">N\u00e3o h\u00e1 forma alternativa de agendamento.<\/p>\n<p><strong>Comprovadas urg\u00eancias s\u00e3o avaliadas conforme orienta\u00e7\u00f5es presentes <a href=\"https:\/\/conssanpaolo.esteri.it\/pt\/news\/dal_consolato\/2023\/07\/nuova-email-per-richieste-urgenti-passaporti\/\">AQUI<\/a>.<\/strong><\/p>\n<p>&nbsp;<\/p>\n<p style=\"text-align: justify;\"><strong><a href=\"https:\/\/conssanpaolo.esteri.it\/pt\/servizi-consolari-e-visti\/servizi-per-il-cittadino-italiano\/passaporti\/cittadini-italiani-residenti-in-mato-grosso-importante\/\">CIDAD\u00c3OS ITALIANOS RESIDENTES EM <span style=\"text-decoration: underline;\">MATO GROSSO<\/span> \u2013 IMPORTANTE<\/a><\/strong><\/p>\n<p style=\"text-align: justify;\"><strong><a href=\"https:\/\/conssanpaolo.esteri.it\/pt\/servizi-consolari-e-visti\/servizi-per-il-cittadino-italiano\/passaporti\/cittadini-italiani-residenti-in-rondonia-importante\/\">CIDAD\u00c3OS ITALIANOS RESIDENTES EM <span style=\"text-decoration: underline;\">ROND\u00d4NIA<\/span> \u2013 IMPORTANTE<\/a><br \/>\n<\/strong><\/p>\n<p style=\"text-align: justify;\"><strong><a href=\"https:\/\/conssanpaolo.esteri.it\/pt\/servizi-consolari-e-visti\/servizi-per-il-cittadino-italiano\/passaporti\/cittadini-italiani-residenti-nella-regione-amministrativa-di-ribeirao-preto\/\">CIDAD\u00c3OS ITALIANOS RESIDENTES NA REGI\u00c3O ADMINISTRATIVA DE RIBEIR\u00c3O PRETO \u2013 IMPORTANTE<\/a><br \/>\n<\/strong><\/p>\n<p>&nbsp;<\/p>\n<p style=\"text-align: justify;\"><strong>ATTO DI ASSENSO E AUTORIZA\u00c7\u00c3O DE VIAGEM<br \/>\n<\/strong>Para solicita\u00e7\u00f5es de &#8220;ATTO DI ASSENSO&#8221; em favor de filhos menores residentes em outra circunscri\u00e7\u00e3o ou para a emiss\u00e3o de autoriza\u00e7\u00f5es de viagem em favor de menores de 14 anos, o departamento receber\u00e1 apenas nos seguintes dias\/hor\u00e1rios:<br \/>\nDe ter\u00e7a a quinta-feira &#8211; das 09h00 \u00e0s 11h30.<\/p>\n<table class=\"table\">\n<tbody>\n<tr>\n<td>Para informa\u00e7\u00f5es sobre como fazer o agendamento e sobre quais documentos dever\u00e3o ser apresentados no dia agendado clicar nos seguintes links:<\/p>\n<p><a href=\"https:\/\/conssanpaolo.esteri.it\/pt\/servizi-consolari-e-visti\/servizi-per-il-cittadino-italiano\/passaporti\/modalita-di-prenotazione-tramite-il-portale-prenotmi\/\"><strong>1\u00ba PASSO &#8211; AGENDAMENTO\u00a0<\/strong><\/a><\/p>\n<p><a href=\"https:\/\/conssanpaolo.esteri.it\/pt\/servizi-consolari-e-visti\/servizi-per-il-cittadino-italiano\/passaporti-e-carte-didentita\/documentazione-da-presentare-nel-giorno-fissato\/\"><strong>2\u00ba PASSO \u2013 DOCUMENTA\u00c7\u00c3O A SER APRESENTADA NO DIA DO AGENDAMENTO<\/strong><\/a><\/td>\n<\/tr>\n<\/tbody>\n<\/table>\n<p><strong>PERGUNTAS FREQUENTES<\/strong><\/p>\n<ul>\n<li><a href=\"https:\/\/conssanpaolo.esteri.it\/pt\/servizi-consolari-e-visti\/servizi-per-il-cittadino-italiano\/passaporti\/qual-e-la-validita-del-passaporto-italiano-2\/\"><strong>Qual a validade do passaporte?<\/strong><\/a><\/li>\n<li><a href=\"https:\/\/conssanpaolo.esteri.it\/pt\/servizi-consolari-e-visti\/servizi-per-il-cittadino-italiano\/passaporti\/e-possibile-aggiungere-sul-passaporto-il-cognome-che-ho-adottato-in-brasile-dopo-il-mio-matrimonio\/\"><strong>Posso acrescentar em meu passaporte o sobrenome que adotei ap\u00f3s meu casamento?<\/strong><\/a><\/li>\n<li><a href=\"https:\/\/conssanpaolo.esteri.it\/pt\/servizi-consolari-e-visti\/servizi-per-il-cittadino-italiano\/passaporti\/autorizzazione-di-viaggio-per-minori-che-viaggiano-senza-entrambe-i-genitori\/\"><strong>Autoriza\u00e7\u00e3o de viagem para menores desacompanhados<\/strong><\/a><\/li>\n<li><strong><a href=\"https:\/\/conssanpaolo.esteri.it\/pt\/servizi-consolari-e-visti\/servizi-per-il-cittadino-italiano\/passaporti\/cosa-devo-fare-in-caso-di-perdita-o-furto-del-mio-passaporto-italiano\/\">O que fazer caso meu passaporte italiano seja roubado\/perdido?<\/a><\/strong><\/li>\n<li><a href=\"https:\/\/conssanpaolo.esteri.it\/pt\/servizi-consolari-e-visti\/servizi-per-il-cittadino-italiano\/passaporti\/quale-e-la-procedura-per-il-rinnovo-del-mio-passaporto-italiano\/\"><strong>Como fa\u00e7o a renova\u00e7\u00e3o de meu passaporte?<\/strong><\/a><\/li>\n<li><strong><a href=\"https:\/\/conssanpaolo.esteri.it\/pt\/servizi-consolari-e-visti\/servizi-per-il-cittadino-italiano\/passaporti\/quale-la-tassa-per-il-rilascio-di-un-nuovo-passaporto\/\">Quanto custa emitir um novo passaporte?<\/a><\/strong><\/li>\n<\/ul>\n<p>&nbsp;<\/p>\n","protected":false},"excerpt":{"rendered":"Vagas para agendamento de passaporte disponibilizadas semanalmente LER ATENTAMENTE AS SEGUINTES INSTRU\u00c7\u00d5ES\u00a0ANTES\u00a0DE AGENDAR A EMISS\u00c3O DO PASSAPORTE Para solicitar o passaporte neste Consulado Geral \u00e9 imprescind\u00edvel: ser cidad\u00e3o italiano (ou seja, j\u00e1 ter conclu\u00eddo o processo de reconhecimento da cidadania); estar regularmente inscrito neste Consulado Geral; estar com o cadastro, neste Consulado, atualizado (estado civil\/endere\u00e7o [&hellip;]","protected":false},"author":3,"featured_media":0,"parent":100,"menu_order":0,"comment_status":"closed","ping_status":"closed","template":"","meta":{"footnotes":""},"class_list":["post-185","page","type-page","status-publish","hentry"],"_links":{"self":[{"href":"https:\/\/conssanpaolo.esteri.it\/pt\/wp-json\/wp\/v2\/pages\/185","targetHints":{"allow":["GET"]}}],"collection":[{"href":"https:\/\/conssanpaolo.esteri.it\/pt\/wp-json\/wp\/v2\/pages"}],"about":[{"href":"https:\/\/conssanpaolo.esteri.it\/pt\/wp-json\/wp\/v2\/types\/page"}],"author":[{"embeddable":true,"href":"https:\/\/conssanpaolo.esteri.it\/pt\/wp-json\/wp\/v2\/users\/3"}],"replies":[{"embeddable":true,"href":"https:\/\/conssanpaolo.esteri.it\/pt\/wp-json\/wp\/v2\/comments?post=185"}],"version-history":[{"count":6,"href":"https:\/\/conssanpaolo.esteri.it\/pt\/wp-json\/wp\/v2\/pages\/185\/revisions"}],"predecessor-version":[{"id":10457,"href":"https:\/\/conssanpaolo.esteri.it\/pt\/wp-json\/wp\/v2\/pages\/185\/revisions\/10457"}],"up":[{"embeddable":true,"href":"https:\/\/conssanpaolo.esteri.it\/pt\/wp-json\/wp\/v2\/pages\/100"}],"wp:attachment":[{"href":"https:\/\/conssanpaolo.esteri.it\/pt\/wp-json\/wp\/v2\/media?parent=185"}],"curies":[{"name":"wp","href":"https:\/\/api.w.org\/{rel}","templated":true}]}}