{"id":1835,"date":"2023-07-21T19:11:48","date_gmt":"2023-07-21T22:11:48","guid":{"rendered":"https:\/\/conssanpaolo.esteri.it\/italia-e-brasile\/diplomazia-culturale\/estudo\/corsi-di-lingua\/"},"modified":"2025-06-10T09:33:08","modified_gmt":"2025-06-10T12:33:08","slug":"corsi-di-lingua","status":"publish","type":"page","link":"https:\/\/conssanpaolo.esteri.it\/pt\/italia-e-brasile\/diplomazia-culturale\/lingua-e-cultura-italiana\/corsi-di-lingua\/","title":{"rendered":"Cursos de l\u00edngua italiana"},"content":{"rendered":"<p>Cursos de l\u00edngua para adultos est\u00e3o dispon\u00edveis nas seguintes escolas:<\/p>\n<ul>\n<li><a href=\"https:\/\/www.puntoblinguas.com\/events-1\/cursos-extensivos-de-italiano-marco-junho-ou-agosto-novembro-aulas-de-1h30\">Istituto Italiano di Cultura di San Paolo<\/a><\/li>\n<li><a href=\"https:\/\/www.icib.org.br\/parcerias\/descontos\">ICIB<\/a><\/li>\n<li><a href=\"http:\/\/www.circoloitaliano.com.br\/\">Circolo Italiano<\/a><\/li>\n<li><a href=\"http:\/\/www.linguaitaliana.com.br\/\">Scuola Monte Bianco<\/a><\/li>\n<li><a href=\"https:\/\/aeda.com.br\/?page_id=20\">AEDA<\/a><\/li>\n<li><a href=\"http:\/\/www.escoladeitaliano.com.br\/\">Alian\u00e7a Cultural Italiana<\/a><\/li>\n<li><a href=\"http:\/\/www.accademiaitaliana.com.br\/\">Accademia Italiana Pellegrini<\/a><\/li>\n<li><a href=\"https:\/\/www.spazioitaliano.com.br\/\">Spazio Italiano<\/a><\/li>\n<li><a href=\"https:\/\/ccbi.com.br\/\">Centro Cultural Brasil It\u00e1lia <\/a><\/li>\n<\/ul>\n<p>&nbsp;<\/p>\n<p>Provas para a certifica\u00e7\u00e3o da l\u00edngua italiana:<\/p>\n<ul>\n<li><a href=\"https:\/\/certificazioneitaliano.uniroma3.it\/\">Esame Cert.it Universit\u00e0 Roma TRE<\/a><\/li>\n<li><a href=\"https:\/\/cils.unistrasi.it\/82\/364\/Le_date_degli_esami.htm\">Esame CILS Universit\u00e0 per Stranieri di Siena<\/a><\/li>\n<li><a href=\"https:\/\/plida.dante.global\/it\/esami-plida\">Esame PLIDA Societ\u00e0 Dante Alighieri<\/a><\/li>\n<li><a href=\"https:\/\/www.unistrapg.it\/it\/certificati-di-conoscenza-della-lingua-italiana\/celi-certificati-di-lingua-italiana\">Esame CELI Universit\u00e0 per Stranieri di Perugia<\/a><\/li>\n<li><a href=\"https:\/\/www.danteschool.com\/it\/corso-di-italiano-in-italia\/\">Esame CEFR Universit\u00e0 per Stranieri Dante Alighieri Reggio Calabria<\/a><\/li>\n<\/ul>\n","protected":false},"excerpt":{"rendered":"Cursos de l\u00edngua para adultos est\u00e3o dispon\u00edveis nas seguintes escolas: Istituto Italiano di Cultura di San Paolo ICIB Circolo Italiano Scuola Monte Bianco AEDA Alian\u00e7a Cultural Italiana Accademia Italiana Pellegrini Spazio Italiano Centro Cultural Brasil It\u00e1lia &nbsp; Provas para a certifica\u00e7\u00e3o da l\u00edngua italiana: Esame Cert.it Universit\u00e0 Roma TRE Esame CILS Universit\u00e0 per Stranieri di [&hellip;]","protected":false},"author":6,"featured_media":0,"parent":184,"menu_order":0,"comment_status":"closed","ping_status":"closed","template":"","meta":{"footnotes":""},"class_list":["post-1835","page","type-page","status-publish","hentry"],"_links":{"self":[{"href":"https:\/\/conssanpaolo.esteri.it\/pt\/wp-json\/wp\/v2\/pages\/1835","targetHints":{"allow":["GET"]}}],"collection":[{"href":"https:\/\/conssanpaolo.esteri.it\/pt\/wp-json\/wp\/v2\/pages"}],"about":[{"href":"https:\/\/conssanpaolo.esteri.it\/pt\/wp-json\/wp\/v2\/types\/page"}],"author":[{"embeddable":true,"href":"https:\/\/conssanpaolo.esteri.it\/pt\/wp-json\/wp\/v2\/users\/6"}],"replies":[{"embeddable":true,"href":"https:\/\/conssanpaolo.esteri.it\/pt\/wp-json\/wp\/v2\/comments?post=1835"}],"version-history":[{"count":3,"href":"https:\/\/conssanpaolo.esteri.it\/pt\/wp-json\/wp\/v2\/pages\/1835\/revisions"}],"predecessor-version":[{"id":7639,"href":"https:\/\/conssanpaolo.esteri.it\/pt\/wp-json\/wp\/v2\/pages\/1835\/revisions\/7639"}],"up":[{"embeddable":true,"href":"https:\/\/conssanpaolo.esteri.it\/pt\/wp-json\/wp\/v2\/pages\/184"}],"wp:attachment":[{"href":"https:\/\/conssanpaolo.esteri.it\/pt\/wp-json\/wp\/v2\/media?parent=1835"}],"curies":[{"name":"wp","href":"https:\/\/api.w.org\/{rel}","templated":true}]}}