{"id":183,"date":"2022-12-06T11:38:00","date_gmt":"2022-12-06T14:38:00","guid":{"rendered":"https:\/\/conssanpaolo.esteri.it\/italia-e-brasile\/diplomazia-culturale\/missioni-archeologiche\/"},"modified":"2025-08-05T12:49:14","modified_gmt":"2025-08-05T15:49:14","slug":"estudo","status":"publish","type":"page","link":"https:\/\/conssanpaolo.esteri.it\/pt\/italia-e-brasile\/diplomazia-culturale\/estudo\/","title":{"rendered":"Estudo"},"content":{"rendered":"<p><strong>SETOR ESCOLAR<\/strong><\/p>\n<p>Cuida da promo\u00e7\u00e3o da cultura italiana no sistema escolar e da coordena\u00e7\u00e3o dos cursos de l\u00edngua italiana nos estados de S\u00e3o Paulo, Curitiba e Porto Alegre.<\/p>\n<p>A Diretora Escolar, Prof.a Cristina Corradini, atende o p\u00fablico apenas com agendamento.<\/p>\n<p><strong>E-mail: <a href=\"mailto:consgensanpaolo.scolastico@esteri.it\">consgensanpaolo.scolastico@esteri.it<\/a><\/strong><\/p>\n<p>&nbsp;<\/p>\n<p><strong>Compet\u00eancias do Diretor Escolar:<\/strong><\/p>\n<p>I. Coordena\u00e7\u00e3o e promo\u00e7\u00e3o de cursos de italiano.<br \/>\nII. Assist\u00eancia no ensino da l\u00edngua e cultura italianas em escolas p\u00fablicas locais e p\u00fablicas.<br \/>\nIII. Reconhecimento, monitoramento e apoio \u00e0 a\u00e7\u00e3o educacional da escola italiana &#8220;Eugenio Montale&#8221; e da escola secund\u00e1ria italiana &#8220;Dante Alighieri&#8221;.<br \/>\nIV. Administra\u00e7\u00e3o do pessoal escolar designado pelo Minist\u00e9rio para a circunscri\u00e7\u00e3o de S\u00e3o Paulo.<br \/>\nV. Coordena\u00e7\u00e3o de atividades de treinamento para professores de l\u00edngua e cultura italiana.<br \/>\nVI. Promo\u00e7\u00e3o da cultura italiana nas escolas e universidades<\/p>\n<p><strong>LINKS \u00daTEIS<\/strong><\/p>\n<ul>\n<li><strong><a href=\"https:\/\/www.esteri.it\/mae\/it\/politica_estera\/cultura\/scuoleitalianeallestero\">Ministero degli Affari Esteri<\/a><\/strong><\/li>\n<li><a href=\"https:\/\/www.miur.gov.it\/web\/guest\/home\"><strong>Ministero dell&#8217;Istruzione, dell&#8217;Universit\u00e1 e della Ricerca<\/strong><\/a><\/li>\n<li><strong><a href=\"http:\/\/www.studiare-in-italia.it\/studentistranieri\/\">Studenti Stranieri<\/a><\/strong><\/li>\n<li><strong><a href=\"https:\/\/www.universitaly.it\/\">Universitaly<\/a><\/strong><\/li>\n<li><a href=\"http:\/\/www.scuoleditaliano.it\/\"><strong>Escolas de Italiano &#8211; Dante Alighieri<\/strong><\/a><\/li>\n<li><strong><a href=\"https:\/\/uni-italia.it\/\">Study in Italy &#8211; Uni-Italia<\/a><\/strong><\/li>\n<li><strong><a href=\"https:\/\/eduitalia.org\/wp-content\/guide\/Guida-Eduitalia-2025.pdf\">Guida Eduitalia-<em>Study in Italy &#8211; <\/em>2025<\/a><\/strong><\/li>\n<\/ul>\n","protected":false},"excerpt":{"rendered":"SETOR ESCOLAR Cuida da promo\u00e7\u00e3o da cultura italiana no sistema escolar e da coordena\u00e7\u00e3o dos cursos de l\u00edngua italiana nos estados de S\u00e3o Paulo, Curitiba e Porto Alegre. A Diretora Escolar, Prof.a Cristina Corradini, atende o p\u00fablico apenas com agendamento. E-mail: consgensanpaolo.scolastico@esteri.it &nbsp; Compet\u00eancias do Diretor Escolar: I. Coordena\u00e7\u00e3o e promo\u00e7\u00e3o de cursos de italiano. [&hellip;]","protected":false},"author":3,"featured_media":0,"parent":97,"menu_order":3,"comment_status":"closed","ping_status":"closed","template":"","meta":{"footnotes":""},"class_list":["post-183","page","type-page","status-publish","hentry"],"_links":{"self":[{"href":"https:\/\/conssanpaolo.esteri.it\/pt\/wp-json\/wp\/v2\/pages\/183","targetHints":{"allow":["GET"]}}],"collection":[{"href":"https:\/\/conssanpaolo.esteri.it\/pt\/wp-json\/wp\/v2\/pages"}],"about":[{"href":"https:\/\/conssanpaolo.esteri.it\/pt\/wp-json\/wp\/v2\/types\/page"}],"author":[{"embeddable":true,"href":"https:\/\/conssanpaolo.esteri.it\/pt\/wp-json\/wp\/v2\/users\/3"}],"replies":[{"embeddable":true,"href":"https:\/\/conssanpaolo.esteri.it\/pt\/wp-json\/wp\/v2\/comments?post=183"}],"version-history":[{"count":4,"href":"https:\/\/conssanpaolo.esteri.it\/pt\/wp-json\/wp\/v2\/pages\/183\/revisions"}],"predecessor-version":[{"id":8675,"href":"https:\/\/conssanpaolo.esteri.it\/pt\/wp-json\/wp\/v2\/pages\/183\/revisions\/8675"}],"up":[{"embeddable":true,"href":"https:\/\/conssanpaolo.esteri.it\/pt\/wp-json\/wp\/v2\/pages\/97"}],"wp:attachment":[{"href":"https:\/\/conssanpaolo.esteri.it\/pt\/wp-json\/wp\/v2\/media?parent=183"}],"curies":[{"name":"wp","href":"https:\/\/api.w.org\/{rel}","templated":true}]}}